{"id":54185,"date":"2023-08-14T09:42:28","date_gmt":"2023-08-14T07:42:28","guid":{"rendered":"https:\/\/www.luxor.cz\/blog\/produkt\/pismenka-a-cislice-pro-prvnacky\/"},"modified":"2023-08-14T09:42:29","modified_gmt":"2023-08-14T07:42:29","slug":"pismenka-a-cislice-pro-prvnacky","status":"publish","type":"product","link":"https:\/\/www.luxor.cz\/blog\/produkt\/pismenka-a-cislice-pro-prvnacky\/","title":{"rendered":"P\u00edsmenka a \u010d\u00edslice pro prv\u0148\u00e1\u010dky"},"content":{"rendered":"<p>Sada 8 list\u016f, na nich\u017e jsou p\u00edsmenka, slabiky a \u010d\u00edslice, kter\u00e9 si \u017e\u00e1ci rozst\u0159\u00edhaj\u00ed a n\u00e1sledn\u011b pou\u017e\u00edvaj\u00ed k n\u00e1cviku \u010dten\u00ed a po\u010d\u00edt\u00e1n\u00ed.<\/p>\n","protected":false},"excerpt":{"rendered":"<p>Sada 8 list\u016f, na nich\u017e jsou p\u00edsmenka, slabiky a \u010d\u00edslice, kter\u00e9 si \u017e\u00e1ci rozst\u0159\u00edhaj\u00ed a n\u00e1sledn\u011b pou\u017e\u00edvaj\u00ed k n\u00e1cviku \u010dten\u00ed a po\u010d\u00edt\u00e1n\u00ed.<\/p>\n","protected":false},"featured_media":0,"comment_status":"closed","ping_status":"open","template":"","meta":{"_acf_changed":false,"_monsterinsights_skip_tracking":false,"_monsterinsights_sitenote_active":false,"_monsterinsights_sitenote_note":"","_monsterinsights_sitenote_category":0,"_EventAllDay":false,"_EventTimezone":"","_EventStartDate":"","_EventEndDate":"","_EventStartDateUTC":"","_EventEndDateUTC":"","_EventShowMap":false,"_EventShowMapLink":false,"_EventURL":"","_EventCost":"","_EventCostDescription":"","_EventCurrencySymbol":"","_EventCurrencyCode":"","_EventCurrencyPosition":"","_EventDateTimeSeparator":"","_EventTimeRangeSeparator":"","_EventOrganizerID":[],"_EventVenueID":[],"_OrganizerEmail":"","_OrganizerPhone":"","_OrganizerWebsite":"","_VenueAddress":"","_VenueCity":"","_VenueCountry":"","_VenueProvince":"","_VenueState":"","_VenueZip":"","_VenuePhone":"","_VenueURL":"","_VenueStateProvince":"","_VenueLat":"","_VenueLng":"","_VenueShowMap":false,"_VenueShowMapLink":false,"twitterCardType":"","cardImageID":0,"cardImage":"","cardTitle":"","cardDesc":"","cardImageAlt":"","cardPlayer":"","cardPlayerWidth":0,"cardPlayerHeight":0,"cardPlayerStream":"","cardPlayerCodec":""},"product_cat":[],"product_tag":[],"class_list":["post-54185","product","type-product","status-publish","hentry"],"acf":{"description":"Sada 8 list\u016f, na nich\u017e jsou p\u00edsmenka, slabiky a \u010d\u00edslice, kter\u00e9 si \u017e\u00e1ci rozst\u0159\u00edhaj\u00ed a n\u00e1sledn\u011b pou\u017e\u00edvaj\u00ed k n\u00e1cviku \u010dten\u00ed a po\u010d\u00edt\u00e1n\u00ed.","item_id":"LX1538810","productname":"P\u00edsmenka a \u010d\u00edslice pro prv\u0148\u00e1\u010dky","product":"P\u00edsmenka a \u010d\u00edslice pro prv\u0148\u00e1\u010dky","url":"https:\/\/www.luxor.cz\/v\/1538810\/pismenka-a-cislice-pro-prvnacky","imgurl":"https:\/\/img.luxor.cz\/orig\/produkty\/8594031504368.jpg","price_vat":"70.00","margin":"","vat":"","paramname1":"","paramval1":"","paramname2":"","paramval2":"","paramname3":"","paramval3":"","paramname4":"","paramval4":"","paramname5":"","paramval5":"","paramname6":"","paramval6":"","paramname7":"","paramval7":"","paramname8":"","paramval8":"","paramname9":"","paramval9":"","paramname10":"","paramval10":"","ean":"8594031504368","manufacturer":"Fortuna","categorytext":""},"_links":{"self":[{"href":"https:\/\/www.luxor.cz\/blog\/wp-json\/wp\/v2\/product\/54185","targetHints":{"allow":["GET"]}}],"collection":[{"href":"https:\/\/www.luxor.cz\/blog\/wp-json\/wp\/v2\/product"}],"about":[{"href":"https:\/\/www.luxor.cz\/blog\/wp-json\/wp\/v2\/types\/product"}],"replies":[{"embeddable":true,"href":"https:\/\/www.luxor.cz\/blog\/wp-json\/wp\/v2\/comments?post=54185"}],"wp:attachment":[{"href":"https:\/\/www.luxor.cz\/blog\/wp-json\/wp\/v2\/media?parent=54185"}],"wp:term":[{"taxonomy":"product_cat","embeddable":true,"href":"https:\/\/www.luxor.cz\/blog\/wp-json\/wp\/v2\/product_cat?post=54185"},{"taxonomy":"product_tag","embeddable":true,"href":"https:\/\/www.luxor.cz\/blog\/wp-json\/wp\/v2\/product_tag?post=54185"}],"curies":[{"name":"wp","href":"https:\/\/api.w.org\/{rel}","templated":true}]}}