{"id":53358,"date":"2023-08-14T09:39:23","date_gmt":"2023-08-14T07:39:23","guid":{"rendered":"https:\/\/www.luxor.cz\/blog\/produkt\/moje-prvni-cesko\/"},"modified":"2023-08-14T09:39:27","modified_gmt":"2023-08-14T07:39:27","slug":"moje-prvni-cesko","status":"publish","type":"product","link":"https:\/\/www.luxor.cz\/blog\/produkt\/moje-prvni-cesko\/","title":{"rendered":"Moje prvn\u00ed \u010cesko"},"content":{"rendered":"<p>Ot\u00e1zky a odpov\u011bdi<\/p>\n<p>Z\u00e1bavn\u00e1 hra pro zv\u00eddav\u00e9 d\u011bti &#8211; jak dob\u0159e vlastn\u011b zn\u00e1te svoji zemi a sv\u011bt, ve kter\u00e9m \u017eijete?<\/p>\n<p>Tato hra navazuje na velk\u00fd \u00fasp\u011bch hry \u010cesko JUNIOR: Ot\u00e1zky a odpov\u011bdi, kterou si mnoz\u00ed z v\u00e1s velmi obl\u00edbili. Vytvo\u0159ili jsme 2 000 nov\u00fdch ot\u00e1zek ve 2 \u00farovn\u00edch obt\u00ed\u017enosti, d\u00edky kter\u00fdm mohou hru hr\u00e1t nejen zku\u0161en\u00ed \u0161kol\u00e1ci, ale tentokr\u00e1t i prv\u0148\u00e1ci a p\u0159ed\u0161kol\u00e1ci. Ot\u00e1zky byly testov\u00e1ny na d\u011btech ze z\u00e1kladn\u00edch \u0161kol a t\u00fdkaj\u00ed se nejen \u010cesk\u00e9 republiky, ale vlastn\u011b cel\u00e9ho sv\u011bta, kter\u00fd d\u011bti ka\u017edodenn\u011b obklopuje. Ot\u00e1zky jsou rozd\u011bleny do 5 okruh\u016f: Kultura, Moje vlast, P\u0159\u00edroda, R\u00e9busy a R\u016fzn\u00e9. B\u011bhem hry si nejen u\u017eijete spoustu z\u00e1bavy, ale tak\u00e9 se dozv\u00edte mnoho zaj\u00edmav\u00fdch a u\u017eite\u010dn\u00fdch informac\u00ed. <\/p>\n<p>K tomu, abyste ve h\u0159e zv\u00edt\u011bzili, budete krom\u011b dobr\u00fdch znalost\u00ed pot\u0159ebovat i trochu \u0161t\u011bst\u00ed. Jednoduch\u00e1 pravidla umo\u017e\u0148uj\u00ed, aby se do hry rychle zapojil \u00fapln\u011b ka\u017ed\u00fd a cel\u00e1 rodina si tak u\u017eije spoustu spole\u010dn\u00e9 z\u00e1bavy.<\/p>\n<p>Od 5 let<br \/>\n45+ min<br \/>\n2 &#8211; 6 hr\u00e1\u010d\u016f<\/p>\n","protected":false},"excerpt":{"rendered":"<p>Ot\u00e1zky a odpov\u011bdi Z\u00e1bavn\u00e1 hra pro zv\u00eddav\u00e9 d\u011bti &#8211; jak dob\u0159e vlastn\u011b zn\u00e1te svoji zemi a sv\u011bt, ve kter\u00e9m \u017eijete? Tato hra navazuje na velk\u00fd \u00fasp\u011bch hry \u010cesko JUNIOR: Ot\u00e1zky [&hellip;]<\/p>\n","protected":false},"featured_media":0,"comment_status":"closed","ping_status":"open","template":"","meta":{"_acf_changed":false,"_monsterinsights_skip_tracking":false,"_monsterinsights_sitenote_active":false,"_monsterinsights_sitenote_note":"","_monsterinsights_sitenote_category":0,"_EventAllDay":false,"_EventTimezone":"","_EventStartDate":"","_EventEndDate":"","_EventStartDateUTC":"","_EventEndDateUTC":"","_EventShowMap":false,"_EventShowMapLink":false,"_EventURL":"","_EventCost":"","_EventCostDescription":"","_EventCurrencySymbol":"","_EventCurrencyCode":"","_EventCurrencyPosition":"","_EventDateTimeSeparator":"","_EventTimeRangeSeparator":"","_EventOrganizerID":[],"_EventVenueID":[],"_OrganizerEmail":"","_OrganizerPhone":"","_OrganizerWebsite":"","_VenueAddress":"","_VenueCity":"","_VenueCountry":"","_VenueProvince":"","_VenueState":"","_VenueZip":"","_VenuePhone":"","_VenueURL":"","_VenueStateProvince":"","_VenueLat":"","_VenueLng":"","_VenueShowMap":false,"_VenueShowMapLink":false,"twitterCardType":"","cardImageID":0,"cardImage":"","cardTitle":"","cardDesc":"","cardImageAlt":"","cardPlayer":"","cardPlayerWidth":0,"cardPlayerHeight":0,"cardPlayerStream":"","cardPlayerCodec":""},"product_cat":[],"product_tag":[],"class_list":["post-53358","product","type-product","status-publish","hentry"],"acf":{"description":"Ot\u00e1zky a odpov\u011bdi\n\nZ\u00e1bavn\u00e1 hra pro zv\u00eddav\u00e9 d\u011bti - jak dob\u0159e vlastn\u011b zn\u00e1te svoji zemi a sv\u011bt, ve kter\u00e9m \u017eijete?\n \nTato hra navazuje na velk\u00fd \u00fasp\u011bch hry \u010cesko JUNIOR: Ot\u00e1zky a odpov\u011bdi, kterou si mnoz\u00ed z v\u00e1s velmi obl\u00edbili. Vytvo\u0159ili jsme 2 000 nov\u00fdch ot\u00e1zek ve 2 \u00farovn\u00edch obt\u00ed\u017enosti, d\u00edky kter\u00fdm mohou hru hr\u00e1t nejen zku\u0161en\u00ed \u0161kol\u00e1ci, ale tentokr\u00e1t i prv\u0148\u00e1ci a p\u0159ed\u0161kol\u00e1ci. Ot\u00e1zky byly testov\u00e1ny na d\u011btech ze z\u00e1kladn\u00edch \u0161kol a t\u00fdkaj\u00ed se nejen \u010cesk\u00e9 republiky, ale vlastn\u011b cel\u00e9ho sv\u011bta, kter\u00fd d\u011bti ka\u017edodenn\u011b obklopuje. Ot\u00e1zky jsou rozd\u011bleny do 5 okruh\u016f: Kultura, Moje vlast, P\u0159\u00edroda, R\u00e9busy a R\u016fzn\u00e9. B\u011bhem hry si nejen u\u017eijete spoustu z\u00e1bavy, ale tak\u00e9 se dozv\u00edte mnoho zaj\u00edmav\u00fdch a u\u017eite\u010dn\u00fdch informac\u00ed. \n \nK tomu, abyste ve h\u0159e zv\u00edt\u011bzili, budete krom\u011b dobr\u00fdch znalost\u00ed pot\u0159ebovat i trochu \u0161t\u011bst\u00ed. Jednoduch\u00e1 pravidla umo\u017e\u0148uj\u00ed, aby se do hry rychle zapojil \u00fapln\u011b ka\u017ed\u00fd a cel\u00e1 rodina si tak u\u017eije spoustu spole\u010dn\u00e9 z\u00e1bavy.\n\nOd 5 let \n45+ min \n2 - 6 hr\u00e1\u010d\u016f","item_id":"LX1533181","productname":"Moje prvn\u00ed \u010cesko","product":"Moje prvn\u00ed \u010cesko","url":"https:\/\/www.luxor.cz\/v\/1533181\/moje-prvni-cesko-kvizova-hra","imgurl":"https:\/\/img.luxor.cz\/orig\/produkty\/8590228011770.jpg","price_vat":"626.00","margin":"","vat":"","paramname1":"","paramval1":"","paramname2":"","paramval2":"","paramname3":"","paramval3":"","paramname4":"","paramval4":"","paramname5":"","paramval5":"","paramname6":"","paramval6":"","paramname7":"","paramval7":"","paramname8":"","paramval8":"","paramname9":"","paramval9":"","paramname10":"","paramval10":"","ean":"8590228011770","manufacturer":"Albi","categorytext":""},"_links":{"self":[{"href":"https:\/\/www.luxor.cz\/blog\/wp-json\/wp\/v2\/product\/53358","targetHints":{"allow":["GET"]}}],"collection":[{"href":"https:\/\/www.luxor.cz\/blog\/wp-json\/wp\/v2\/product"}],"about":[{"href":"https:\/\/www.luxor.cz\/blog\/wp-json\/wp\/v2\/types\/product"}],"replies":[{"embeddable":true,"href":"https:\/\/www.luxor.cz\/blog\/wp-json\/wp\/v2\/comments?post=53358"}],"wp:attachment":[{"href":"https:\/\/www.luxor.cz\/blog\/wp-json\/wp\/v2\/media?parent=53358"}],"wp:term":[{"taxonomy":"product_cat","embeddable":true,"href":"https:\/\/www.luxor.cz\/blog\/wp-json\/wp\/v2\/product_cat?post=53358"},{"taxonomy":"product_tag","embeddable":true,"href":"https:\/\/www.luxor.cz\/blog\/wp-json\/wp\/v2\/product_tag?post=53358"}],"curies":[{"name":"wp","href":"https:\/\/api.w.org\/{rel}","templated":true}]}}