{"id":52809,"date":"2023-08-14T09:37:24","date_gmt":"2023-08-14T07:37:24","guid":{"rendered":"https:\/\/www.luxor.cz\/blog\/produkt\/zvonici-cedry-ruska\/"},"modified":"2023-08-14T09:37:26","modified_gmt":"2023-08-14T07:37:26","slug":"zvonici-cedry-ruska","status":"publish","type":"product","link":"https:\/\/www.luxor.cz\/blog\/produkt\/zvonici-cedry-ruska\/","title":{"rendered":"Zvon\u00edc\u00ed cedry Ruska"},"content":{"rendered":"<p>V druh\u00e9m d\u00edlu autor popisuje ud\u00e1losti, kter\u00e9 se odehr\u00e1ly po jeho n\u00e1vratu z tajgy. Nechyb\u00ed zde ani Anastasiina vypr\u00e1v\u011bn\u00ed o l\u00e9\u010den\u00ed a p\u0159\u00ed\u010din\u00e1ch lidsk\u00fdch neduh\u016f. Mimo jin\u00e9 V. Megre zve\u0159ej\u0148uje informaci o unik\u00e1tn\u00edch svatyn\u00edch, je\u017e maj\u00ed v\u011bt\u0161\u00ed energetickou s\u00edlu ne\u017e egyptsk\u00e9 pyramidy.<\/p>\n","protected":false},"excerpt":{"rendered":"<p>V druh\u00e9m d\u00edlu autor popisuje ud\u00e1losti, kter\u00e9 se odehr\u00e1ly po jeho n\u00e1vratu z tajgy. Nechyb\u00ed zde ani Anastasiina vypr\u00e1v\u011bn\u00ed o l\u00e9\u010den\u00ed a p\u0159\u00ed\u010din\u00e1ch lidsk\u00fdch neduh\u016f. Mimo jin\u00e9 V. Megre zve\u0159ej\u0148uje [&hellip;]<\/p>\n","protected":false},"featured_media":0,"comment_status":"closed","ping_status":"open","template":"","meta":{"_acf_changed":false,"_monsterinsights_skip_tracking":false,"_monsterinsights_sitenote_active":false,"_monsterinsights_sitenote_note":"","_monsterinsights_sitenote_category":0,"_EventAllDay":false,"_EventTimezone":"","_EventStartDate":"","_EventEndDate":"","_EventStartDateUTC":"","_EventEndDateUTC":"","_EventShowMap":false,"_EventShowMapLink":false,"_EventURL":"","_EventCost":"","_EventCostDescription":"","_EventCurrencySymbol":"","_EventCurrencyCode":"","_EventCurrencyPosition":"","_EventDateTimeSeparator":"","_EventTimeRangeSeparator":"","_EventOrganizerID":[],"_EventVenueID":[],"_OrganizerEmail":"","_OrganizerPhone":"","_OrganizerWebsite":"","_VenueAddress":"","_VenueCity":"","_VenueCountry":"","_VenueProvince":"","_VenueState":"","_VenueZip":"","_VenuePhone":"","_VenueURL":"","_VenueStateProvince":"","_VenueLat":"","_VenueLng":"","_VenueShowMap":false,"_VenueShowMapLink":false,"twitterCardType":"","cardImageID":0,"cardImage":"","cardTitle":"","cardDesc":"","cardImageAlt":"","cardPlayer":"","cardPlayerWidth":0,"cardPlayerHeight":0,"cardPlayerStream":"","cardPlayerCodec":""},"product_cat":[],"product_tag":[],"class_list":["post-52809","product","type-product","status-publish","hentry"],"acf":{"description":"V druh\u00e9m d\u00edlu autor popisuje ud\u00e1losti, kter\u00e9 se odehr\u00e1ly po jeho n\u00e1vratu z tajgy. Nechyb\u00ed zde ani Anastasiina vypr\u00e1v\u011bn\u00ed o l\u00e9\u010den\u00ed a p\u0159\u00ed\u010din\u00e1ch lidsk\u00fdch neduh\u016f. Mimo jin\u00e9 V. Megre zve\u0159ej\u0148uje informaci o unik\u00e1tn\u00edch svatyn\u00edch, je\u017e maj\u00ed v\u011bt\u0161\u00ed energetickou s\u00edlu ne\u017e egyptsk\u00e9 pyramidy.","item_id":"LX1515786","productname":"Zvon\u00edc\u00ed cedry Ruska","product":"Zvon\u00edc\u00ed cedry Ruska","url":"https:\/\/www.luxor.cz\/v\/1515786\/zvonici-cedry-ruska","imgurl":"https:\/\/img.luxor.cz\/orig\/produkty\/9788087454077.jpg","price_vat":"206.00","margin":"","vat":"","paramname1":"","paramval1":"","paramname2":"","paramval2":"","paramname3":"","paramval3":"","paramname4":"","paramval4":"","paramname5":"","paramval5":"","paramname6":"","paramval6":"","paramname7":"","paramval7":"","paramname8":"","paramval8":"","paramname9":"","paramval9":"","paramname10":"","paramval10":"","ean":"9788087454077","manufacturer":"Zvon\u00edc\u00ed cedry","categorytext":""},"_links":{"self":[{"href":"https:\/\/www.luxor.cz\/blog\/wp-json\/wp\/v2\/product\/52809","targetHints":{"allow":["GET"]}}],"collection":[{"href":"https:\/\/www.luxor.cz\/blog\/wp-json\/wp\/v2\/product"}],"about":[{"href":"https:\/\/www.luxor.cz\/blog\/wp-json\/wp\/v2\/types\/product"}],"replies":[{"embeddable":true,"href":"https:\/\/www.luxor.cz\/blog\/wp-json\/wp\/v2\/comments?post=52809"}],"wp:attachment":[{"href":"https:\/\/www.luxor.cz\/blog\/wp-json\/wp\/v2\/media?parent=52809"}],"wp:term":[{"taxonomy":"product_cat","embeddable":true,"href":"https:\/\/www.luxor.cz\/blog\/wp-json\/wp\/v2\/product_cat?post=52809"},{"taxonomy":"product_tag","embeddable":true,"href":"https:\/\/www.luxor.cz\/blog\/wp-json\/wp\/v2\/product_tag?post=52809"}],"curies":[{"name":"wp","href":"https:\/\/api.w.org\/{rel}","templated":true}]}}