{"id":52796,"date":"2023-08-14T09:37:20","date_gmt":"2023-08-14T07:37:20","guid":{"rendered":"https:\/\/www.luxor.cz\/blog\/produkt\/super-2-a2-ucebnice-a-pracovni-sesit-cd-zdarma\/"},"modified":"2023-08-14T09:37:23","modified_gmt":"2023-08-14T07:37:23","slug":"super-2-a2-ucebnice-a-pracovni-sesit-cd-zdarma","status":"publish","type":"product","link":"https:\/\/www.luxor.cz\/blog\/produkt\/super-2-a2-ucebnice-a-pracovni-sesit-cd-zdarma\/","title":{"rendered":"Super! 2\/A2: u\u010debnice a pracovn\u00ed se\u0161it + CD zdarma"},"content":{"rendered":"<p>U\u010debnice n\u011bm\u010diny\u00a0Super! A2\u00a0v\u010detn\u011b 1 vlo\u017een\u00e9ho audio-CD s poslechov\u00fdmi texty k \u010d\u00e1sti pracovn\u00ed se\u0161it je ur\u010den\u00e1 p\u0159edev\u0161\u00edm pro v\u00edcelet\u00e1 gymn\u00e1zia a pro st\u0159edn\u00ed \u0161koly. Ve t\u0159ech d\u00edlech vede u\u010debnice na znalostn\u00ed \u00farove\u0148 B1 (\u00farove\u0148 st\u00e1tn\u00ed maturity). U\u010debnice vych\u00e1z\u00ed z atraktivn\u00edch t\u00e9mat pro ml\u00e1de\u017e, systematicky p\u0159ipravuje na slo\u017een\u00ed st\u00e1tn\u00ed maturity. Na z\u00e1v\u011br lekce se nach\u00e1z\u00ed kontroln\u00ed blok cvi\u010den\u00ed a komunika\u010dn\u00edch prost\u0159edk\u016f. Ka\u017edou lekci zajimav\u011b dopl\u0148uj\u00ed projektov\u00e9 \u00fakoly zam\u011b\u0159en\u00e9 na \u010desk\u00e9, n\u011bmeck\u00e9 a rakousk\u00e9 re\u00e1lie. Za zm\u00ednku stoj\u00ed i samoevalua\u010dn str\u00e1nka &#8222;To u\u017e um\u00edm!&#8220; a testy v pracovn\u00edm se\u0161it\u011b.<\/p>\n","protected":false},"excerpt":{"rendered":"<p>U\u010debnice n\u011bm\u010diny\u00a0Super! A2\u00a0v\u010detn\u011b 1 vlo\u017een\u00e9ho audio-CD s poslechov\u00fdmi texty k \u010d\u00e1sti pracovn\u00ed se\u0161it je ur\u010den\u00e1 p\u0159edev\u0161\u00edm pro v\u00edcelet\u00e1 gymn\u00e1zia a pro st\u0159edn\u00ed \u0161koly. Ve t\u0159ech d\u00edlech vede u\u010debnice na znalostn\u00ed [&hellip;]<\/p>\n","protected":false},"featured_media":0,"comment_status":"closed","ping_status":"open","template":"","meta":{"_acf_changed":false,"_monsterinsights_skip_tracking":false,"_monsterinsights_sitenote_active":false,"_monsterinsights_sitenote_note":"","_monsterinsights_sitenote_category":0,"_EventAllDay":false,"_EventTimezone":"","_EventStartDate":"","_EventEndDate":"","_EventStartDateUTC":"","_EventEndDateUTC":"","_EventShowMap":false,"_EventShowMapLink":false,"_EventURL":"","_EventCost":"","_EventCostDescription":"","_EventCurrencySymbol":"","_EventCurrencyCode":"","_EventCurrencyPosition":"","_EventDateTimeSeparator":"","_EventTimeRangeSeparator":"","_EventOrganizerID":[],"_EventVenueID":[],"_OrganizerEmail":"","_OrganizerPhone":"","_OrganizerWebsite":"","_VenueAddress":"","_VenueCity":"","_VenueCountry":"","_VenueProvince":"","_VenueState":"","_VenueZip":"","_VenuePhone":"","_VenueURL":"","_VenueStateProvince":"","_VenueLat":"","_VenueLng":"","_VenueShowMap":false,"_VenueShowMapLink":false,"twitterCardType":"","cardImageID":0,"cardImage":"","cardTitle":"","cardDesc":"","cardImageAlt":"","cardPlayer":"","cardPlayerWidth":0,"cardPlayerHeight":0,"cardPlayerStream":"","cardPlayerCodec":""},"product_cat":[],"product_tag":[],"class_list":["post-52796","product","type-product","status-publish","hentry"],"acf":{"description":"U\u010debnice n\u011bm\u010diny\u00a0Super! A2\u00a0v\u010detn\u011b 1 vlo\u017een\u00e9ho audio-CD s poslechov\u00fdmi texty k \u010d\u00e1sti pracovn\u00ed se\u0161it je ur\u010den\u00e1 p\u0159edev\u0161\u00edm pro v\u00edcelet\u00e1 gymn\u00e1zia a pro st\u0159edn\u00ed \u0161koly. Ve t\u0159ech d\u00edlech vede u\u010debnice na znalostn\u00ed \u00farove\u0148 B1 (\u00farove\u0148 st\u00e1tn\u00ed maturity). U\u010debnice vych\u00e1z\u00ed z atraktivn\u00edch t\u00e9mat pro ml\u00e1de\u017e, systematicky p\u0159ipravuje na slo\u017een\u00ed st\u00e1tn\u00ed maturity. Na z\u00e1v\u011br lekce se nach\u00e1z\u00ed kontroln\u00ed blok cvi\u010den\u00ed a komunika\u010dn\u00edch prost\u0159edk\u016f. Ka\u017edou lekci zajimav\u011b dopl\u0148uj\u00ed projektov\u00e9 \u00fakoly zam\u011b\u0159en\u00e9 na \u010desk\u00e9, n\u011bmeck\u00e9 a rakousk\u00e9 re\u00e1lie. Za zm\u00ednku stoj\u00ed i samoevalua\u010dn str\u00e1nka \"To u\u017e um\u00edm!\" a testy v pracovn\u00edm se\u0161it\u011b.","item_id":"LX1525453","productname":"Super! 2\/A2: u\u010debnice a pracovn\u00ed se\u0161it + CD zdarma","product":"Super! 2\/A2: u\u010debnice a pracovn\u00ed se\u0161it + CD zdarma","url":"https:\/\/www.luxor.cz\/v\/1525453\/super-2-a2-ucebnice-a-pracovni-sesit-cd-zdarma","imgurl":"https:\/\/img.luxor.cz\/orig\/produkty\/9783190010646.jpg","price_vat":"539.00","margin":"","vat":"","paramname1":"","paramval1":"","paramname2":"","paramval2":"","paramname3":"","paramval3":"","paramname4":"","paramval4":"","paramname5":"","paramval5":"","paramname6":"","paramval6":"","paramname7":"","paramval7":"","paramname8":"","paramval8":"","paramname9":"","paramval9":"","paramname10":"","paramval10":"","ean":"9783190010646","manufacturer":"Hueber","categorytext":""},"_links":{"self":[{"href":"https:\/\/www.luxor.cz\/blog\/wp-json\/wp\/v2\/product\/52796","targetHints":{"allow":["GET"]}}],"collection":[{"href":"https:\/\/www.luxor.cz\/blog\/wp-json\/wp\/v2\/product"}],"about":[{"href":"https:\/\/www.luxor.cz\/blog\/wp-json\/wp\/v2\/types\/product"}],"replies":[{"embeddable":true,"href":"https:\/\/www.luxor.cz\/blog\/wp-json\/wp\/v2\/comments?post=52796"}],"wp:attachment":[{"href":"https:\/\/www.luxor.cz\/blog\/wp-json\/wp\/v2\/media?parent=52796"}],"wp:term":[{"taxonomy":"product_cat","embeddable":true,"href":"https:\/\/www.luxor.cz\/blog\/wp-json\/wp\/v2\/product_cat?post=52796"},{"taxonomy":"product_tag","embeddable":true,"href":"https:\/\/www.luxor.cz\/blog\/wp-json\/wp\/v2\/product_tag?post=52796"}],"curies":[{"name":"wp","href":"https:\/\/api.w.org\/{rel}","templated":true}]}}