{"id":50000,"date":"2023-08-14T09:27:04","date_gmt":"2023-08-14T07:27:04","guid":{"rendered":"https:\/\/www.luxor.cz\/blog\/produkt\/hospodareni-a-vedeni-ucetnictvi-prispevkovych-organizaci-v-ukazkach-a-prikladech\/"},"modified":"2023-08-14T09:27:04","modified_gmt":"2023-08-14T07:27:04","slug":"hospodareni-a-vedeni-ucetnictvi-prispevkovych-organizaci-v-ukazkach-a-prikladech","status":"publish","type":"product","link":"https:\/\/www.luxor.cz\/blog\/produkt\/hospodareni-a-vedeni-ucetnictvi-prispevkovych-organizaci-v-ukazkach-a-prikladech\/","title":{"rendered":"Hospoda\u0159en\u00ed a veden\u00ed \u00fa\u010detnictv\u00ed p\u0159\u00edsp\u011bvkov\u00fdch organizac\u00ed v uk\u00e1zk\u00e1ch a p\u0159\u00edkladech"},"content":{"rendered":"<p>Tato zcela nov\u00e1 publikace Jaroslavy Svobodov\u00e9 je zam\u011b\u0159ena na dv\u011b oblasti, a to 1. na hospoda\u0159en\u00ed p\u0159\u00edsp\u011bvkov\u00fdch organizac\u00ed rozli\u0161en\u00fdch na st\u00e1tn\u00ed p\u0159\u00edsp\u011bvkov\u00e9 organizace a p\u0159\u00edsp\u011bvkov\u00e9 organizace, jejich\u017e z\u0159izovatelem jsou \u00fazemn\u00ed samospr\u00e1vn\u00e9 celky a dobrovoln\u00e9 svazky obc\u00ed, a 2. na veden\u00ed \u00fa\u010detnictv\u00ed p\u0159\u00edsp\u011bvkov\u00fdch organizac\u00ed.<br \/>\nPodrobn\u011bji k obsahu jednotliv\u00fdch \u010d\u00e1st\u00ed publikace<br \/>\nV\u00fdklad v prvn\u00ed oblasti vych\u00e1z\u00ed z pr\u00e1vn\u00edch p\u0159edpis\u016f t\u00fdkaj\u00edc\u00edch se hospoda\u0159en\u00ed p\u0159\u00edsp\u011bvkov\u00fdch organizac\u00ed, tj. z\u00e1kona \u010d. 218\/2000 Sb. a z\u00e1kona \u010d. 250\/2000 Sb. V oblasti veden\u00ed \u00fa\u010detnictv\u00ed se autorka zam\u011b\u0159uje na v\u00fdklad \u00fa\u010detn\u00edch metod v\u010detn\u011b jednotliv\u00fdch uk\u00e1zek. Publikace obsahuje velk\u00e9 mno\u017estv\u00ed n\u00e1zorn\u00fdch p\u0159\u00edklad\u016f postup\u016f \u00fa\u010dtov\u00e1n\u00ed p\u0159\u00edsp\u011bvkov\u00fdch organizac\u00ed v souladu se z\u00e1konem \u010d. 563\/1991 Sb., o \u00fa\u010detnictv\u00ed, vyhl\u00e1\u0161kou \u010d. 410\/2009 Sb., vyhl\u00e1\u0161kou \u010d. 383\/2009 Sb., vyhl\u00e1\u0161kou \u010d. 270\/2010 Sb., vyhl\u00e1\u0161kou \u010d. 220\/2013 Sb. a \u010cesk\u00fdmi \u00fa\u010detn\u00edmi standardy \u010d. 701 a\u017e \u010d. 710. Nezbytn\u00e9 uk\u00e1zky se t\u00fdkaj\u00ed zejm\u00e9na \u00fa\u010detn\u00edch metod, tzn. zp\u016fsob\u016f oce\u0148ov\u00e1n\u00ed a jejich pou\u017eit\u00ed v\u010detn\u011b oce\u0148ov\u00e1n\u00ed souboru majetku, postup\u016f tvorby a pou\u017eit\u00ed opravn\u00fdch polo\u017eek, postup\u016f tvorby a pou\u017eit\u00ed rezerv, postup\u016f odpisov\u00e1n\u00ed dlouhodob\u00e9ho majetku a dal\u0161\u00edch.<br \/>\nPlatnost publikace<br \/>\nPlat\u00ed i pro rok 2022.<\/p>\n","protected":false},"excerpt":{"rendered":"<p>Tato zcela nov\u00e1 publikace Jaroslavy Svobodov\u00e9 je zam\u011b\u0159ena na dv\u011b oblasti, a to 1. na hospoda\u0159en\u00ed p\u0159\u00edsp\u011bvkov\u00fdch organizac\u00ed rozli\u0161en\u00fdch na st\u00e1tn\u00ed p\u0159\u00edsp\u011bvkov\u00e9 organizace a p\u0159\u00edsp\u011bvkov\u00e9 organizace, jejich\u017e z\u0159izovatelem jsou \u00fazemn\u00ed [&hellip;]<\/p>\n","protected":false},"featured_media":0,"comment_status":"closed","ping_status":"open","template":"","meta":{"_acf_changed":false,"_monsterinsights_skip_tracking":false,"_monsterinsights_sitenote_active":false,"_monsterinsights_sitenote_note":"","_monsterinsights_sitenote_category":0,"_EventAllDay":false,"_EventTimezone":"","_EventStartDate":"","_EventEndDate":"","_EventStartDateUTC":"","_EventEndDateUTC":"","_EventShowMap":false,"_EventShowMapLink":false,"_EventURL":"","_EventCost":"","_EventCostDescription":"","_EventCurrencySymbol":"","_EventCurrencyCode":"","_EventCurrencyPosition":"","_EventDateTimeSeparator":"","_EventTimeRangeSeparator":"","_EventOrganizerID":[],"_EventVenueID":[],"_OrganizerEmail":"","_OrganizerPhone":"","_OrganizerWebsite":"","_VenueAddress":"","_VenueCity":"","_VenueCountry":"","_VenueProvince":"","_VenueState":"","_VenueZip":"","_VenuePhone":"","_VenueURL":"","_VenueStateProvince":"","_VenueLat":"","_VenueLng":"","_VenueShowMap":false,"_VenueShowMapLink":false,"twitterCardType":"","cardImageID":0,"cardImage":"","cardTitle":"","cardDesc":"","cardImageAlt":"","cardPlayer":"","cardPlayerWidth":0,"cardPlayerHeight":0,"cardPlayerStream":"","cardPlayerCodec":""},"product_cat":[],"product_tag":[],"class_list":["post-50000","product","type-product","status-publish","hentry"],"acf":{"description":"Tato zcela nov\u00e1 publikace Jaroslavy Svobodov\u00e9 je zam\u011b\u0159ena na dv\u011b oblasti, a to 1. na hospoda\u0159en\u00ed p\u0159\u00edsp\u011bvkov\u00fdch organizac\u00ed rozli\u0161en\u00fdch na st\u00e1tn\u00ed p\u0159\u00edsp\u011bvkov\u00e9 organizace a p\u0159\u00edsp\u011bvkov\u00e9 organizace, jejich\u017e z\u0159izovatelem jsou \u00fazemn\u00ed samospr\u00e1vn\u00e9 celky a dobrovoln\u00e9 svazky obc\u00ed, a 2. na veden\u00ed \u00fa\u010detnictv\u00ed p\u0159\u00edsp\u011bvkov\u00fdch organizac\u00ed. \nPodrobn\u011bji k obsahu jednotliv\u00fdch \u010d\u00e1st\u00ed publikace\nV\u00fdklad v prvn\u00ed oblasti vych\u00e1z\u00ed z pr\u00e1vn\u00edch p\u0159edpis\u016f t\u00fdkaj\u00edc\u00edch se hospoda\u0159en\u00ed p\u0159\u00edsp\u011bvkov\u00fdch organizac\u00ed, tj. z\u00e1kona \u010d. 218\/2000 Sb. a z\u00e1kona \u010d. 250\/2000 Sb. V oblasti veden\u00ed \u00fa\u010detnictv\u00ed se autorka zam\u011b\u0159uje na v\u00fdklad \u00fa\u010detn\u00edch metod v\u010detn\u011b jednotliv\u00fdch uk\u00e1zek. Publikace obsahuje velk\u00e9 mno\u017estv\u00ed n\u00e1zorn\u00fdch p\u0159\u00edklad\u016f postup\u016f \u00fa\u010dtov\u00e1n\u00ed p\u0159\u00edsp\u011bvkov\u00fdch organizac\u00ed v souladu se z\u00e1konem \u010d. 563\/1991 Sb., o \u00fa\u010detnictv\u00ed, vyhl\u00e1\u0161kou \u010d. 410\/2009 Sb., vyhl\u00e1\u0161kou \u010d. 383\/2009 Sb., vyhl\u00e1\u0161kou \u010d. 270\/2010 Sb., vyhl\u00e1\u0161kou \u010d. 220\/2013 Sb. a \u010cesk\u00fdmi \u00fa\u010detn\u00edmi standardy \u010d. 701 a\u017e \u010d. 710. Nezbytn\u00e9 uk\u00e1zky se t\u00fdkaj\u00ed zejm\u00e9na \u00fa\u010detn\u00edch metod, tzn. zp\u016fsob\u016f oce\u0148ov\u00e1n\u00ed a jejich pou\u017eit\u00ed v\u010detn\u011b oce\u0148ov\u00e1n\u00ed souboru majetku, postup\u016f tvorby a pou\u017eit\u00ed opravn\u00fdch polo\u017eek, postup\u016f tvorby a pou\u017eit\u00ed rezerv, postup\u016f odpisov\u00e1n\u00ed dlouhodob\u00e9ho majetku a dal\u0161\u00edch.\nPlatnost publikace\nPlat\u00ed i pro rok 2022.","item_id":"LX1507094","productname":"Hospoda\u0159en\u00ed a veden\u00ed \u00fa\u010detnictv\u00ed p\u0159\u00edsp\u011bvkov\u00fdch organizac\u00ed v uk\u00e1zk\u00e1ch a p\u0159\u00edkladech","product":"Hospoda\u0159en\u00ed a veden\u00ed \u00fa\u010detnictv\u00ed p\u0159\u00edsp\u011bvkov\u00fdch organizac\u00ed v uk\u00e1zk\u00e1ch a p\u0159\u00edkladech","url":"https:\/\/www.luxor.cz\/v\/1507094\/hospodareni-a-vedeni-ucetnictvi-prispevkovych-organizaci-v-ukazkach-a-prikladech","imgurl":"https:\/\/img.luxor.cz\/orig\/produkty\/9788075543134.jpg","price_vat":"375.00","margin":"","vat":"","paramname1":"","paramval1":"","paramname2":"","paramval2":"","paramname3":"","paramval3":"","paramname4":"","paramval4":"","paramname5":"","paramval5":"","paramname6":"","paramval6":"","paramname7":"","paramval7":"","paramname8":"","paramval8":"","paramname9":"","paramval9":"","paramname10":"","paramval10":"","ean":"9788075543134","manufacturer":"Anag","categorytext":""},"_links":{"self":[{"href":"https:\/\/www.luxor.cz\/blog\/wp-json\/wp\/v2\/product\/50000","targetHints":{"allow":["GET"]}}],"collection":[{"href":"https:\/\/www.luxor.cz\/blog\/wp-json\/wp\/v2\/product"}],"about":[{"href":"https:\/\/www.luxor.cz\/blog\/wp-json\/wp\/v2\/types\/product"}],"replies":[{"embeddable":true,"href":"https:\/\/www.luxor.cz\/blog\/wp-json\/wp\/v2\/comments?post=50000"}],"wp:attachment":[{"href":"https:\/\/www.luxor.cz\/blog\/wp-json\/wp\/v2\/media?parent=50000"}],"wp:term":[{"taxonomy":"product_cat","embeddable":true,"href":"https:\/\/www.luxor.cz\/blog\/wp-json\/wp\/v2\/product_cat?post=50000"},{"taxonomy":"product_tag","embeddable":true,"href":"https:\/\/www.luxor.cz\/blog\/wp-json\/wp\/v2\/product_tag?post=50000"}],"curies":[{"name":"wp","href":"https:\/\/api.w.org\/{rel}","templated":true}]}}