{"id":49481,"date":"2023-08-14T09:25:08","date_gmt":"2023-08-14T07:25:08","guid":{"rendered":"https:\/\/www.luxor.cz\/blog\/produkt\/hravy-zemepis-9-ucebnice\/"},"modified":"2023-08-14T09:25:09","modified_gmt":"2023-08-14T07:25:09","slug":"hravy-zemepis-9-ucebnice","status":"publish","type":"product","link":"https:\/\/www.luxor.cz\/blog\/produkt\/hravy-zemepis-9-ucebnice\/","title":{"rendered":"Hrav\u00fd zem\u011bpis 9 &#8211; u\u010debnice"},"content":{"rendered":"<p>Posledn\u00ed d\u00edl z \u0159ady u\u010debnic zem\u011bpisu s podtitulem &#8211; Lid\u00e9 a hospod\u00e1\u0159stv\u00ed. Tato u\u010debnice, d\u00edky n\u00ed\u017e se m\u016f\u017eete detailn\u011bji sezn\u00e1mit s politicky\u00b4m zem\u011bpisem \u2013 od kolonizace sv\u011bta a\u017e po mezin\u00e1rodn\u00ed organizace \u2013 se krom\u011b jin\u00e9ho zam\u011b\u0159uje na obyvatelstvo Zem\u011b, jeho kulturu, s\u00eddla aj. V kapitole Sv\u011btov\u00e9 hospod\u00e1\u0159stv\u00ed se sezn\u00e1m\u00edte s jeho sektory, jednotliv\u00e9 podkapitoly se zam\u011b\u0159uj\u00ed na zem\u011bd\u011blstv\u00ed, pr\u016fmysl, dopravu, slu\u017eby a na jejich vz\u00e1jemn\u00e9 propojen\u00ed. Nechyb\u00ed ani u\u010divo zaby\u00b4vaj\u00edc\u00ed se problematikou \u017eivotn\u00edho prost\u0159ed\u00ed a jeho glob\u00e1ln\u00edch zm\u011bn.<\/p>\n<p>Jako bonus u\u010debnice obsahuje kreativn\u00ed projektov\u00e9 strany podporuj\u00edc\u00ed samostatnou i ty\u00b4movou pr\u00e1ci.<\/p>\n<p>Obsah:<br \/>\n&#8211; Opakov\u00e1n\u00ed u\u010diva 8. ro\u010dn\u00edku<br \/>\n&#8211; Politick\u00fd zem\u011bpis<br \/>\n&#8211; Obyvatelstvo sv\u011bta<br \/>\n&#8211; Sv\u011btov\u00e9 hospod\u00e1\u0159stv\u00ed<br \/>\n&#8211; Glob\u00e1ln\u00ed zm\u011bny a \u017eivotn\u00ed prost\u0159ed\u00ed<\/p>\n","protected":false},"excerpt":{"rendered":"<p>Posledn\u00ed d\u00edl z \u0159ady u\u010debnic zem\u011bpisu s podtitulem &#8211; Lid\u00e9 a hospod\u00e1\u0159stv\u00ed. Tato u\u010debnice, d\u00edky n\u00ed\u017e se m\u016f\u017eete detailn\u011bji sezn\u00e1mit s politicky\u00b4m zem\u011bpisem \u2013 od kolonizace sv\u011bta a\u017e po mezin\u00e1rodn\u00ed [&hellip;]<\/p>\n","protected":false},"featured_media":0,"comment_status":"closed","ping_status":"open","template":"","meta":{"_acf_changed":false,"_monsterinsights_skip_tracking":false,"_monsterinsights_sitenote_active":false,"_monsterinsights_sitenote_note":"","_monsterinsights_sitenote_category":0,"_EventAllDay":false,"_EventTimezone":"","_EventStartDate":"","_EventEndDate":"","_EventStartDateUTC":"","_EventEndDateUTC":"","_EventShowMap":false,"_EventShowMapLink":false,"_EventURL":"","_EventCost":"","_EventCostDescription":"","_EventCurrencySymbol":"","_EventCurrencyCode":"","_EventCurrencyPosition":"","_EventDateTimeSeparator":"","_EventTimeRangeSeparator":"","_EventOrganizerID":[],"_EventVenueID":[],"_OrganizerEmail":"","_OrganizerPhone":"","_OrganizerWebsite":"","_VenueAddress":"","_VenueCity":"","_VenueCountry":"","_VenueProvince":"","_VenueState":"","_VenueZip":"","_VenuePhone":"","_VenueURL":"","_VenueStateProvince":"","_VenueLat":"","_VenueLng":"","_VenueShowMap":false,"_VenueShowMapLink":false,"twitterCardType":"","cardImageID":0,"cardImage":"","cardTitle":"","cardDesc":"","cardImageAlt":"","cardPlayer":"","cardPlayerWidth":0,"cardPlayerHeight":0,"cardPlayerStream":"","cardPlayerCodec":""},"product_cat":[],"product_tag":[],"class_list":["post-49481","product","type-product","status-publish","hentry"],"acf":{"description":"Posledn\u00ed d\u00edl z \u0159ady u\u010debnic zem\u011bpisu s podtitulem - Lid\u00e9 a hospod\u00e1\u0159stv\u00ed. Tato u\u010debnice, d\u00edky n\u00ed\u017e se m\u016f\u017eete detailn\u011bji sezn\u00e1mit s politicky\u00b4m zem\u011bpisem \u2013 od kolonizace sv\u011bta a\u017e po mezin\u00e1rodn\u00ed organizace \u2013 se krom\u011b jin\u00e9ho zam\u011b\u0159uje na obyvatelstvo Zem\u011b, jeho kulturu, s\u00eddla aj. V kapitole Sv\u011btov\u00e9 hospod\u00e1\u0159stv\u00ed se sezn\u00e1m\u00edte s jeho sektory, jednotliv\u00e9 podkapitoly se zam\u011b\u0159uj\u00ed na zem\u011bd\u011blstv\u00ed, pr\u016fmysl, dopravu, slu\u017eby a na jejich vz\u00e1jemn\u00e9 propojen\u00ed. Nechyb\u00ed ani u\u010divo zaby\u00b4vaj\u00edc\u00ed se problematikou \u017eivotn\u00edho prost\u0159ed\u00ed a jeho glob\u00e1ln\u00edch zm\u011bn.\n\nJako bonus u\u010debnice obsahuje kreativn\u00ed projektov\u00e9 strany podporuj\u00edc\u00ed samostatnou i ty\u00b4movou pr\u00e1ci.\n\nObsah:\n- Opakov\u00e1n\u00ed u\u010diva 8. ro\u010dn\u00edku\n- Politick\u00fd zem\u011bpis\n- Obyvatelstvo sv\u011bta\n- Sv\u011btov\u00e9 hospod\u00e1\u0159stv\u00ed\n- Glob\u00e1ln\u00ed zm\u011bny a \u017eivotn\u00ed prost\u0159ed\u00ed","item_id":"LX1509300","productname":"Hrav\u00fd zem\u011bpis 9 - u\u010debnice","product":"Hrav\u00fd zem\u011bpis 9 - u\u010debnice","url":"https:\/\/www.luxor.cz\/v\/1509300\/hravy-zemepis-9-ucebnice","imgurl":"https:\/\/img.luxor.cz\/orig\/produkty\/9788075632876.jpg","price_vat":"201.00","margin":"","vat":"","paramname1":"","paramval1":"","paramname2":"","paramval2":"","paramname3":"","paramval3":"","paramname4":"","paramval4":"","paramname5":"","paramval5":"","paramname6":"","paramval6":"","paramname7":"","paramval7":"","paramname8":"","paramval8":"","paramname9":"","paramval9":"","paramname10":"","paramval10":"","ean":"9788075632876","manufacturer":"Taktik","categorytext":""},"_links":{"self":[{"href":"https:\/\/www.luxor.cz\/blog\/wp-json\/wp\/v2\/product\/49481","targetHints":{"allow":["GET"]}}],"collection":[{"href":"https:\/\/www.luxor.cz\/blog\/wp-json\/wp\/v2\/product"}],"about":[{"href":"https:\/\/www.luxor.cz\/blog\/wp-json\/wp\/v2\/types\/product"}],"replies":[{"embeddable":true,"href":"https:\/\/www.luxor.cz\/blog\/wp-json\/wp\/v2\/comments?post=49481"}],"wp:attachment":[{"href":"https:\/\/www.luxor.cz\/blog\/wp-json\/wp\/v2\/media?parent=49481"}],"wp:term":[{"taxonomy":"product_cat","embeddable":true,"href":"https:\/\/www.luxor.cz\/blog\/wp-json\/wp\/v2\/product_cat?post=49481"},{"taxonomy":"product_tag","embeddable":true,"href":"https:\/\/www.luxor.cz\/blog\/wp-json\/wp\/v2\/product_tag?post=49481"}],"curies":[{"name":"wp","href":"https:\/\/api.w.org\/{rel}","templated":true}]}}