{"id":48932,"date":"2023-08-14T09:23:08","date_gmt":"2023-08-14T07:23:08","guid":{"rendered":"https:\/\/www.luxor.cz\/blog\/produkt\/schizofrenie-jeji-priciny-a-lecba\/"},"modified":"2023-08-14T09:23:10","modified_gmt":"2023-08-14T07:23:10","slug":"schizofrenie-jeji-priciny-a-lecba","status":"publish","type":"product","link":"https:\/\/www.luxor.cz\/blog\/produkt\/schizofrenie-jeji-priciny-a-lecba\/","title":{"rendered":"Schizofrenie, jej\u00ed p\u0159\u00ed\u010diny a l\u00e9\u010dba"},"content":{"rendered":"<p>Schizofrenie je du\u0161evn\u00ed nemoc, se kterou si na\u0161i psychologov\u00e9 a psychiat\u0159i nev\u011bd\u00ed dost dob\u0159e rady. Jejich pot\u00ed\u017ee se jim sna\u017e\u00ed uleh\u010dovat r\u016fzn\u00fdmi farmaky, ale podstata nemoci a t\u00edm i zp\u016fsob l\u00e9\u010dby jim st\u00e1le z\u016fst\u00e1v\u00e1 utajen. V t\u00e9to mal\u00e9 kn\u00ed\u017ee\u010dce chci uk\u00e1zat na mo\u017enou p\u0159\u00ed\u010dinu nemoci, kter\u00e1 unik\u00e1 pozornosti, proto\u017ee sou\u010dasn\u00e1 medic\u00edna a psychologie (u n\u00e1s) v sou\u010dasn\u00e9 dob\u011b zaujaly k p\u0159edm\u011btu sv\u00e9ho z\u00e1jmu p\u0159\u00edsn\u011b materialistick\u00e9 stanovisko. To v praxi znamen\u00e1, \u017ee vych\u00e1zej\u00ed z p\u0159edpokladu, \u017ee v\u0161echny v\u011bci a jevy, se kter\u00fdmi p\u0159ich\u00e1z\u00edme v \u017eivot\u011b do kontaktu, tedy i nemoci, m\u00e1 sv\u016fj p\u016fvod ve hmot\u011b, proto\u017ee podle nich nic jin\u00e9ho na tomto sv\u011bt\u011b ve skute\u010dnosti neexistuje. Je to sice jen nedok\u00e1zan\u00fd p\u0159edpoklad, ale oni se j\u00edm \u0159\u00edd\u00ed.  Autor kn\u00ed\u017eka o schizofrenii ukazuje, \u017ee vych\u00e1z\u00edme-li z p\u0159edpokladu, \u017ee existuje tak\u00e9 duch (Definice ducha \u2013 viz A. Dragomireck\u00fd: Teorie osobnosti.), je mo\u017en\u00e9 naj\u00edt p\u0159\u00ed\u010dinu a l\u00e9\u010dit pak \u0159adu du\u0161evn\u00edch chorob, mezi nimi i zm\u00edn\u011bnou schizofrenii. Autor si to ov\u011b\u0159il nejen vlastn\u00ed zku\u0161enosti, ale ke stejn\u00fdm v\u00fdsledk\u016fm dosp\u011bli i jeho \u017e\u00e1ci, kter\u00e9 cel\u00fd postup nau\u010dil.  Z hlediska mnoha na\u0161ich sou\u010dasn\u00fdch v\u011bdeck\u00fdch pracovn\u00edk\u016f je to sice \u201enev\u011bdeck\u00fd p\u0159\u00edstup\u201c, ale nemocn\u00fdm pacient\u016fm je celkem lhostejn\u00e9, zda jim bylo pomo\u017eeno v\u011bdecky nebo nev\u011bdecky, pro n\u011b je hlavn\u00ed, \u017ee jsou pak zdrav\u00ed.  Autor tedy d\u00e1v\u00e1 na tomto p\u0159\u00edklad\u011b mnoha na\u0161im v\u011bdc\u016fm t\u00e9ma k \u00favah\u00e1m, co je vlastn\u011b spr\u00e1vn\u00e9 a pro\u010d.<\/p>\n","protected":false},"excerpt":{"rendered":"<p>Schizofrenie je du\u0161evn\u00ed nemoc, se kterou si na\u0161i psychologov\u00e9 a psychiat\u0159i nev\u011bd\u00ed dost dob\u0159e rady. Jejich pot\u00ed\u017ee se jim sna\u017e\u00ed uleh\u010dovat r\u016fzn\u00fdmi farmaky, ale podstata nemoci a t\u00edm i zp\u016fsob [&hellip;]<\/p>\n","protected":false},"featured_media":0,"comment_status":"closed","ping_status":"open","template":"","meta":{"_acf_changed":false,"_monsterinsights_skip_tracking":false,"_monsterinsights_sitenote_active":false,"_monsterinsights_sitenote_note":"","_monsterinsights_sitenote_category":0,"_EventAllDay":false,"_EventTimezone":"","_EventStartDate":"","_EventEndDate":"","_EventStartDateUTC":"","_EventEndDateUTC":"","_EventShowMap":false,"_EventShowMapLink":false,"_EventURL":"","_EventCost":"","_EventCostDescription":"","_EventCurrencySymbol":"","_EventCurrencyCode":"","_EventCurrencyPosition":"","_EventDateTimeSeparator":"","_EventTimeRangeSeparator":"","_EventOrganizerID":[],"_EventVenueID":[],"_OrganizerEmail":"","_OrganizerPhone":"","_OrganizerWebsite":"","_VenueAddress":"","_VenueCity":"","_VenueCountry":"","_VenueProvince":"","_VenueState":"","_VenueZip":"","_VenuePhone":"","_VenueURL":"","_VenueStateProvince":"","_VenueLat":"","_VenueLng":"","_VenueShowMap":false,"_VenueShowMapLink":false,"twitterCardType":"","cardImageID":0,"cardImage":"","cardTitle":"","cardDesc":"","cardImageAlt":"","cardPlayer":"","cardPlayerWidth":0,"cardPlayerHeight":0,"cardPlayerStream":"","cardPlayerCodec":""},"product_cat":[],"product_tag":[],"class_list":["post-48932","product","type-product","status-publish","hentry"],"acf":{"description":"Schizofrenie je du\u0161evn\u00ed nemoc, se kterou si na\u0161i psychologov\u00e9 a psychiat\u0159i nev\u011bd\u00ed dost dob\u0159e rady. Jejich pot\u00ed\u017ee se jim sna\u017e\u00ed uleh\u010dovat r\u016fzn\u00fdmi farmaky, ale podstata nemoci a t\u00edm i zp\u016fsob l\u00e9\u010dby jim st\u00e1le z\u016fst\u00e1v\u00e1 utajen. V t\u00e9to mal\u00e9 kn\u00ed\u017ee\u010dce chci uk\u00e1zat na mo\u017enou p\u0159\u00ed\u010dinu nemoci, kter\u00e1 unik\u00e1 pozornosti, proto\u017ee sou\u010dasn\u00e1 medic\u00edna a psychologie (u n\u00e1s) v sou\u010dasn\u00e9 dob\u011b zaujaly k p\u0159edm\u011btu sv\u00e9ho z\u00e1jmu p\u0159\u00edsn\u011b materialistick\u00e9 stanovisko. To v praxi znamen\u00e1, \u017ee vych\u00e1zej\u00ed z p\u0159edpokladu, \u017ee v\u0161echny v\u011bci a jevy, se kter\u00fdmi p\u0159ich\u00e1z\u00edme v \u017eivot\u011b do kontaktu, tedy i nemoci, m\u00e1 sv\u016fj p\u016fvod ve hmot\u011b, proto\u017ee podle nich nic jin\u00e9ho na tomto sv\u011bt\u011b ve skute\u010dnosti neexistuje. Je to sice jen nedok\u00e1zan\u00fd p\u0159edpoklad, ale oni se j\u00edm \u0159\u00edd\u00ed.  Autor kn\u00ed\u017eka o schizofrenii ukazuje, \u017ee vych\u00e1z\u00edme-li z p\u0159edpokladu, \u017ee existuje tak\u00e9 duch (Definice ducha \u2013 viz A. Dragomireck\u00fd: Teorie osobnosti.), je mo\u017en\u00e9 naj\u00edt p\u0159\u00ed\u010dinu a l\u00e9\u010dit pak \u0159adu du\u0161evn\u00edch chorob, mezi nimi i zm\u00edn\u011bnou schizofrenii. Autor si to ov\u011b\u0159il nejen vlastn\u00ed zku\u0161enosti, ale ke stejn\u00fdm v\u00fdsledk\u016fm dosp\u011bli i jeho \u017e\u00e1ci, kter\u00e9 cel\u00fd postup nau\u010dil.  Z hlediska mnoha na\u0161ich sou\u010dasn\u00fdch v\u011bdeck\u00fdch pracovn\u00edk\u016f je to sice \u201enev\u011bdeck\u00fd p\u0159\u00edstup\u201c, ale nemocn\u00fdm pacient\u016fm je celkem lhostejn\u00e9, zda jim bylo pomo\u017eeno v\u011bdecky nebo nev\u011bdecky, pro n\u011b je hlavn\u00ed, \u017ee jsou pak zdrav\u00ed.  Autor tedy d\u00e1v\u00e1 na tomto p\u0159\u00edklad\u011b mnoha na\u0161im v\u011bdc\u016fm t\u00e9ma k \u00favah\u00e1m, co je vlastn\u011b spr\u00e1vn\u00e9 a pro\u010d.","item_id":"LX1505328","productname":"Schizofrenie, jej\u00ed p\u0159\u00ed\u010diny a l\u00e9\u010dba","product":"Schizofrenie, jej\u00ed p\u0159\u00ed\u010diny a l\u00e9\u010dba","url":"https:\/\/www.luxor.cz\/v\/1505328\/schizofrenie-jeji-priciny-a-lecba","imgurl":"https:\/\/img.luxor.cz\/orig\/produkty\/9788085962260.jpg","price_vat":"23.00","margin":"","vat":"","paramname1":"","paramval1":"","paramname2":"","paramval2":"","paramname3":"","paramval3":"","paramname4":"","paramval4":"","paramname5":"","paramval5":"","paramname6":"","paramval6":"","paramname7":"","paramval7":"","paramname8":"","paramval8":"","paramname9":"","paramval9":"","paramname10":"","paramval10":"","ean":"9788085962260","manufacturer":"Stratos","categorytext":""},"_links":{"self":[{"href":"https:\/\/www.luxor.cz\/blog\/wp-json\/wp\/v2\/product\/48932","targetHints":{"allow":["GET"]}}],"collection":[{"href":"https:\/\/www.luxor.cz\/blog\/wp-json\/wp\/v2\/product"}],"about":[{"href":"https:\/\/www.luxor.cz\/blog\/wp-json\/wp\/v2\/types\/product"}],"replies":[{"embeddable":true,"href":"https:\/\/www.luxor.cz\/blog\/wp-json\/wp\/v2\/comments?post=48932"}],"wp:attachment":[{"href":"https:\/\/www.luxor.cz\/blog\/wp-json\/wp\/v2\/media?parent=48932"}],"wp:term":[{"taxonomy":"product_cat","embeddable":true,"href":"https:\/\/www.luxor.cz\/blog\/wp-json\/wp\/v2\/product_cat?post=48932"},{"taxonomy":"product_tag","embeddable":true,"href":"https:\/\/www.luxor.cz\/blog\/wp-json\/wp\/v2\/product_tag?post=48932"}],"curies":[{"name":"wp","href":"https:\/\/api.w.org\/{rel}","templated":true}]}}