{"id":48358,"date":"2023-08-14T09:21:02","date_gmt":"2023-08-14T07:21:02","guid":{"rendered":"https:\/\/www.luxor.cz\/blog\/produkt\/zpev-susannah-temna-vez-vi\/"},"modified":"2023-08-14T09:21:05","modified_gmt":"2023-08-14T07:21:05","slug":"zpev-susannah-temna-vez-vi","status":"publish","type":"product","link":"https:\/\/www.luxor.cz\/blog\/produkt\/zpev-susannah-temna-vez-vi\/","title":{"rendered":"Zp\u011bv Susannah &#8211; Temn\u00e1 v\u011b\u017e VI."},"content":{"rendered":"<p>Magick\u00e1 sm\u011bs fantasy a hororu v jedine\u010dn\u00e9m pod\u00e1n\u00ed Stephena Kinga<\/p>\n<p>S\u00e9rie TEMN\u00c1 V\u011a\u017d se odehr\u00e1v\u00e1 ve zvl\u00e1\u0161tn\u00ed zdevastovan\u00e9 zemi, kter\u00e1 je pln\u00e1 ohromuj\u00edc\u00ed vizu\u00e1ln\u00ed p\u0159edstavivosti i nezapomenuteln\u00fdch postav a z\u00e1rove\u0148 d\u011bsiv\u011b odr\u00e1\u017e\u00ed n\u00e1\u0161 vlastn\u00ed sv\u011bt. <\/p>\n<p>ZP\u011aV SUSANNAH, p\u0159edposledn\u00ed d\u00edl s\u00e9rie, je jako p\u0159eb\u00edr\u00e1n\u00ed nitek p\u0159\u00edb\u011bhu t\u011bsn\u011b p\u0159edt\u00edm, ne\u017e je autorovy prsty umn\u00fdm hmatem p\u0159eskup\u00ed do zcela nov\u00e9ho tvaru. K nitk\u00e1m je nav\u00e1z\u00e1no mnoho sv\u011bt\u016f a ud\u00e1lost\u00ed, kter\u00e9 se p\u0159ed na\u0161ima o\u010dima propojuj\u00ed v jedin\u00fd mnohotv\u00e1rn\u00fd celek. Jak u\u017e n\u00e1zev nazna\u010duje, kniha je v\u011bnov\u00e1na p\u0159edev\u0161\u00edm osud\u016fm neoby\u010dejn\u00e9 Susannah. Zjist\u00edme, jak\u00e9 jsou d\u016fvody a c\u00edle Miina po\u010d\u00edn\u00e1n\u00ed, zat\u00edmco Roland, Jake, Ochu, Don Callahan a Eddie napnou v\u0161echny s\u00edly, aby Susannah zachr\u00e1nili a mohli pokra\u010dovat na cest\u011b k V\u011b\u017ei.<\/p>\n<p>I. Pistoln\u00edk<br \/>\nII. T\u0159i vyvolen\u00ed<br \/>\nIII. Pustiny<br \/>\nIV. \u010carod\u011bj a sklo<br \/>\nV. Vlci z Cally<br \/>\nVI. Zp\u011bv Susannah<br \/>\nVII. Temn\u00e1 v\u011b\u017e<br \/>\nZ\u00e1van kl\u00ed\u010dovou d\u00edrkou<\/p>\n","protected":false},"excerpt":{"rendered":"<p>Magick\u00e1 sm\u011bs fantasy a hororu v jedine\u010dn\u00e9m pod\u00e1n\u00ed Stephena Kinga S\u00e9rie TEMN\u00c1 V\u011a\u017d se odehr\u00e1v\u00e1 ve zvl\u00e1\u0161tn\u00ed zdevastovan\u00e9 zemi, kter\u00e1 je pln\u00e1 ohromuj\u00edc\u00ed vizu\u00e1ln\u00ed p\u0159edstavivosti i nezapomenuteln\u00fdch postav a z\u00e1rove\u0148 [&hellip;]<\/p>\n","protected":false},"featured_media":0,"comment_status":"closed","ping_status":"open","template":"","meta":{"_acf_changed":false,"_monsterinsights_skip_tracking":false,"_monsterinsights_sitenote_active":false,"_monsterinsights_sitenote_note":"","_monsterinsights_sitenote_category":0,"_EventAllDay":false,"_EventTimezone":"","_EventStartDate":"","_EventEndDate":"","_EventStartDateUTC":"","_EventEndDateUTC":"","_EventShowMap":false,"_EventShowMapLink":false,"_EventURL":"","_EventCost":"","_EventCostDescription":"","_EventCurrencySymbol":"","_EventCurrencyCode":"","_EventCurrencyPosition":"","_EventDateTimeSeparator":"","_EventTimeRangeSeparator":"","_EventOrganizerID":[],"_EventVenueID":[],"_OrganizerEmail":"","_OrganizerPhone":"","_OrganizerWebsite":"","_VenueAddress":"","_VenueCity":"","_VenueCountry":"","_VenueProvince":"","_VenueState":"","_VenueZip":"","_VenuePhone":"","_VenueURL":"","_VenueStateProvince":"","_VenueLat":"","_VenueLng":"","_VenueShowMap":false,"_VenueShowMapLink":false,"twitterCardType":"","cardImageID":0,"cardImage":"","cardTitle":"","cardDesc":"","cardImageAlt":"","cardPlayer":"","cardPlayerWidth":0,"cardPlayerHeight":0,"cardPlayerStream":"","cardPlayerCodec":""},"product_cat":[],"product_tag":[],"class_list":["post-48358","product","type-product","status-publish","hentry"],"acf":{"description":"Magick\u00e1 sm\u011bs fantasy a hororu v jedine\u010dn\u00e9m pod\u00e1n\u00ed Stephena Kinga\n\nS\u00e9rie TEMN\u00c1 V\u011a\u017d se odehr\u00e1v\u00e1 ve zvl\u00e1\u0161tn\u00ed zdevastovan\u00e9 zemi, kter\u00e1 je pln\u00e1 ohromuj\u00edc\u00ed vizu\u00e1ln\u00ed p\u0159edstavivosti i nezapomenuteln\u00fdch postav a z\u00e1rove\u0148 d\u011bsiv\u011b odr\u00e1\u017e\u00ed n\u00e1\u0161 vlastn\u00ed sv\u011bt. \n\nZP\u011aV SUSANNAH, p\u0159edposledn\u00ed d\u00edl s\u00e9rie, je jako p\u0159eb\u00edr\u00e1n\u00ed nitek p\u0159\u00edb\u011bhu t\u011bsn\u011b p\u0159edt\u00edm, ne\u017e je autorovy prsty umn\u00fdm hmatem p\u0159eskup\u00ed do zcela nov\u00e9ho tvaru. K nitk\u00e1m je nav\u00e1z\u00e1no mnoho sv\u011bt\u016f a ud\u00e1lost\u00ed, kter\u00e9 se p\u0159ed na\u0161ima o\u010dima propojuj\u00ed v jedin\u00fd mnohotv\u00e1rn\u00fd celek. Jak u\u017e n\u00e1zev nazna\u010duje, kniha je v\u011bnov\u00e1na p\u0159edev\u0161\u00edm osud\u016fm neoby\u010dejn\u00e9 Susannah. Zjist\u00edme, jak\u00e9 jsou d\u016fvody a c\u00edle Miina po\u010d\u00edn\u00e1n\u00ed, zat\u00edmco Roland, Jake, Ochu, Don Callahan a Eddie napnou v\u0161echny s\u00edly, aby Susannah zachr\u00e1nili a mohli pokra\u010dovat na cest\u011b k V\u011b\u017ei.\n\nI. Pistoln\u00edk\nII. T\u0159i vyvolen\u00ed\nIII. Pustiny\nIV. \u010carod\u011bj a sklo\nV. Vlci z Cally\nVI. Zp\u011bv Susannah\nVII. Temn\u00e1 v\u011b\u017e\nZ\u00e1van kl\u00ed\u010dovou d\u00edrkou","item_id":"LX1507713","productname":"Zp\u011bv Susannah - Temn\u00e1 v\u011b\u017e VI.","product":"Zp\u011bv Susannah - Temn\u00e1 v\u011b\u017e VI.","url":"https:\/\/www.luxor.cz\/v\/1507713\/zpev-susannah-temna-vez-vi","imgurl":"https:\/\/img.luxor.cz\/orig\/produkty\/9788075931917.jpg","price_vat":"322.00","margin":"","vat":"","paramname1":"","paramval1":"","paramname2":"","paramval2":"","paramname3":"","paramval3":"","paramname4":"","paramval4":"","paramname5":"","paramval5":"","paramname6":"","paramval6":"","paramname7":"","paramval7":"","paramname8":"","paramval8":"","paramname9":"","paramval9":"","paramname10":"","paramval10":"","ean":"9788075931917","manufacturer":"Pavel Dobrovsk\u00fd - BETA","categorytext":""},"_links":{"self":[{"href":"https:\/\/www.luxor.cz\/blog\/wp-json\/wp\/v2\/product\/48358","targetHints":{"allow":["GET"]}}],"collection":[{"href":"https:\/\/www.luxor.cz\/blog\/wp-json\/wp\/v2\/product"}],"about":[{"href":"https:\/\/www.luxor.cz\/blog\/wp-json\/wp\/v2\/types\/product"}],"replies":[{"embeddable":true,"href":"https:\/\/www.luxor.cz\/blog\/wp-json\/wp\/v2\/comments?post=48358"}],"wp:attachment":[{"href":"https:\/\/www.luxor.cz\/blog\/wp-json\/wp\/v2\/media?parent=48358"}],"wp:term":[{"taxonomy":"product_cat","embeddable":true,"href":"https:\/\/www.luxor.cz\/blog\/wp-json\/wp\/v2\/product_cat?post=48358"},{"taxonomy":"product_tag","embeddable":true,"href":"https:\/\/www.luxor.cz\/blog\/wp-json\/wp\/v2\/product_tag?post=48358"}],"curies":[{"name":"wp","href":"https:\/\/api.w.org\/{rel}","templated":true}]}}