{"id":47200,"date":"2023-08-14T09:17:03","date_gmt":"2023-08-14T07:17:03","guid":{"rendered":"https:\/\/www.luxor.cz\/blog\/produkt\/kniha-vzpominek-pro-babicku\/"},"modified":"2023-08-14T09:17:03","modified_gmt":"2023-08-14T07:17:03","slug":"kniha-vzpominek-pro-babicku","status":"publish","type":"product","link":"https:\/\/www.luxor.cz\/blog\/produkt\/kniha-vzpominek-pro-babicku\/","title":{"rendered":"Kniha vzpom\u00ednek pro babi\u010dku"},"content":{"rendered":"<p>Knihy vzpom\u00ednek jsou ide\u00e1ln\u00edm d\u00e1rkem pro va\u0161e bl\u00edzk\u00e9. M\u016f\u017eete vepsat spole\u010dn\u00e9 vzpom\u00ednky, nalepit fotografie.<\/p>\n","protected":false},"excerpt":{"rendered":"<p>Knihy vzpom\u00ednek jsou ide\u00e1ln\u00edm d\u00e1rkem pro va\u0161e bl\u00edzk\u00e9. M\u016f\u017eete vepsat spole\u010dn\u00e9 vzpom\u00ednky, nalepit fotografie.<\/p>\n","protected":false},"featured_media":0,"comment_status":"closed","ping_status":"open","template":"","meta":{"_acf_changed":false,"_monsterinsights_skip_tracking":false,"_monsterinsights_sitenote_active":false,"_monsterinsights_sitenote_note":"","_monsterinsights_sitenote_category":0,"_EventAllDay":false,"_EventTimezone":"","_EventStartDate":"","_EventEndDate":"","_EventStartDateUTC":"","_EventEndDateUTC":"","_EventShowMap":false,"_EventShowMapLink":false,"_EventURL":"","_EventCost":"","_EventCostDescription":"","_EventCurrencySymbol":"","_EventCurrencyCode":"","_EventCurrencyPosition":"","_EventDateTimeSeparator":"","_EventTimeRangeSeparator":"","_EventOrganizerID":[],"_EventVenueID":[],"_OrganizerEmail":"","_OrganizerPhone":"","_OrganizerWebsite":"","_VenueAddress":"","_VenueCity":"","_VenueCountry":"","_VenueProvince":"","_VenueState":"","_VenueZip":"","_VenuePhone":"","_VenueURL":"","_VenueStateProvince":"","_VenueLat":"","_VenueLng":"","_VenueShowMap":false,"_VenueShowMapLink":false,"twitterCardType":"","cardImageID":0,"cardImage":"","cardTitle":"","cardDesc":"","cardImageAlt":"","cardPlayer":"","cardPlayerWidth":0,"cardPlayerHeight":0,"cardPlayerStream":"","cardPlayerCodec":""},"product_cat":[],"product_tag":[],"class_list":["post-47200","product","type-product","status-publish","hentry"],"acf":{"description":"Knihy vzpom\u00ednek jsou ide\u00e1ln\u00edm d\u00e1rkem pro va\u0161e bl\u00edzk\u00e9. M\u016f\u017eete vepsat spole\u010dn\u00e9 vzpom\u00ednky, nalepit fotografie.","item_id":"LX1510021","productname":"Kniha vzpom\u00ednek pro babi\u010dku","product":"Kniha vzpom\u00ednek pro babi\u010dku","url":"https:\/\/www.luxor.cz\/v\/1510021\/kniha-vzpominek-pro-babicku","imgurl":"https:\/\/img.luxor.cz\/orig\/produkty\/9788088403685.jpg","price_vat":"199.00","margin":"","vat":"","paramname1":"","paramval1":"","paramname2":"","paramval2":"","paramname3":"","paramval3":"","paramname4":"","paramval4":"","paramname5":"","paramval5":"","paramname6":"","paramval6":"","paramname7":"","paramval7":"","paramname8":"","paramval8":"","paramname9":"","paramval9":"","paramname10":"","paramval10":"","ean":"9788088403685","manufacturer":"Albi","categorytext":""},"_links":{"self":[{"href":"https:\/\/www.luxor.cz\/blog\/wp-json\/wp\/v2\/product\/47200","targetHints":{"allow":["GET"]}}],"collection":[{"href":"https:\/\/www.luxor.cz\/blog\/wp-json\/wp\/v2\/product"}],"about":[{"href":"https:\/\/www.luxor.cz\/blog\/wp-json\/wp\/v2\/types\/product"}],"replies":[{"embeddable":true,"href":"https:\/\/www.luxor.cz\/blog\/wp-json\/wp\/v2\/comments?post=47200"}],"wp:attachment":[{"href":"https:\/\/www.luxor.cz\/blog\/wp-json\/wp\/v2\/media?parent=47200"}],"wp:term":[{"taxonomy":"product_cat","embeddable":true,"href":"https:\/\/www.luxor.cz\/blog\/wp-json\/wp\/v2\/product_cat?post=47200"},{"taxonomy":"product_tag","embeddable":true,"href":"https:\/\/www.luxor.cz\/blog\/wp-json\/wp\/v2\/product_tag?post=47200"}],"curies":[{"name":"wp","href":"https:\/\/api.w.org\/{rel}","templated":true}]}}