{"id":46247,"date":"2023-08-14T09:13:47","date_gmt":"2023-08-14T07:13:47","guid":{"rendered":"https:\/\/www.luxor.cz\/blog\/produkt\/grafix-obrazek-z-provazku-mix-motivu-plamenak-jednorozec\/"},"modified":"2023-08-14T09:13:48","modified_gmt":"2023-08-14T07:13:48","slug":"grafix-obrazek-z-provazku-mix-motivu-plamenak-jednorozec","status":"publish","type":"product","link":"https:\/\/www.luxor.cz\/blog\/produkt\/grafix-obrazek-z-provazku-mix-motivu-plamenak-jednorozec\/","title":{"rendered":"Grafix Obr\u00e1zek z prov\u00e1zk\u016f &#8211; mix motiv\u016f plame\u0148\u00e1k, jednoro\u017eec"},"content":{"rendered":"<p>Sada obsahuje : 1x p\u0159edti\u0161t\u011bn\u00fd obr\u00e1zek, 1x r\u00e1me\u010dek,4x bavlnky, \u0161pendl\u00edky, oboustrann\u00e1 p\u00e1ska, gel, dekora\u010dn\u00ed samolepky + obr\u00e1zkov\u00fd n\u00e1vod<br \/>\nRozm\u011br r\u00e1me\u010dku: 19,5 x 19,5 cm<br \/>\nRozm\u011br krabi\u010dky: 22 x 22 cm<br \/>\nVhodn\u00e9 od 8 let<\/p>\n","protected":false},"excerpt":{"rendered":"<p>Sada obsahuje : 1x p\u0159edti\u0161t\u011bn\u00fd obr\u00e1zek, 1x r\u00e1me\u010dek,4x bavlnky, \u0161pendl\u00edky, oboustrann\u00e1 p\u00e1ska, gel, dekora\u010dn\u00ed samolepky + obr\u00e1zkov\u00fd n\u00e1vod Rozm\u011br r\u00e1me\u010dku: 19,5 x 19,5 cm Rozm\u011br krabi\u010dky: 22 x 22 cm [&hellip;]<\/p>\n","protected":false},"featured_media":0,"comment_status":"closed","ping_status":"open","template":"","meta":{"_acf_changed":false,"_monsterinsights_skip_tracking":false,"_monsterinsights_sitenote_active":false,"_monsterinsights_sitenote_note":"","_monsterinsights_sitenote_category":0,"_EventAllDay":false,"_EventTimezone":"","_EventStartDate":"","_EventEndDate":"","_EventStartDateUTC":"","_EventEndDateUTC":"","_EventShowMap":false,"_EventShowMapLink":false,"_EventURL":"","_EventCost":"","_EventCostDescription":"","_EventCurrencySymbol":"","_EventCurrencyCode":"","_EventCurrencyPosition":"","_EventDateTimeSeparator":"","_EventTimeRangeSeparator":"","_EventOrganizerID":[],"_EventVenueID":[],"_OrganizerEmail":"","_OrganizerPhone":"","_OrganizerWebsite":"","_VenueAddress":"","_VenueCity":"","_VenueCountry":"","_VenueProvince":"","_VenueState":"","_VenueZip":"","_VenuePhone":"","_VenueURL":"","_VenueStateProvince":"","_VenueLat":"","_VenueLng":"","_VenueShowMap":false,"_VenueShowMapLink":false,"twitterCardType":"","cardImageID":0,"cardImage":"","cardTitle":"","cardDesc":"","cardImageAlt":"","cardPlayer":"","cardPlayerWidth":0,"cardPlayerHeight":0,"cardPlayerStream":"","cardPlayerCodec":""},"product_cat":[],"product_tag":[],"class_list":["post-46247","product","type-product","status-publish","hentry"],"acf":{"description":"Sada obsahuje : 1x p\u0159edti\u0161t\u011bn\u00fd obr\u00e1zek, 1x r\u00e1me\u010dek,4x bavlnky, \u0161pendl\u00edky, oboustrann\u00e1 p\u00e1ska, gel, dekora\u010dn\u00ed samolepky + obr\u00e1zkov\u00fd n\u00e1vod \nRozm\u011br r\u00e1me\u010dku: 19,5 x 19,5 cm\nRozm\u011br krabi\u010dky: 22 x 22 cm\nVhodn\u00e9 od 8 let","item_id":"LX1497919","productname":"Grafix Obr\u00e1zek z prov\u00e1zk\u016f - mix motiv\u016f plame\u0148\u00e1k, jednoro\u017eec","product":"Grafix Obr\u00e1zek z prov\u00e1zk\u016f - mix motiv\u016f plame\u0148\u00e1k, jednoro\u017eec","url":"https:\/\/www.luxor.cz\/v\/1497919\/grafix-obrazek-z-provazku-mix-motivu-plamenak-jednorozec","imgurl":"https:\/\/img.luxor.cz\/orig\/produkty\/8715427058177.jpg","price_vat":"126.00","margin":"","vat":"","paramname1":"","paramval1":"","paramname2":"","paramval2":"","paramname3":"","paramval3":"","paramname4":"","paramval4":"","paramname5":"","paramval5":"","paramname6":"","paramval6":"","paramname7":"","paramval7":"","paramname8":"","paramval8":"","paramname9":"","paramval9":"","paramname10":"","paramval10":"","ean":"8715427058177","manufacturer":"Grafix","categorytext":""},"_links":{"self":[{"href":"https:\/\/www.luxor.cz\/blog\/wp-json\/wp\/v2\/product\/46247","targetHints":{"allow":["GET"]}}],"collection":[{"href":"https:\/\/www.luxor.cz\/blog\/wp-json\/wp\/v2\/product"}],"about":[{"href":"https:\/\/www.luxor.cz\/blog\/wp-json\/wp\/v2\/types\/product"}],"replies":[{"embeddable":true,"href":"https:\/\/www.luxor.cz\/blog\/wp-json\/wp\/v2\/comments?post=46247"}],"wp:attachment":[{"href":"https:\/\/www.luxor.cz\/blog\/wp-json\/wp\/v2\/media?parent=46247"}],"wp:term":[{"taxonomy":"product_cat","embeddable":true,"href":"https:\/\/www.luxor.cz\/blog\/wp-json\/wp\/v2\/product_cat?post=46247"},{"taxonomy":"product_tag","embeddable":true,"href":"https:\/\/www.luxor.cz\/blog\/wp-json\/wp\/v2\/product_tag?post=46247"}],"curies":[{"name":"wp","href":"https:\/\/api.w.org\/{rel}","templated":true}]}}