{"id":44294,"date":"2023-08-14T09:07:11","date_gmt":"2023-08-14T07:07:11","guid":{"rendered":"https:\/\/www.luxor.cz\/blog\/produkt\/super-juicing-zdrave-recepty-k-nejnovejsimu-trendu-juicingu\/"},"modified":"2023-08-14T09:07:14","modified_gmt":"2023-08-14T07:07:14","slug":"super-juicing-zdrave-recepty-k-nejnovejsimu-trendu-juicingu","status":"publish","type":"product","link":"https:\/\/www.luxor.cz\/blog\/produkt\/super-juicing-zdrave-recepty-k-nejnovejsimu-trendu-juicingu\/","title":{"rendered":"Super juicing &#8211; Zdrav\u00e9 recepty k nejnov\u011bj\u0161\u00edmu trendu &#8211; juicingu!"},"content":{"rendered":"<p>Bu\u010fte kreativn\u00ed a vyzkou\u0161ejte juicing, nejnov\u011bj\u0161\u00ed trend ve sv\u011bt\u011b diet a detoxikace. V ruce dr\u017e\u00edte knihu plnou \u00fa\u017easn\u00fdch recept\u016f, kter\u00e9 v\u00e1m pom\u016f\u017eou dostat do t\u011bla v\u00edce ovoce a zeleniny. Juicing je skv\u011blou alternativou ke v\u0161em r\u016fzn\u00fdm diet\u00e1m, kter\u00e9 v\u00e1s zahrnou nudn\u00fdmi a jednotv\u00e1rn\u00fdmi sal\u00e1ty. Tak\u00e9 v\u00e1m pom\u016f\u017ee b\u00fdt \u0161\u0165astn\u011bj\u0161\u00ed a zdrav\u011bj\u0161\u00ed. Vyrobte si d\u017eusy,kter\u00e9 V\u00e1m nejv\u00edce vyhovuj\u00ed &#8211; zeleninov\u00e9, ovocn\u00e9 mixy, super smoothies nebo mega d\u017eusy. Vyzkou\u0161ejte je v\u0161echny a klidn\u011b je kombinujte mezi sebou. Najd\u011bte ty ingredience, kter\u00e9 v\u00e1m nejl\u00e9pe vyhovuji a chutnaj\u00ed. Objevte juicing, a\u0165 u\u017e jako ob\u010dasn\u00e9 ozvl\u00e1\u0161tn\u011bn\u00ed va\u0161eho pitn\u00e9ho re\u017eimu, anebo detoxika\u010dn\u00ed k\u016fru pro cel\u00e9 t\u011blo. D\u00edky na\u0161im recept\u016fm si juicing uprav\u00edte tak, aby sed\u011bl pr\u00e1v\u011b v\u00e1m.<\/p>\n","protected":false},"excerpt":{"rendered":"<p>Bu\u010fte kreativn\u00ed a vyzkou\u0161ejte juicing, nejnov\u011bj\u0161\u00ed trend ve sv\u011bt\u011b diet a detoxikace. V ruce dr\u017e\u00edte knihu plnou \u00fa\u017easn\u00fdch recept\u016f, kter\u00e9 v\u00e1m pom\u016f\u017eou dostat do t\u011bla v\u00edce ovoce a zeleniny. Juicing [&hellip;]<\/p>\n","protected":false},"featured_media":0,"comment_status":"closed","ping_status":"open","template":"","meta":{"_acf_changed":false,"_monsterinsights_skip_tracking":false,"_monsterinsights_sitenote_active":false,"_monsterinsights_sitenote_note":"","_monsterinsights_sitenote_category":0,"_EventAllDay":false,"_EventTimezone":"","_EventStartDate":"","_EventEndDate":"","_EventStartDateUTC":"","_EventEndDateUTC":"","_EventShowMap":false,"_EventShowMapLink":false,"_EventURL":"","_EventCost":"","_EventCostDescription":"","_EventCurrencySymbol":"","_EventCurrencyCode":"","_EventCurrencyPosition":"","_EventDateTimeSeparator":"","_EventTimeRangeSeparator":"","_EventOrganizerID":[],"_EventVenueID":[],"_OrganizerEmail":"","_OrganizerPhone":"","_OrganizerWebsite":"","_VenueAddress":"","_VenueCity":"","_VenueCountry":"","_VenueProvince":"","_VenueState":"","_VenueZip":"","_VenuePhone":"","_VenueURL":"","_VenueStateProvince":"","_VenueLat":"","_VenueLng":"","_VenueShowMap":false,"_VenueShowMapLink":false,"twitterCardType":"","cardImageID":0,"cardImage":"","cardTitle":"","cardDesc":"","cardImageAlt":"","cardPlayer":"","cardPlayerWidth":0,"cardPlayerHeight":0,"cardPlayerStream":"","cardPlayerCodec":""},"product_cat":[],"product_tag":[],"class_list":["post-44294","product","type-product","status-publish","hentry"],"acf":{"description":"Bu\u010fte kreativn\u00ed a vyzkou\u0161ejte juicing, nejnov\u011bj\u0161\u00ed trend ve sv\u011bt\u011b diet a detoxikace. V ruce dr\u017e\u00edte knihu plnou \u00fa\u017easn\u00fdch recept\u016f, kter\u00e9 v\u00e1m pom\u016f\u017eou dostat do t\u011bla v\u00edce ovoce a zeleniny. Juicing je skv\u011blou alternativou ke v\u0161em r\u016fzn\u00fdm diet\u00e1m, kter\u00e9 v\u00e1s zahrnou nudn\u00fdmi a jednotv\u00e1rn\u00fdmi sal\u00e1ty. Tak\u00e9 v\u00e1m pom\u016f\u017ee b\u00fdt \u0161\u0165astn\u011bj\u0161\u00ed a zdrav\u011bj\u0161\u00ed. Vyrobte si d\u017eusy,kter\u00e9 V\u00e1m nejv\u00edce vyhovuj\u00ed - zeleninov\u00e9, ovocn\u00e9 mixy, super smoothies nebo mega d\u017eusy. Vyzkou\u0161ejte je v\u0161echny a klidn\u011b je kombinujte mezi sebou. Najd\u011bte ty ingredience, kter\u00e9 v\u00e1m nejl\u00e9pe vyhovuji a chutnaj\u00ed. Objevte juicing, a\u0165 u\u017e jako ob\u010dasn\u00e9 ozvl\u00e1\u0161tn\u011bn\u00ed va\u0161eho pitn\u00e9ho re\u017eimu, anebo detoxika\u010dn\u00ed k\u016fru pro cel\u00e9 t\u011blo. D\u00edky na\u0161im recept\u016fm si juicing uprav\u00edte tak, aby sed\u011bl pr\u00e1v\u011b v\u00e1m.","item_id":"LX1501595","productname":"Super juicing - Zdrav\u00e9 recepty k nejnov\u011bj\u0161\u00edmu trendu - juicingu!","product":"Super juicing - Zdrav\u00e9 recepty k nejnov\u011bj\u0161\u00edmu trendu - juicingu!","url":"https:\/\/www.luxor.cz\/v\/1501595\/super-juicing-zdrave-recepty-k-nejnovejsimu-trendu-juicingu","imgurl":"https:\/\/img.luxor.cz\/orig\/produkty\/9788073710163.jpg","price_vat":"69.00","margin":"","vat":"","paramname1":"","paramval1":"","paramname2":"","paramval2":"","paramname3":"","paramval3":"","paramname4":"","paramval4":"","paramname5":"","paramval5":"","paramname6":"","paramval6":"","paramname7":"","paramval7":"","paramname8":"","paramval8":"","paramname9":"","paramval9":"","paramname10":"","paramval10":"","ean":"9788073710163","manufacturer":"Sun","categorytext":""},"_links":{"self":[{"href":"https:\/\/www.luxor.cz\/blog\/wp-json\/wp\/v2\/product\/44294","targetHints":{"allow":["GET"]}}],"collection":[{"href":"https:\/\/www.luxor.cz\/blog\/wp-json\/wp\/v2\/product"}],"about":[{"href":"https:\/\/www.luxor.cz\/blog\/wp-json\/wp\/v2\/types\/product"}],"replies":[{"embeddable":true,"href":"https:\/\/www.luxor.cz\/blog\/wp-json\/wp\/v2\/comments?post=44294"}],"wp:attachment":[{"href":"https:\/\/www.luxor.cz\/blog\/wp-json\/wp\/v2\/media?parent=44294"}],"wp:term":[{"taxonomy":"product_cat","embeddable":true,"href":"https:\/\/www.luxor.cz\/blog\/wp-json\/wp\/v2\/product_cat?post=44294"},{"taxonomy":"product_tag","embeddable":true,"href":"https:\/\/www.luxor.cz\/blog\/wp-json\/wp\/v2\/product_tag?post=44294"}],"curies":[{"name":"wp","href":"https:\/\/api.w.org\/{rel}","templated":true}]}}