{"id":43749,"date":"2023-08-14T09:05:26","date_gmt":"2023-08-14T07:05:26","guid":{"rendered":"https:\/\/www.luxor.cz\/blog\/produkt\/cesta-za-duhou-vzpominky-dcery-a-vnucky-herce-rezisera-a-scenaristy-cenka-slegla\/"},"modified":"2023-08-14T09:05:28","modified_gmt":"2023-08-14T07:05:28","slug":"cesta-za-duhou-vzpominky-dcery-a-vnucky-herce-rezisera-a-scenaristy-cenka-slegla","status":"publish","type":"product","link":"https:\/\/www.luxor.cz\/blog\/produkt\/cesta-za-duhou-vzpominky-dcery-a-vnucky-herce-rezisera-a-scenaristy-cenka-slegla\/","title":{"rendered":"Cesta za duhou &#8211; Vzpom\u00ednky dcery a vnu\u010dky herce, re\u017eis\u00e9ra a scen\u00e1risty \u010ce\u0148ka \u0160l\u00e9gla"},"content":{"rendered":"<p>Mimo\u0159\u00e1dn\u00e1 osobnost \u010desk\u00e9 kultury \u010cen\u011bk \u0160l\u00e9gl, filmov\u00fd a divadeln\u00ed herec, re\u017eis\u00e9r a scen\u00e1rista, dlouholet\u00fd \u010dlen Divadla Vlasty Buriana, m\u011bl jedinou dceru Blanku. Ta se ve 30. letech zamilovala do Arno\u0161ta Weisse, mu\u017ee \u017eidovsk\u00e9ho p\u016fvodu. V roce 1941, v rozporu s platn\u00fdmi norimbersk\u00fdmi z\u00e1kony, se za n\u011bj provdala. T\u00edm za\u010dalo vyhro\u017eov\u00e1n\u00ed likvidac\u00ed cel\u00e9 rodiny slavn\u00e9ho um\u011blce a za\u010dal z\u00e1pas  o hol\u00e9 \u017eivoty. Popul\u00e1rn\u00ed herec byl p\u0159inucen k u\u010dinkov\u00e1n\u00ed v antisemitsk\u00fdch rozhlasov\u00fdch ske\u010d\u00edch, k naps\u00e1n\u00ed proti\u017eidovsk\u00e9ho rom\u00e1nu, k propagandistick\u00e9 cest\u011b do \u0158\u00ed\u0161e, k p\u0159evzet\u00ed nacistick\u00e9ho vyznamen\u00e1n\u00ed \u2026 T\u011bmito kroky v\u011bdom\u011b ohrozil svou kari\u00e9ru a po\u0161pinil svou pov\u011bst p\u0159ed cel\u00fdm n\u00e1rodem. Dok\u00e1zal v\u0161ak intervencemi zachr\u00e1nit \u017eivoty sv\u00e9ho zet\u011b, dcery i teprve dvoulet\u00e9 vnu\u010dky Zuzany, kter\u00e1 m\u011bla b\u00fdt v roce 1945 jako\u017eto polovi\u010dn\u00ed \u017didovka zlikvidov\u00e1na. \u0160l\u00e9gl byl po v\u00e1lce odsouzen k p\u016flro\u010dn\u00edmu t\u011b\u017ek\u00e9mu \u017eal\u00e1\u0159i a ji\u017e nikdy se k um\u011bleck\u00e9 pr\u00e1ci nevr\u00e1til.<\/p>\n","protected":false},"excerpt":{"rendered":"<p>Mimo\u0159\u00e1dn\u00e1 osobnost \u010desk\u00e9 kultury \u010cen\u011bk \u0160l\u00e9gl, filmov\u00fd a divadeln\u00ed herec, re\u017eis\u00e9r a scen\u00e1rista, dlouholet\u00fd \u010dlen Divadla Vlasty Buriana, m\u011bl jedinou dceru Blanku. Ta se ve 30. letech zamilovala do Arno\u0161ta [&hellip;]<\/p>\n","protected":false},"featured_media":0,"comment_status":"closed","ping_status":"open","template":"","meta":{"_acf_changed":false,"_monsterinsights_skip_tracking":false,"_monsterinsights_sitenote_active":false,"_monsterinsights_sitenote_note":"","_monsterinsights_sitenote_category":0,"_EventAllDay":false,"_EventTimezone":"","_EventStartDate":"","_EventEndDate":"","_EventStartDateUTC":"","_EventEndDateUTC":"","_EventShowMap":false,"_EventShowMapLink":false,"_EventURL":"","_EventCost":"","_EventCostDescription":"","_EventCurrencySymbol":"","_EventCurrencyCode":"","_EventCurrencyPosition":"","_EventDateTimeSeparator":"","_EventTimeRangeSeparator":"","_EventOrganizerID":[],"_EventVenueID":[],"_OrganizerEmail":"","_OrganizerPhone":"","_OrganizerWebsite":"","_VenueAddress":"","_VenueCity":"","_VenueCountry":"","_VenueProvince":"","_VenueState":"","_VenueZip":"","_VenuePhone":"","_VenueURL":"","_VenueStateProvince":"","_VenueLat":"","_VenueLng":"","_VenueShowMap":false,"_VenueShowMapLink":false,"twitterCardType":"","cardImageID":0,"cardImage":"","cardTitle":"","cardDesc":"","cardImageAlt":"","cardPlayer":"","cardPlayerWidth":0,"cardPlayerHeight":0,"cardPlayerStream":"","cardPlayerCodec":""},"product_cat":[],"product_tag":[],"class_list":["post-43749","product","type-product","status-publish","hentry"],"acf":{"description":"Mimo\u0159\u00e1dn\u00e1 osobnost \u010desk\u00e9 kultury \u010cen\u011bk \u0160l\u00e9gl, filmov\u00fd a divadeln\u00ed herec, re\u017eis\u00e9r a scen\u00e1rista, dlouholet\u00fd \u010dlen Divadla Vlasty Buriana, m\u011bl jedinou dceru Blanku. Ta se ve 30. letech zamilovala do Arno\u0161ta Weisse, mu\u017ee \u017eidovsk\u00e9ho p\u016fvodu. V roce 1941, v rozporu s platn\u00fdmi norimbersk\u00fdmi z\u00e1kony, se za n\u011bj provdala. T\u00edm za\u010dalo vyhro\u017eov\u00e1n\u00ed likvidac\u00ed cel\u00e9 rodiny slavn\u00e9ho um\u011blce a za\u010dal z\u00e1pas  o hol\u00e9 \u017eivoty. Popul\u00e1rn\u00ed herec byl p\u0159inucen k u\u010dinkov\u00e1n\u00ed v antisemitsk\u00fdch rozhlasov\u00fdch ske\u010d\u00edch, k naps\u00e1n\u00ed proti\u017eidovsk\u00e9ho rom\u00e1nu, k propagandistick\u00e9 cest\u011b do \u0158\u00ed\u0161e, k p\u0159evzet\u00ed nacistick\u00e9ho vyznamen\u00e1n\u00ed \u2026 T\u011bmito kroky v\u011bdom\u011b ohrozil svou kari\u00e9ru a po\u0161pinil svou pov\u011bst p\u0159ed cel\u00fdm n\u00e1rodem. Dok\u00e1zal v\u0161ak intervencemi zachr\u00e1nit \u017eivoty sv\u00e9ho zet\u011b, dcery i teprve dvoulet\u00e9 vnu\u010dky Zuzany, kter\u00e1 m\u011bla b\u00fdt v roce 1945 jako\u017eto polovi\u010dn\u00ed \u017didovka zlikvidov\u00e1na. \u0160l\u00e9gl byl po v\u00e1lce odsouzen k p\u016flro\u010dn\u00edmu t\u011b\u017ek\u00e9mu \u017eal\u00e1\u0159i a ji\u017e nikdy se k um\u011bleck\u00e9 pr\u00e1ci nevr\u00e1til.","item_id":"LX1501319","productname":"Cesta za duhou - Vzpom\u00ednky dcery a vnu\u010dky herce, re\u017eis\u00e9ra a scen\u00e1risty \u010ce\u0148ka \u0160l\u00e9gla","product":"Cesta za duhou - Vzpom\u00ednky dcery a vnu\u010dky herce, re\u017eis\u00e9ra a scen\u00e1risty \u010ce\u0148ka \u0160l\u00e9gla","url":"https:\/\/www.luxor.cz\/v\/1501319\/cesta-za-duhou-vzpominky-dcery-a-vnucky-herce-rezisera-a-scenaristy-cenka-slegla","imgurl":"https:\/\/img.luxor.cz\/orig\/produkty\/9788072296293.jpg","price_vat":"259.00","margin":"","vat":"","paramname1":"","paramval1":"","paramname2":"","paramval2":"","paramname3":"","paramval3":"","paramname4":"","paramval4":"","paramname5":"","paramval5":"","paramname6":"","paramval6":"","paramname7":"","paramval7":"","paramname8":"","paramval8":"","paramname9":"","paramval9":"","paramname10":"","paramval10":"","ean":"9788072296293","manufacturer":"Petrkl\u00ed\u010d","categorytext":""},"_links":{"self":[{"href":"https:\/\/www.luxor.cz\/blog\/wp-json\/wp\/v2\/product\/43749","targetHints":{"allow":["GET"]}}],"collection":[{"href":"https:\/\/www.luxor.cz\/blog\/wp-json\/wp\/v2\/product"}],"about":[{"href":"https:\/\/www.luxor.cz\/blog\/wp-json\/wp\/v2\/types\/product"}],"replies":[{"embeddable":true,"href":"https:\/\/www.luxor.cz\/blog\/wp-json\/wp\/v2\/comments?post=43749"}],"wp:attachment":[{"href":"https:\/\/www.luxor.cz\/blog\/wp-json\/wp\/v2\/media?parent=43749"}],"wp:term":[{"taxonomy":"product_cat","embeddable":true,"href":"https:\/\/www.luxor.cz\/blog\/wp-json\/wp\/v2\/product_cat?post=43749"},{"taxonomy":"product_tag","embeddable":true,"href":"https:\/\/www.luxor.cz\/blog\/wp-json\/wp\/v2\/product_tag?post=43749"}],"curies":[{"name":"wp","href":"https:\/\/api.w.org\/{rel}","templated":true}]}}