{"id":42761,"date":"2023-08-14T09:02:17","date_gmt":"2023-08-14T07:02:17","guid":{"rendered":"https:\/\/www.luxor.cz\/blog\/produkt\/plakat-avengers-endgame-journeys-end\/"},"modified":"2023-08-14T09:02:17","modified_gmt":"2023-08-14T07:02:17","slug":"plakat-avengers-endgame-journeys-end","status":"publish","type":"product","link":"https:\/\/www.luxor.cz\/blog\/produkt\/plakat-avengers-endgame-journeys-end\/","title":{"rendered":"Plak\u00e1t Avengers: Endgame \u2013 Journey\u00b4s End"},"content":{"rendered":"<p>Produkt &#8222;Plak\u00e1t Avengers: Endgame \u2013 Journey\u00b4s End&#8220; spad\u00e1 do \u017e\u00e1nru Plak\u00e1ty, reprodukce.<\/p>\n","protected":false},"excerpt":{"rendered":"<p>Produkt &#8222;Plak\u00e1t Avengers: Endgame \u2013 Journey\u00b4s End&#8220; spad\u00e1 do \u017e\u00e1nru Plak\u00e1ty, reprodukce.<\/p>\n","protected":false},"featured_media":0,"comment_status":"closed","ping_status":"open","template":"","meta":{"_acf_changed":false,"_monsterinsights_skip_tracking":false,"_monsterinsights_sitenote_active":false,"_monsterinsights_sitenote_note":"","_monsterinsights_sitenote_category":0,"_EventAllDay":false,"_EventTimezone":"","_EventStartDate":"","_EventEndDate":"","_EventStartDateUTC":"","_EventEndDateUTC":"","_EventShowMap":false,"_EventShowMapLink":false,"_EventURL":"","_EventCost":"","_EventCostDescription":"","_EventCurrencySymbol":"","_EventCurrencyCode":"","_EventCurrencyPosition":"","_EventDateTimeSeparator":"","_EventTimeRangeSeparator":"","_EventOrganizerID":[],"_EventVenueID":[],"_OrganizerEmail":"","_OrganizerPhone":"","_OrganizerWebsite":"","_VenueAddress":"","_VenueCity":"","_VenueCountry":"","_VenueProvince":"","_VenueState":"","_VenueZip":"","_VenuePhone":"","_VenueURL":"","_VenueStateProvince":"","_VenueLat":"","_VenueLng":"","_VenueShowMap":false,"_VenueShowMapLink":false,"twitterCardType":"","cardImageID":0,"cardImage":"","cardTitle":"","cardDesc":"","cardImageAlt":"","cardPlayer":"","cardPlayerWidth":0,"cardPlayerHeight":0,"cardPlayerStream":"","cardPlayerCodec":""},"product_cat":[],"product_tag":[],"class_list":["post-42761","product","type-product","status-publish","hentry"],"acf":{"description":"Produkt \"Plak\u00e1t Avengers: Endgame \u2013 Journey\u00b4s End\" spad\u00e1 do \u017e\u00e1nru Plak\u00e1ty, reprodukce.","item_id":"LX1482954","productname":"Plak\u00e1t Avengers: Endgame \u2013 Journey\u00b4s End","product":"Plak\u00e1t Avengers: Endgame \u2013 Journey\u00b4s End","url":"https:\/\/www.luxor.cz\/v\/1482954\/plakat-avengers-endgame-journeys-end","imgurl":"https:\/\/img.luxor.cz\/orig\/produkty\/8435497228644.jpg","price_vat":"199.00","margin":"","vat":"","paramname1":"","paramval1":"","paramname2":"","paramval2":"","paramname3":"","paramval3":"","paramname4":"","paramval4":"","paramname5":"","paramval5":"","paramname6":"","paramval6":"","paramname7":"","paramval7":"","paramname8":"","paramval8":"","paramname9":"","paramval9":"","paramname10":"","paramval10":"","ean":"8435497228644","manufacturer":"","categorytext":""},"_links":{"self":[{"href":"https:\/\/www.luxor.cz\/blog\/wp-json\/wp\/v2\/product\/42761","targetHints":{"allow":["GET"]}}],"collection":[{"href":"https:\/\/www.luxor.cz\/blog\/wp-json\/wp\/v2\/product"}],"about":[{"href":"https:\/\/www.luxor.cz\/blog\/wp-json\/wp\/v2\/types\/product"}],"replies":[{"embeddable":true,"href":"https:\/\/www.luxor.cz\/blog\/wp-json\/wp\/v2\/comments?post=42761"}],"wp:attachment":[{"href":"https:\/\/www.luxor.cz\/blog\/wp-json\/wp\/v2\/media?parent=42761"}],"wp:term":[{"taxonomy":"product_cat","embeddable":true,"href":"https:\/\/www.luxor.cz\/blog\/wp-json\/wp\/v2\/product_cat?post=42761"},{"taxonomy":"product_tag","embeddable":true,"href":"https:\/\/www.luxor.cz\/blog\/wp-json\/wp\/v2\/product_tag?post=42761"}],"curies":[{"name":"wp","href":"https:\/\/api.w.org\/{rel}","templated":true}]}}