{"id":41487,"date":"2023-08-14T08:58:12","date_gmt":"2023-08-14T06:58:12","guid":{"rendered":"https:\/\/www.luxor.cz\/blog\/produkt\/martanska-kronika-audiokniha\/"},"modified":"2023-08-14T08:58:13","modified_gmt":"2023-08-14T06:58:13","slug":"martanska-kronika-audiokniha","status":"publish","type":"product","link":"https:\/\/www.luxor.cz\/blog\/produkt\/martanska-kronika-audiokniha\/","title":{"rendered":"Mar\u0165ansk\u00e1 kronika (audiokniha)"},"content":{"rendered":"<p>Kultovn\u00ed sci-fi, tentokr\u00e1t k poslechu!<\/p>\n<p>\u0160estadvacet voln\u011b spojen\u00fdch pov\u00eddek l\u00ed\u010d\u00ed budouc\u00ed kolonizaci Marsu. Lid\u00e9 p\u0159ich\u00e1zej\u00ed a sv\u00fdm vp\u00e1dem ru\u0161\u00ed tich\u00e9 kouzlo rud\u00e9 planety, ale nakonec \u2013 po letech nesnadn\u00e9ho vzestupu a n\u00e1sledn\u00e9ho p\u00e1du \u2013 ji stejn\u011b opou\u0161t\u011bj\u00ed a ponech\u00e1vaj\u00ed znovu osam\u011blou a ztichlou. Jen v\u00edtr se proh\u00e1n\u00ed opu\u0161t\u011bn\u00fdmi m\u011bsty pozem\u0161\u0165an\u016f a d\u00e1vno vym\u0159el\u00fdmi letovisky Mar\u0165an\u016f. Celou knihou prostupuje zvl\u00e1\u0161tn\u00ed touha po d\u00e1lk\u00e1ch, nostalgie a smutek nad p\u00e1dem martsk\u00e9ho r\u00e1je, kter\u00fd lid\u00e9 ni\u010d\u00ed od sv\u00e9ho prvn\u00edho p\u0159ist\u00e1n\u00ed na p\u00edse\u010dn\u00e9 planet\u011b. Do tv\u00e1\u0159e Marsu spisovatel\u00e9 \u010dasto projektovali sv\u00e9 obavy a sny \u2013 zvl\u00e1\u0161t\u011b od dob V\u00e1lky sv\u011bt\u016f od H. G. Wellse. V dob\u011b, kdy p\u0159evl\u00e1dala burroughsovsk\u00e1 vize barvotiskov\u00fdch dobrodru\u017estv\u00ed, je\u017e na Marsu kr\u00e1l\u016f a princezen za\u017e\u00edvaj\u00ed odv\u00e1\u017en\u00ed hrdinov\u00e9, p\u0159i\u0161el Bradbury s origin\u00e1ln\u00ed kronikou plnou poetick\u00fdch obraz\u016f. A pr\u00e1v\u011b jeho vize p\u0159etrvala a udivuje \u010dten\u00e1\u0159e svou p\u016fsobivost\u00ed dodnes. P\u0159eklad knihy byl pro nov\u00e9 vyd\u00e1n\u00ed zrevidov\u00e1n, dopln\u011bn \u00favodn\u00edm slovem, je\u017e pro jubilejn\u00ed vyd\u00e1n\u00ed v roce 1997 napsal s\u00e1m autor. Z\u00e1v\u011bre\u010dn\u00fd portr\u00e9t Raye Bradburyho poch\u00e1z\u00ed z pera n\u011bmeck\u00e9ho znalce science fiction Rainera Eisfelda. \u201eRaye Bradburyho jsem \u010detla b\u011bhem dosp\u00edv\u00e1n\u00ed a ty p\u0159\u00edb\u011bhy se mi opravdu vryly do mysli, obzvl\u00e1\u0161\u0165 ,Mar\u0165an\u2018 a dal\u0161\u00ed pov\u00eddky z Mar\u0165ansk\u00e9 kroniky a rom\u00e1n 451 stup\u0148\u016f Fahrenheita.\u201c Margaret Atwoodov\u00e1 \u201eJeden z nejv\u011bt\u0161\u00edch vizion\u00e1\u0159\u016f na\u0161\u00ed doby.\u201c Aldous Huxley<\/p>\n","protected":false},"excerpt":{"rendered":"<p>Kultovn\u00ed sci-fi, tentokr\u00e1t k poslechu! \u0160estadvacet voln\u011b spojen\u00fdch pov\u00eddek l\u00ed\u010d\u00ed budouc\u00ed kolonizaci Marsu. Lid\u00e9 p\u0159ich\u00e1zej\u00ed a sv\u00fdm vp\u00e1dem ru\u0161\u00ed tich\u00e9 kouzlo rud\u00e9 planety, ale nakonec \u2013 po letech nesnadn\u00e9ho vzestupu [&hellip;]<\/p>\n","protected":false},"featured_media":0,"comment_status":"closed","ping_status":"open","template":"","meta":{"_acf_changed":false,"_monsterinsights_skip_tracking":false,"_monsterinsights_sitenote_active":false,"_monsterinsights_sitenote_note":"","_monsterinsights_sitenote_category":0,"_EventAllDay":false,"_EventTimezone":"","_EventStartDate":"","_EventEndDate":"","_EventStartDateUTC":"","_EventEndDateUTC":"","_EventShowMap":false,"_EventShowMapLink":false,"_EventURL":"","_EventCost":"","_EventCostDescription":"","_EventCurrencySymbol":"","_EventCurrencyCode":"","_EventCurrencyPosition":"","_EventDateTimeSeparator":"","_EventTimeRangeSeparator":"","_EventOrganizerID":[],"_EventVenueID":[],"_OrganizerEmail":"","_OrganizerPhone":"","_OrganizerWebsite":"","_VenueAddress":"","_VenueCity":"","_VenueCountry":"","_VenueProvince":"","_VenueState":"","_VenueZip":"","_VenuePhone":"","_VenueURL":"","_VenueStateProvince":"","_VenueLat":"","_VenueLng":"","_VenueShowMap":false,"_VenueShowMapLink":false,"twitterCardType":"","cardImageID":0,"cardImage":"","cardTitle":"","cardDesc":"","cardImageAlt":"","cardPlayer":"","cardPlayerWidth":0,"cardPlayerHeight":0,"cardPlayerStream":"","cardPlayerCodec":""},"product_cat":[],"product_tag":[],"class_list":["post-41487","product","type-product","status-publish","hentry"],"acf":{"description":"Kultovn\u00ed sci-fi, tentokr\u00e1t k poslechu!\n\n\u0160estadvacet voln\u011b spojen\u00fdch pov\u00eddek l\u00ed\u010d\u00ed budouc\u00ed kolonizaci Marsu. Lid\u00e9 p\u0159ich\u00e1zej\u00ed a sv\u00fdm vp\u00e1dem ru\u0161\u00ed tich\u00e9 kouzlo rud\u00e9 planety, ale nakonec \u2013 po letech nesnadn\u00e9ho vzestupu a n\u00e1sledn\u00e9ho p\u00e1du \u2013 ji stejn\u011b opou\u0161t\u011bj\u00ed a ponech\u00e1vaj\u00ed znovu osam\u011blou a ztichlou. Jen v\u00edtr se proh\u00e1n\u00ed opu\u0161t\u011bn\u00fdmi m\u011bsty pozem\u0161\u0165an\u016f a d\u00e1vno vym\u0159el\u00fdmi letovisky Mar\u0165an\u016f. Celou knihou prostupuje zvl\u00e1\u0161tn\u00ed touha po d\u00e1lk\u00e1ch, nostalgie a smutek nad p\u00e1dem martsk\u00e9ho r\u00e1je, kter\u00fd lid\u00e9 ni\u010d\u00ed od sv\u00e9ho prvn\u00edho p\u0159ist\u00e1n\u00ed na p\u00edse\u010dn\u00e9 planet\u011b. Do tv\u00e1\u0159e Marsu spisovatel\u00e9 \u010dasto projektovali sv\u00e9 obavy a sny \u2013 zvl\u00e1\u0161t\u011b od dob V\u00e1lky sv\u011bt\u016f od H. G. Wellse. V dob\u011b, kdy p\u0159evl\u00e1dala burroughsovsk\u00e1 vize barvotiskov\u00fdch dobrodru\u017estv\u00ed, je\u017e na Marsu kr\u00e1l\u016f a princezen za\u017e\u00edvaj\u00ed odv\u00e1\u017en\u00ed hrdinov\u00e9, p\u0159i\u0161el Bradbury s origin\u00e1ln\u00ed kronikou plnou poetick\u00fdch obraz\u016f. A pr\u00e1v\u011b jeho vize p\u0159etrvala a udivuje \u010dten\u00e1\u0159e svou p\u016fsobivost\u00ed dodnes. P\u0159eklad knihy byl pro nov\u00e9 vyd\u00e1n\u00ed zrevidov\u00e1n, dopln\u011bn \u00favodn\u00edm slovem, je\u017e pro jubilejn\u00ed vyd\u00e1n\u00ed v roce 1997 napsal s\u00e1m autor. Z\u00e1v\u011bre\u010dn\u00fd portr\u00e9t Raye Bradburyho poch\u00e1z\u00ed z pera n\u011bmeck\u00e9ho znalce science fiction Rainera Eisfelda. \u201eRaye Bradburyho jsem \u010detla b\u011bhem dosp\u00edv\u00e1n\u00ed a ty p\u0159\u00edb\u011bhy se mi opravdu vryly do mysli, obzvl\u00e1\u0161\u0165 ,Mar\u0165an\u2018 a dal\u0161\u00ed pov\u00eddky z Mar\u0165ansk\u00e9 kroniky a rom\u00e1n 451 stup\u0148\u016f Fahrenheita.\u201c Margaret Atwoodov\u00e1 \u201eJeden z nejv\u011bt\u0161\u00edch vizion\u00e1\u0159\u016f na\u0161\u00ed doby.\u201c Aldous Huxley","item_id":"LX1489621","productname":"Mar\u0165ansk\u00e1 kronika (audiokniha)","product":"Mar\u0165ansk\u00e1 kronika (audiokniha)","url":"https:\/\/www.luxor.cz\/v\/1489621\/cd-martanska-kronikaaudiokniha","imgurl":"https:\/\/img.luxor.cz\/orig\/produkty\/8594050424647.jpg","price_vat":"299.00","margin":"","vat":"","paramname1":"","paramval1":"","paramname2":"","paramval2":"","paramname3":"","paramval3":"","paramname4":"","paramval4":"","paramname5":"","paramval5":"","paramname6":"","paramval6":"","paramname7":"","paramval7":"","paramname8":"","paramval8":"","paramname9":"","paramval9":"","paramname10":"","paramval10":"","ean":"8594050424647","manufacturer":"Plus","categorytext":""},"_links":{"self":[{"href":"https:\/\/www.luxor.cz\/blog\/wp-json\/wp\/v2\/product\/41487","targetHints":{"allow":["GET"]}}],"collection":[{"href":"https:\/\/www.luxor.cz\/blog\/wp-json\/wp\/v2\/product"}],"about":[{"href":"https:\/\/www.luxor.cz\/blog\/wp-json\/wp\/v2\/types\/product"}],"replies":[{"embeddable":true,"href":"https:\/\/www.luxor.cz\/blog\/wp-json\/wp\/v2\/comments?post=41487"}],"wp:attachment":[{"href":"https:\/\/www.luxor.cz\/blog\/wp-json\/wp\/v2\/media?parent=41487"}],"wp:term":[{"taxonomy":"product_cat","embeddable":true,"href":"https:\/\/www.luxor.cz\/blog\/wp-json\/wp\/v2\/product_cat?post=41487"},{"taxonomy":"product_tag","embeddable":true,"href":"https:\/\/www.luxor.cz\/blog\/wp-json\/wp\/v2\/product_tag?post=41487"}],"curies":[{"name":"wp","href":"https:\/\/api.w.org\/{rel}","templated":true}]}}