{"id":40852,"date":"2023-08-14T08:56:13","date_gmt":"2023-08-14T06:56:13","guid":{"rendered":"https:\/\/www.luxor.cz\/blog\/produkt\/harry-potter-sberatelska-hulka-severus-snape\/"},"modified":"2023-08-14T08:56:15","modified_gmt":"2023-08-14T06:56:15","slug":"harry-potter-sberatelska-hulka-severus-snape","status":"publish","type":"product","link":"https:\/\/www.luxor.cz\/blog\/produkt\/harry-potter-sberatelska-hulka-severus-snape\/","title":{"rendered":"Harry Potter: Sb\u011bratelsk\u00e1 h\u016flka &#8211; Severus Snape"},"content":{"rendered":"<p>Sb\u011bratelsk\u00e1 h\u016flka Severuse v pr\u00e9miov\u00e9 kvalit\u011b pro opravdov\u00e9 nad\u0161ence knih a film\u016f Harry Pottera.<br \/>\nMateri\u00e1l: Prysky\u0159ice<br \/>\nD\u00e9lka: 40 cm<br \/>\nOfici\u00e1ln\u00ed licence Harry Potter<br \/>\nV\u00fdrobce: britsk\u00e1 spole\u010dnost Noble Collection<\/p>\n","protected":false},"excerpt":{"rendered":"<p>Sb\u011bratelsk\u00e1 h\u016flka Severuse v pr\u00e9miov\u00e9 kvalit\u011b pro opravdov\u00e9 nad\u0161ence knih a film\u016f Harry Pottera. Materi\u00e1l: Prysky\u0159ice D\u00e9lka: 40 cm Ofici\u00e1ln\u00ed licence Harry Potter V\u00fdrobce: britsk\u00e1 spole\u010dnost Noble Collection<\/p>\n","protected":false},"featured_media":0,"comment_status":"closed","ping_status":"open","template":"","meta":{"_acf_changed":false,"_monsterinsights_skip_tracking":false,"_monsterinsights_sitenote_active":false,"_monsterinsights_sitenote_note":"","_monsterinsights_sitenote_category":0,"_EventAllDay":false,"_EventTimezone":"","_EventStartDate":"","_EventEndDate":"","_EventStartDateUTC":"","_EventEndDateUTC":"","_EventShowMap":false,"_EventShowMapLink":false,"_EventURL":"","_EventCost":"","_EventCostDescription":"","_EventCurrencySymbol":"","_EventCurrencyCode":"","_EventCurrencyPosition":"","_EventDateTimeSeparator":"","_EventTimeRangeSeparator":"","_EventOrganizerID":[],"_EventVenueID":[],"_OrganizerEmail":"","_OrganizerPhone":"","_OrganizerWebsite":"","_VenueAddress":"","_VenueCity":"","_VenueCountry":"","_VenueProvince":"","_VenueState":"","_VenueZip":"","_VenuePhone":"","_VenueURL":"","_VenueStateProvince":"","_VenueLat":"","_VenueLng":"","_VenueShowMap":false,"_VenueShowMapLink":false,"twitterCardType":"","cardImageID":0,"cardImage":"","cardTitle":"","cardDesc":"","cardImageAlt":"","cardPlayer":"","cardPlayerWidth":0,"cardPlayerHeight":0,"cardPlayerStream":"","cardPlayerCodec":""},"product_cat":[],"product_tag":[],"class_list":["post-40852","product","type-product","status-publish","hentry"],"acf":{"description":"Sb\u011bratelsk\u00e1 h\u016flka Severuse v pr\u00e9miov\u00e9 kvalit\u011b pro opravdov\u00e9 nad\u0161ence knih a film\u016f Harry Pottera. \nMateri\u00e1l: Prysky\u0159ice\nD\u00e9lka: 40 cm\nOfici\u00e1ln\u00ed licence Harry Potter\nV\u00fdrobce: britsk\u00e1 spole\u010dnost Noble Collection","item_id":"LX1476855","productname":"Harry Potter: Sb\u011bratelsk\u00e1 h\u016flka - Severus Snape","product":"Harry Potter: Sb\u011bratelsk\u00e1 h\u016flka - Severus Snape","url":"https:\/\/www.luxor.cz\/v\/1476855\/harry-potter-sberatelska-hulka-severus-snape","imgurl":"https:\/\/img.luxor.cz\/orig\/produkty\/812370015559.jpg","price_vat":"829.00","margin":"","vat":"","paramname1":"","paramval1":"","paramname2":"","paramval2":"","paramname3":"","paramval3":"","paramname4":"","paramval4":"","paramname5":"","paramval5":"","paramname6":"","paramval6":"","paramname7":"","paramval7":"","paramname8":"","paramval8":"","paramname9":"","paramval9":"","paramname10":"","paramval10":"","ean":"812370015559","manufacturer":"Noble Collection","categorytext":""},"_links":{"self":[{"href":"https:\/\/www.luxor.cz\/blog\/wp-json\/wp\/v2\/product\/40852","targetHints":{"allow":["GET"]}}],"collection":[{"href":"https:\/\/www.luxor.cz\/blog\/wp-json\/wp\/v2\/product"}],"about":[{"href":"https:\/\/www.luxor.cz\/blog\/wp-json\/wp\/v2\/types\/product"}],"replies":[{"embeddable":true,"href":"https:\/\/www.luxor.cz\/blog\/wp-json\/wp\/v2\/comments?post=40852"}],"wp:attachment":[{"href":"https:\/\/www.luxor.cz\/blog\/wp-json\/wp\/v2\/media?parent=40852"}],"wp:term":[{"taxonomy":"product_cat","embeddable":true,"href":"https:\/\/www.luxor.cz\/blog\/wp-json\/wp\/v2\/product_cat?post=40852"},{"taxonomy":"product_tag","embeddable":true,"href":"https:\/\/www.luxor.cz\/blog\/wp-json\/wp\/v2\/product_tag?post=40852"}],"curies":[{"name":"wp","href":"https:\/\/api.w.org\/{rel}","templated":true}]}}