{"id":39107,"date":"2023-08-14T08:51:02","date_gmt":"2023-08-14T06:51:02","guid":{"rendered":"https:\/\/www.luxor.cz\/blog\/produkt\/michal-tucny-fidlej-a-hraj-dvd\/"},"modified":"2023-08-14T08:51:03","modified_gmt":"2023-08-14T06:51:03","slug":"michal-tucny-fidlej-a-hraj-dvd","status":"publish","type":"product","link":"https:\/\/www.luxor.cz\/blog\/produkt\/michal-tucny-fidlej-a-hraj-dvd\/","title":{"rendered":"Michal Tu\u010dn\u00fd &#8211; fidlej a hraj DVD"},"content":{"rendered":"<p>Audiovizu\u00e1ln\u00ed z\u00e1znamy nab\u00edzej\u00ed Tu\u010dn\u00e9ho tvorbu s Greenhorny &#8211; Zelen\u00e1\u010di, Fe\u0161\u00e1ky i Tu\u010d\u0148\u00e1ky, tedy s kapelami r\u016fznorod\u011b \u0161pi\u010dkov\u00fdmi a se spolupracovn\u00edky z\u00e1sadn\u00edmi.<\/p>\n","protected":false},"excerpt":{"rendered":"<p>Audiovizu\u00e1ln\u00ed z\u00e1znamy nab\u00edzej\u00ed Tu\u010dn\u00e9ho tvorbu s Greenhorny &#8211; Zelen\u00e1\u010di, Fe\u0161\u00e1ky i Tu\u010d\u0148\u00e1ky, tedy s kapelami r\u016fznorod\u011b \u0161pi\u010dkov\u00fdmi a se spolupracovn\u00edky z\u00e1sadn\u00edmi.<\/p>\n","protected":false},"featured_media":0,"comment_status":"closed","ping_status":"open","template":"","meta":{"_acf_changed":false,"_monsterinsights_skip_tracking":false,"_monsterinsights_sitenote_active":false,"_monsterinsights_sitenote_note":"","_monsterinsights_sitenote_category":0,"_EventAllDay":false,"_EventTimezone":"","_EventStartDate":"","_EventEndDate":"","_EventStartDateUTC":"","_EventEndDateUTC":"","_EventShowMap":false,"_EventShowMapLink":false,"_EventURL":"","_EventCost":"","_EventCostDescription":"","_EventCurrencySymbol":"","_EventCurrencyCode":"","_EventCurrencyPosition":"","_EventDateTimeSeparator":"","_EventTimeRangeSeparator":"","_EventOrganizerID":[],"_EventVenueID":[],"_OrganizerEmail":"","_OrganizerPhone":"","_OrganizerWebsite":"","_VenueAddress":"","_VenueCity":"","_VenueCountry":"","_VenueProvince":"","_VenueState":"","_VenueZip":"","_VenuePhone":"","_VenueURL":"","_VenueStateProvince":"","_VenueLat":"","_VenueLng":"","_VenueShowMap":false,"_VenueShowMapLink":false,"twitterCardType":"","cardImageID":0,"cardImage":"","cardTitle":"","cardDesc":"","cardImageAlt":"","cardPlayer":"","cardPlayerWidth":0,"cardPlayerHeight":0,"cardPlayerStream":"","cardPlayerCodec":""},"product_cat":[],"product_tag":[],"class_list":["post-39107","product","type-product","status-publish","hentry"],"acf":{"description":"Audiovizu\u00e1ln\u00ed z\u00e1znamy nab\u00edzej\u00ed Tu\u010dn\u00e9ho tvorbu s Greenhorny - Zelen\u00e1\u010di, Fe\u0161\u00e1ky i Tu\u010d\u0148\u00e1ky, tedy s kapelami r\u016fznorod\u011b \u0161pi\u010dkov\u00fdmi a se spolupracovn\u00edky z\u00e1sadn\u00edmi.","item_id":"LX1471998","productname":"Michal Tu\u010dn\u00fd - fidlej a hraj DVD","product":"Michal Tu\u010dn\u00fd - fidlej a hraj DVD","url":"https:\/\/www.luxor.cz\/v\/1471998\/michal-tucny-fidlej-a-hraj-dvd","imgurl":"https:\/\/img.luxor.cz\/orig\/produkty\/099925709099.jpg","price_vat":"343.00","margin":"","vat":"","paramname1":"","paramval1":"","paramname2":"","paramval2":"","paramname3":"","paramval3":"","paramname4":"","paramval4":"","paramname5":"","paramval5":"","paramname6":"","paramval6":"","paramname7":"","paramval7":"","paramname8":"","paramval8":"","paramname9":"","paramval9":"","paramname10":"","paramval10":"","ean":"099925709099","manufacturer":"Supraphon","categorytext":""},"_links":{"self":[{"href":"https:\/\/www.luxor.cz\/blog\/wp-json\/wp\/v2\/product\/39107","targetHints":{"allow":["GET"]}}],"collection":[{"href":"https:\/\/www.luxor.cz\/blog\/wp-json\/wp\/v2\/product"}],"about":[{"href":"https:\/\/www.luxor.cz\/blog\/wp-json\/wp\/v2\/types\/product"}],"replies":[{"embeddable":true,"href":"https:\/\/www.luxor.cz\/blog\/wp-json\/wp\/v2\/comments?post=39107"}],"wp:attachment":[{"href":"https:\/\/www.luxor.cz\/blog\/wp-json\/wp\/v2\/media?parent=39107"}],"wp:term":[{"taxonomy":"product_cat","embeddable":true,"href":"https:\/\/www.luxor.cz\/blog\/wp-json\/wp\/v2\/product_cat?post=39107"},{"taxonomy":"product_tag","embeddable":true,"href":"https:\/\/www.luxor.cz\/blog\/wp-json\/wp\/v2\/product_tag?post=39107"}],"curies":[{"name":"wp","href":"https:\/\/api.w.org\/{rel}","templated":true}]}}