{"id":37241,"date":"2023-08-14T08:45:38","date_gmt":"2023-08-14T06:45:38","guid":{"rendered":"https:\/\/www.luxor.cz\/blog\/produkt\/moudrost-starych-psu\/"},"modified":"2023-08-14T08:45:38","modified_gmt":"2023-08-14T06:45:38","slug":"moudrost-starych-psu","status":"publish","type":"product","link":"https:\/\/www.luxor.cz\/blog\/produkt\/moudrost-starych-psu\/","title":{"rendered":"Moudrost star\u00fdch ps\u016f"},"content":{"rendered":"<p>Psi jsou \u00fa\u017easn\u00ed \u2013 v ka\u017ed\u00e9m v\u011bku! \u017divot se star\u00fdm psem n\u00e1m otev\u00edr\u00e1 o\u010di a srdce v\u00edc, ne\u017e si um\u00edme p\u0159edstavit. Sta\u0159\u00ed psi n\u00e1s mohou mnoh\u00e9mu nau\u010dit: Nap\u0159\u00edklad br\u00e1t ka\u017ed\u00fd den jako dar, ni\u010deho nelitovat, starat se o svou sme\u010dku, poznat, na \u010dem skute\u010dn\u011b z\u00e1le\u017e\u00ed, ale tak\u00e9 odpou\u0161t\u011bt nebo br\u00e1t v\u011bci tak, jak jsou.<br \/>\nElli H. Radingerov\u00e1 vypr\u00e1v\u00ed nap\u00ednav\u00e9 a dojemn\u00e9 p\u0159\u00edb\u011bhy o d\u016fv\u011b\u0159e, trp\u011blivosti, pozornosti, vd\u011b\u010dnosti, intuici, l\u00e1sce a vtipu, kter\u00e9 se pozvolna vytr\u00e1cej\u00ed z na\u0161eho usp\u011bchan\u00e9ho \u017eivota. A ukazuje n\u00e1m, jak se d\u00edky na\u0161im \u010dty\u0159noh\u00fdm spole\u010dn\u00edk\u016fm m\u016f\u017eeme nau\u010dit zach\u00e1zet se smutkem a ztr\u00e1tou.<br \/>\nMoudrost star\u00fdch ps\u016f je srde\u010dn\u00fd a h\u0159ejiv\u00fd kompliment nejlep\u0161\u00edm p\u0159\u00e1tel\u016fm lid\u00ed \u2013 ps\u016fm!<\/p>\n","protected":false},"excerpt":{"rendered":"<p>Psi jsou \u00fa\u017easn\u00ed \u2013 v ka\u017ed\u00e9m v\u011bku! \u017divot se star\u00fdm psem n\u00e1m otev\u00edr\u00e1 o\u010di a srdce v\u00edc, ne\u017e si um\u00edme p\u0159edstavit. Sta\u0159\u00ed psi n\u00e1s mohou mnoh\u00e9mu nau\u010dit: Nap\u0159\u00edklad br\u00e1t ka\u017ed\u00fd [&hellip;]<\/p>\n","protected":false},"featured_media":0,"comment_status":"closed","ping_status":"open","template":"","meta":{"_acf_changed":false,"_monsterinsights_skip_tracking":false,"_monsterinsights_sitenote_active":false,"_monsterinsights_sitenote_note":"","_monsterinsights_sitenote_category":0,"_EventAllDay":false,"_EventTimezone":"","_EventStartDate":"","_EventEndDate":"","_EventStartDateUTC":"","_EventEndDateUTC":"","_EventShowMap":false,"_EventShowMapLink":false,"_EventURL":"","_EventCost":"","_EventCostDescription":"","_EventCurrencySymbol":"","_EventCurrencyCode":"","_EventCurrencyPosition":"","_EventDateTimeSeparator":"","_EventTimeRangeSeparator":"","_EventOrganizerID":[],"_EventVenueID":[],"_OrganizerEmail":"","_OrganizerPhone":"","_OrganizerWebsite":"","_VenueAddress":"","_VenueCity":"","_VenueCountry":"","_VenueProvince":"","_VenueState":"","_VenueZip":"","_VenuePhone":"","_VenueURL":"","_VenueStateProvince":"","_VenueLat":"","_VenueLng":"","_VenueShowMap":false,"_VenueShowMapLink":false,"twitterCardType":"","cardImageID":0,"cardImage":"","cardTitle":"","cardDesc":"","cardImageAlt":"","cardPlayer":"","cardPlayerWidth":0,"cardPlayerHeight":0,"cardPlayerStream":"","cardPlayerCodec":""},"product_cat":[],"product_tag":[],"class_list":["post-37241","product","type-product","status-publish","hentry"],"acf":{"description":"Psi jsou \u00fa\u017easn\u00ed \u2013 v ka\u017ed\u00e9m v\u011bku! \u017divot se star\u00fdm psem n\u00e1m otev\u00edr\u00e1 o\u010di a srdce v\u00edc, ne\u017e si um\u00edme p\u0159edstavit. Sta\u0159\u00ed psi n\u00e1s mohou mnoh\u00e9mu nau\u010dit: Nap\u0159\u00edklad br\u00e1t ka\u017ed\u00fd den jako dar, ni\u010deho nelitovat, starat se o svou sme\u010dku, poznat, na \u010dem skute\u010dn\u011b z\u00e1le\u017e\u00ed, ale tak\u00e9 odpou\u0161t\u011bt nebo br\u00e1t v\u011bci tak, jak jsou.\nElli H. Radingerov\u00e1 vypr\u00e1v\u00ed nap\u00ednav\u00e9 a dojemn\u00e9 p\u0159\u00edb\u011bhy o d\u016fv\u011b\u0159e, trp\u011blivosti, pozornosti, vd\u011b\u010dnosti, intuici, l\u00e1sce a vtipu, kter\u00e9 se pozvolna vytr\u00e1cej\u00ed z na\u0161eho usp\u011bchan\u00e9ho \u017eivota. A ukazuje n\u00e1m, jak se d\u00edky na\u0161im \u010dty\u0159noh\u00fdm spole\u010dn\u00edk\u016fm m\u016f\u017eeme nau\u010dit zach\u00e1zet se smutkem a ztr\u00e1tou.\nMoudrost star\u00fdch ps\u016f je srde\u010dn\u00fd a h\u0159ejiv\u00fd kompliment nejlep\u0161\u00edm p\u0159\u00e1tel\u016fm lid\u00ed \u2013 ps\u016fm!","item_id":"LX1472628","productname":"Moudrost star\u00fdch ps\u016f","product":"Moudrost star\u00fdch ps\u016f","url":"https:\/\/www.luxor.cz\/v\/1472628\/moudrost-starych-psu","imgurl":"https:\/\/img.luxor.cz\/orig\/produkty\/9788020451057.jpg","price_vat":"357.00","margin":"","vat":"","paramname1":"","paramval1":"","paramname2":"","paramval2":"","paramname3":"","paramval3":"","paramname4":"","paramval4":"","paramname5":"","paramval5":"","paramname6":"","paramval6":"","paramname7":"","paramval7":"","paramname8":"","paramval8":"","paramname9":"","paramval9":"","paramname10":"","paramval10":"","ean":"9788020451057","manufacturer":"Mlad\u00e1 fronta","categorytext":""},"_links":{"self":[{"href":"https:\/\/www.luxor.cz\/blog\/wp-json\/wp\/v2\/product\/37241","targetHints":{"allow":["GET"]}}],"collection":[{"href":"https:\/\/www.luxor.cz\/blog\/wp-json\/wp\/v2\/product"}],"about":[{"href":"https:\/\/www.luxor.cz\/blog\/wp-json\/wp\/v2\/types\/product"}],"replies":[{"embeddable":true,"href":"https:\/\/www.luxor.cz\/blog\/wp-json\/wp\/v2\/comments?post=37241"}],"wp:attachment":[{"href":"https:\/\/www.luxor.cz\/blog\/wp-json\/wp\/v2\/media?parent=37241"}],"wp:term":[{"taxonomy":"product_cat","embeddable":true,"href":"https:\/\/www.luxor.cz\/blog\/wp-json\/wp\/v2\/product_cat?post=37241"},{"taxonomy":"product_tag","embeddable":true,"href":"https:\/\/www.luxor.cz\/blog\/wp-json\/wp\/v2\/product_tag?post=37241"}],"curies":[{"name":"wp","href":"https:\/\/api.w.org\/{rel}","templated":true}]}}