{"id":37109,"date":"2023-08-14T08:45:10","date_gmt":"2023-08-14T06:45:10","guid":{"rendered":"https:\/\/www.luxor.cz\/blog\/produkt\/karel-kryl-bratricku-zavirej-vratka-cd\/"},"modified":"2023-08-14T08:45:12","modified_gmt":"2023-08-14T06:45:12","slug":"karel-kryl-bratricku-zavirej-vratka-cd","status":"publish","type":"product","link":"https:\/\/www.luxor.cz\/blog\/produkt\/karel-kryl-bratricku-zavirej-vratka-cd\/","title":{"rendered":"Karel Kryl &#8211; Brat\u0159\u00ed\u010dku, zav\u00edrej vr\u00e1tka CD"},"content":{"rendered":"<p>Pravd\u011bpodobn\u011b nejd\u016fle\u017eit\u011bj\u0161\u00ed album na\u0161\u00ed popul\u00e1rn\u00ed hudby 20. stolet\u00ed! Ankety odborn\u00edk\u016f i poslucha\u010d\u016f pasovaly tuhle sestavu \u010dtrn\u00e1cti skladeb pro kytaru, hlas a slova na to nejz\u00e1sadn\u011bj\u0161\u00ed, co se tu p\u0159ihodilo.  Vedle nepochybn\u00e9 hudebn\u00ed, p\u011bveck\u00e9 a b\u00e1snick\u00e9 kvality se Brat\u0159\u00ed\u010dek stal symbolem tak\u00e9 pro spole\u010densk\u00e9 souvislosti kolem roku 1968 a d\u00e1l. Karlu Krylovi byl osudem d\u00e1n jen velmi kr\u00e1tk\u00fd koncertn\u00ed kontakt s \u010desk\u00fdmi a slovensk\u00fdmi div\u00e1ky, tomuto albu pouze prvn\u00ed n\u00e1klad a z\u00e1kaz po Krylov\u011b emigraci na podzim roku 1969. Zp\u011bv\u00e1kovo n\u00e1sledn\u00e9 zahrani\u010dn\u00ed p\u016fsoben\u00ed m\u011blo v podob\u011b pa\u0161ovan\u00fdch elp\u00ed\u010dek a kazet plus rozhlasov\u00e9ho vys\u00edl\u00e1n\u00ed d\u016fle\u017eit\u00fd neofici\u00e1ln\u00ed ohlas, ale p\u00edsni\u010dky z Brat\u0159\u00ed\u010dka se staly nejsiln\u011bj\u0161\u00ed sou\u010d\u00e1st\u00ed na\u0161ich \u017eivot\u016f. Ka\u017ed\u00fd z t\u011bch n\u00e1zv\u016f evokuje p\u0159\u00edb\u011bh, vzpom\u00ednku, zp\u00edv\u00e1n\u00ed doma, u t\u00e1bor\u00e1ku, na vod\u011b, kdekoli tam, kde pobl\u00ed\u017e nebyl f\u00edzl. Tituln\u00ed skladba, ale tak\u00e9 Salome, Veli\u010denstvo Kat, And\u011bl, Pieta, P\u00edse\u0148 nezn\u00e1m\u00e9ho voj\u00edna nebo Morituri de salutant se staly hymnami tich\u00e9ho vzdoru, reperto\u00e1rem v\u0161ech se schopnost\u00ed je zazp\u00edvat, zahr\u00e1t &#8211; a pochopit.  Tato reedice po \u0159ad\u011b let nab\u00edz\u00ed jedine\u010dn\u00e9 album v samostatn\u00e9 p\u016fvodn\u00ed podob\u011b. Snaha o maxim\u00e1ln\u00ed technickou kvalitu ikonick\u00fdch fotografick\u00fdch p\u0159edloh Josefa Koudelky. Booklet obsahuj\u00ed historickou \u00favahu Ji\u0159\u00edho \u010cern\u00e9ho, komplet v\u0161ech p\u00eds\u0148ov\u00fdch text\u016f je dopln\u011bn fotografiemi Otty Dlaboly z roku 1969. \u010cty\u0159icet \u0161est let po p\u016fvodn\u00edm vyd\u00e1n\u00ed, rok pot\u00e9, co jubilejn\u00ed koncert v Lucern\u011b dok\u00e1zal, \u017ee Krylovy skladby trvale inspiruj\u00ed i sou\u010dasnou generaci na\u0161ich \u0161pi\u010dkov\u00fdch zp\u011bva\u010dek a zp\u011bv\u00e1k\u016f, je tu p\u016fvodn\u00ed Brat\u0159\u00ed\u010dek. Prost\u00fd, pravdiv\u00fd, dokonal\u00fd.  &nbsp;  &nbsp; 1.album (1969) \u00a0 \u00a0\/CD REEDICE 2015\/  1. Brat\u0159\u00ed\u010dku, zav\u00edrej vr\u00e1tka 2. Kr\u00e1l a klaun 3. Salome 4. Veli\u010denstvo Kat 5. D\u016fchodce 6. And\u011bl 7. Morituri te salutant 8. Pieta 9. Podivn\u00e1 ruleta 10. Znamen\u00ed doby 11. P\u00edse\u0148 Nezn\u00e1m\u00e9ho voj\u00edna 12. Nevidom\u00e1 d\u00edvka 13. Je\u0159abiny 14. Pas\u00e1\u017eov\u00e1 revolta<\/p>\n","protected":false},"excerpt":{"rendered":"<p>Pravd\u011bpodobn\u011b nejd\u016fle\u017eit\u011bj\u0161\u00ed album na\u0161\u00ed popul\u00e1rn\u00ed hudby 20. stolet\u00ed! Ankety odborn\u00edk\u016f i poslucha\u010d\u016f pasovaly tuhle sestavu \u010dtrn\u00e1cti skladeb pro kytaru, hlas a slova na to nejz\u00e1sadn\u011bj\u0161\u00ed, co se tu p\u0159ihodilo. Vedle [&hellip;]<\/p>\n","protected":false},"featured_media":0,"comment_status":"closed","ping_status":"open","template":"","meta":{"_acf_changed":false,"_monsterinsights_skip_tracking":false,"_monsterinsights_sitenote_active":false,"_monsterinsights_sitenote_note":"","_monsterinsights_sitenote_category":0,"_EventAllDay":false,"_EventTimezone":"","_EventStartDate":"","_EventEndDate":"","_EventStartDateUTC":"","_EventEndDateUTC":"","_EventShowMap":false,"_EventShowMapLink":false,"_EventURL":"","_EventCost":"","_EventCostDescription":"","_EventCurrencySymbol":"","_EventCurrencyCode":"","_EventCurrencyPosition":"","_EventDateTimeSeparator":"","_EventTimeRangeSeparator":"","_EventOrganizerID":[],"_EventVenueID":[],"_OrganizerEmail":"","_OrganizerPhone":"","_OrganizerWebsite":"","_VenueAddress":"","_VenueCity":"","_VenueCountry":"","_VenueProvince":"","_VenueState":"","_VenueZip":"","_VenuePhone":"","_VenueURL":"","_VenueStateProvince":"","_VenueLat":"","_VenueLng":"","_VenueShowMap":false,"_VenueShowMapLink":false,"twitterCardType":"","cardImageID":0,"cardImage":"","cardTitle":"","cardDesc":"","cardImageAlt":"","cardPlayer":"","cardPlayerWidth":0,"cardPlayerHeight":0,"cardPlayerStream":"","cardPlayerCodec":""},"product_cat":[],"product_tag":[],"class_list":["post-37109","product","type-product","status-publish","hentry"],"acf":{"description":"Pravd\u011bpodobn\u011b nejd\u016fle\u017eit\u011bj\u0161\u00ed album na\u0161\u00ed popul\u00e1rn\u00ed hudby 20. stolet\u00ed! Ankety odborn\u00edk\u016f i poslucha\u010d\u016f pasovaly tuhle sestavu \u010dtrn\u00e1cti skladeb pro kytaru, hlas a slova na to nejz\u00e1sadn\u011bj\u0161\u00ed, co se tu p\u0159ihodilo.  Vedle nepochybn\u00e9 hudebn\u00ed, p\u011bveck\u00e9 a b\u00e1snick\u00e9 kvality se Brat\u0159\u00ed\u010dek stal symbolem tak\u00e9 pro spole\u010densk\u00e9 souvislosti kolem roku 1968 a d\u00e1l. Karlu Krylovi byl osudem d\u00e1n jen velmi kr\u00e1tk\u00fd koncertn\u00ed kontakt s \u010desk\u00fdmi a slovensk\u00fdmi div\u00e1ky, tomuto albu pouze prvn\u00ed n\u00e1klad a z\u00e1kaz po Krylov\u011b emigraci na podzim roku 1969. Zp\u011bv\u00e1kovo n\u00e1sledn\u00e9 zahrani\u010dn\u00ed p\u016fsoben\u00ed m\u011blo v podob\u011b pa\u0161ovan\u00fdch elp\u00ed\u010dek a kazet plus rozhlasov\u00e9ho vys\u00edl\u00e1n\u00ed d\u016fle\u017eit\u00fd neofici\u00e1ln\u00ed ohlas, ale p\u00edsni\u010dky z Brat\u0159\u00ed\u010dka se staly nejsiln\u011bj\u0161\u00ed sou\u010d\u00e1st\u00ed na\u0161ich \u017eivot\u016f. Ka\u017ed\u00fd z t\u011bch n\u00e1zv\u016f evokuje p\u0159\u00edb\u011bh, vzpom\u00ednku, zp\u00edv\u00e1n\u00ed doma, u t\u00e1bor\u00e1ku, na vod\u011b, kdekoli tam, kde pobl\u00ed\u017e nebyl f\u00edzl. Tituln\u00ed skladba, ale tak\u00e9 Salome, Veli\u010denstvo Kat, And\u011bl, Pieta, P\u00edse\u0148 nezn\u00e1m\u00e9ho voj\u00edna nebo Morituri de salutant se staly hymnami tich\u00e9ho vzdoru, reperto\u00e1rem v\u0161ech se schopnost\u00ed je zazp\u00edvat, zahr\u00e1t - a pochopit.  Tato reedice po \u0159ad\u011b let nab\u00edz\u00ed jedine\u010dn\u00e9 album v samostatn\u00e9 p\u016fvodn\u00ed podob\u011b. Snaha o maxim\u00e1ln\u00ed technickou kvalitu ikonick\u00fdch fotografick\u00fdch p\u0159edloh Josefa Koudelky. Booklet obsahuj\u00ed historickou \u00favahu Ji\u0159\u00edho \u010cern\u00e9ho, komplet v\u0161ech p\u00eds\u0148ov\u00fdch text\u016f je dopln\u011bn fotografiemi Otty Dlaboly z roku 1969. \u010cty\u0159icet \u0161est let po p\u016fvodn\u00edm vyd\u00e1n\u00ed, rok pot\u00e9, co jubilejn\u00ed koncert v Lucern\u011b dok\u00e1zal, \u017ee Krylovy skladby trvale inspiruj\u00ed i sou\u010dasnou generaci na\u0161ich \u0161pi\u010dkov\u00fdch zp\u011bva\u010dek a zp\u011bv\u00e1k\u016f, je tu p\u016fvodn\u00ed Brat\u0159\u00ed\u010dek. Prost\u00fd, pravdiv\u00fd, dokonal\u00fd.  &nbsp;  &nbsp; 1.album (1969) \u00a0 \u00a0\/CD REEDICE 2015\/  1. Brat\u0159\u00ed\u010dku, zav\u00edrej vr\u00e1tka 2. Kr\u00e1l a klaun 3. Salome 4. Veli\u010denstvo Kat 5. D\u016fchodce 6. And\u011bl 7. Morituri te salutant 8. Pieta 9. Podivn\u00e1 ruleta 10. Znamen\u00ed doby 11. P\u00edse\u0148 Nezn\u00e1m\u00e9ho voj\u00edna 12. Nevidom\u00e1 d\u00edvka 13. Je\u0159abiny 14. Pas\u00e1\u017eov\u00e1 revolta","item_id":"LX1470956","productname":"Karel Kryl - Brat\u0159\u00ed\u010dku, zav\u00edrej vr\u00e1tka CD","product":"Karel Kryl - Brat\u0159\u00ed\u010dku, zav\u00edrej vr\u00e1tka CD","url":"https:\/\/www.luxor.cz\/v\/1470956\/cd-bratricku-zavirej-vratka","imgurl":"https:\/\/img.luxor.cz\/orig\/produkty\/099925628727.jpg","price_vat":"219.00","margin":"","vat":"","paramname1":"","paramval1":"","paramname2":"","paramval2":"","paramname3":"","paramval3":"","paramname4":"","paramval4":"","paramname5":"","paramval5":"","paramname6":"","paramval6":"","paramname7":"","paramval7":"","paramname8":"","paramval8":"","paramname9":"","paramval9":"","paramname10":"","paramval10":"","ean":"099925628727","manufacturer":"Supraphon","categorytext":""},"_links":{"self":[{"href":"https:\/\/www.luxor.cz\/blog\/wp-json\/wp\/v2\/product\/37109","targetHints":{"allow":["GET"]}}],"collection":[{"href":"https:\/\/www.luxor.cz\/blog\/wp-json\/wp\/v2\/product"}],"about":[{"href":"https:\/\/www.luxor.cz\/blog\/wp-json\/wp\/v2\/types\/product"}],"replies":[{"embeddable":true,"href":"https:\/\/www.luxor.cz\/blog\/wp-json\/wp\/v2\/comments?post=37109"}],"wp:attachment":[{"href":"https:\/\/www.luxor.cz\/blog\/wp-json\/wp\/v2\/media?parent=37109"}],"wp:term":[{"taxonomy":"product_cat","embeddable":true,"href":"https:\/\/www.luxor.cz\/blog\/wp-json\/wp\/v2\/product_cat?post=37109"},{"taxonomy":"product_tag","embeddable":true,"href":"https:\/\/www.luxor.cz\/blog\/wp-json\/wp\/v2\/product_tag?post=37109"}],"curies":[{"name":"wp","href":"https:\/\/api.w.org\/{rel}","templated":true}]}}