{"id":318593,"date":"2025-08-20T12:09:06","date_gmt":"2025-08-20T10:09:06","guid":{"rendered":"https:\/\/www.luxor.cz\/blog\/produkt\/zaslibena-zeme-nezeme-6\/"},"modified":"2025-08-20T12:09:11","modified_gmt":"2025-08-20T10:09:11","slug":"zaslibena-zeme-nezeme-6","status":"publish","type":"product","link":"https:\/\/www.luxor.cz\/blog\/produkt\/zaslibena-zeme-nezeme-6\/","title":{"rendered":"Zasl\u00edben\u00e1 Zem\u011b Nezem\u011b 6"},"content":{"rendered":"<h2>\u0160irai Kaiu<\/h2>\n<p>Svoboda je sladk\u00e1, ale p\u0159in\u00e1\u0161\u00ed i t\u011b\u017ek\u00e9 chvilky. Emma a jej\u00ed p\u0159\u00e1tel\u00e9 se ocitaj\u00ed sami v nezn\u00e1m\u00e9m sv\u011bt\u011b a nutn\u011b pot\u0159ebuj\u00ed pr\u016fvodce, kter\u00fd by&#8230;<\/p>\n","protected":false},"excerpt":{"rendered":"<p>Svoboda je sladk\u00e1, ale p\u0159in\u00e1\u0161\u00ed i t\u011b\u017ek\u00e9 chvilky. Emma a jej\u00ed p\u0159\u00e1tel\u00e9 se ocitaj\u00ed sami v nezn\u00e1m\u00e9m sv\u011bt\u011b a nutn\u011b pot\u0159ebuj\u00ed pr\u016fvodce, kter\u00fd by&#8230;<\/p>\n","protected":false},"featured_media":0,"comment_status":"closed","ping_status":"open","template":"","meta":{"_acf_changed":false,"_monsterinsights_skip_tracking":false,"_monsterinsights_sitenote_active":false,"_monsterinsights_sitenote_note":"","_monsterinsights_sitenote_category":0,"_EventAllDay":false,"_EventTimezone":"","_EventStartDate":"","_EventEndDate":"","_EventStartDateUTC":"","_EventEndDateUTC":"","_EventShowMap":false,"_EventShowMapLink":false,"_EventURL":"","_EventCost":"","_EventCostDescription":"","_EventCurrencySymbol":"","_EventCurrencyCode":"","_EventCurrencyPosition":"","_EventDateTimeSeparator":"","_EventTimeRangeSeparator":"","_EventOrganizerID":[],"_EventVenueID":[],"_OrganizerEmail":"","_OrganizerPhone":"","_OrganizerWebsite":"","_VenueAddress":"","_VenueCity":"","_VenueCountry":"","_VenueProvince":"","_VenueState":"","_VenueZip":"","_VenuePhone":"","_VenueURL":"","_VenueStateProvince":"","_VenueLat":"","_VenueLng":"","_VenueShowMap":false,"_VenueShowMapLink":false,"twitterCardType":"","cardImageID":0,"cardImage":"","cardTitle":"","cardDesc":"","cardImageAlt":"","cardPlayer":"","cardPlayerWidth":0,"cardPlayerHeight":0,"cardPlayerStream":"","cardPlayerCodec":""},"product_cat":[],"product_tag":[],"class_list":["post-318593","product","type-product","status-publish","hentry"],"acf":{"description":null,"item_id":null,"productname":null,"product":null,"url":"https:\/\/www.luxor.cz\/v\/1613160\/zaslibena-zeme-nezeme-6","imgurl":null,"price_vat":null,"margin":null,"vat":null,"paramname1":null,"paramval1":null,"paramname2":null,"paramval2":null,"paramname3":null,"paramval3":null,"paramname4":null,"paramval4":null,"paramname5":null,"paramval5":null,"paramname6":null,"paramval6":null,"paramname7":null,"paramval7":null,"paramname8":null,"paramval8":null,"paramname9":null,"paramval9":null,"paramname10":null,"paramval10":null,"ean":null,"manufacturer":null,"categorytext":null},"_links":{"self":[{"href":"https:\/\/www.luxor.cz\/blog\/wp-json\/wp\/v2\/product\/318593","targetHints":{"allow":["GET"]}}],"collection":[{"href":"https:\/\/www.luxor.cz\/blog\/wp-json\/wp\/v2\/product"}],"about":[{"href":"https:\/\/www.luxor.cz\/blog\/wp-json\/wp\/v2\/types\/product"}],"replies":[{"embeddable":true,"href":"https:\/\/www.luxor.cz\/blog\/wp-json\/wp\/v2\/comments?post=318593"}],"wp:attachment":[{"href":"https:\/\/www.luxor.cz\/blog\/wp-json\/wp\/v2\/media?parent=318593"}],"wp:term":[{"taxonomy":"product_cat","embeddable":true,"href":"https:\/\/www.luxor.cz\/blog\/wp-json\/wp\/v2\/product_cat?post=318593"},{"taxonomy":"product_tag","embeddable":true,"href":"https:\/\/www.luxor.cz\/blog\/wp-json\/wp\/v2\/product_tag?post=318593"}],"curies":[{"name":"wp","href":"https:\/\/api.w.org\/{rel}","templated":true}]}}