{"id":314953,"date":"2025-08-20T11:46:08","date_gmt":"2025-08-20T09:46:08","guid":{"rendered":"https:\/\/www.luxor.cz\/blog\/produkt\/vor-meduzy-2\/"},"modified":"2025-08-20T11:46:11","modified_gmt":"2025-08-20T09:46:11","slug":"vor-meduzy-2","status":"publish","type":"product","link":"https:\/\/www.luxor.cz\/blog\/produkt\/vor-meduzy-2\/","title":{"rendered":"Vor Med\u00fazy"},"content":{"rendered":"<h2>Van\u011b\u010dek Arno\u0161t<\/h2>\n<p>\u010cesk\u00e1 liter\u00e1rn\u00ed avantgarda je tradi\u010dn\u011b reprezentov\u00e1na tvorbou n\u011bkolika dominuj\u00edc\u00edch osobnost\u00ed a u\u017e pom\u011brn\u011b dlouho je sou\u010d\u00e1st\u00ed standardn\u00ed&#8230;<\/p>\n","protected":false},"excerpt":{"rendered":"<p>\u010cesk\u00e1 liter\u00e1rn\u00ed avantgarda je tradi\u010dn\u011b reprezentov\u00e1na tvorbou n\u011bkolika dominuj\u00edc\u00edch osobnost\u00ed a u\u017e pom\u011brn\u011b dlouho je sou\u010d\u00e1st\u00ed standardn\u00ed&#8230;<\/p>\n","protected":false},"featured_media":0,"comment_status":"closed","ping_status":"open","template":"","meta":{"_acf_changed":false,"_monsterinsights_skip_tracking":false,"_monsterinsights_sitenote_active":false,"_monsterinsights_sitenote_note":"","_monsterinsights_sitenote_category":0,"_EventAllDay":false,"_EventTimezone":"","_EventStartDate":"","_EventEndDate":"","_EventStartDateUTC":"","_EventEndDateUTC":"","_EventShowMap":false,"_EventShowMapLink":false,"_EventURL":"","_EventCost":"","_EventCostDescription":"","_EventCurrencySymbol":"","_EventCurrencyCode":"","_EventCurrencyPosition":"","_EventDateTimeSeparator":"","_EventTimeRangeSeparator":"","_EventOrganizerID":[],"_EventVenueID":[],"_OrganizerEmail":"","_OrganizerPhone":"","_OrganizerWebsite":"","_VenueAddress":"","_VenueCity":"","_VenueCountry":"","_VenueProvince":"","_VenueState":"","_VenueZip":"","_VenuePhone":"","_VenueURL":"","_VenueStateProvince":"","_VenueLat":"","_VenueLng":"","_VenueShowMap":false,"_VenueShowMapLink":false,"twitterCardType":"","cardImageID":0,"cardImage":"","cardTitle":"","cardDesc":"","cardImageAlt":"","cardPlayer":"","cardPlayerWidth":0,"cardPlayerHeight":0,"cardPlayerStream":"","cardPlayerCodec":""},"product_cat":[],"product_tag":[],"class_list":["post-314953","product","type-product","status-publish","hentry"],"acf":{"description":null,"item_id":null,"productname":null,"product":null,"url":"https:\/\/www.luxor.cz\/v\/1563804\/vor-meduzy","imgurl":null,"price_vat":null,"margin":null,"vat":null,"paramname1":null,"paramval1":null,"paramname2":null,"paramval2":null,"paramname3":null,"paramval3":null,"paramname4":null,"paramval4":null,"paramname5":null,"paramval5":null,"paramname6":null,"paramval6":null,"paramname7":null,"paramval7":null,"paramname8":null,"paramval8":null,"paramname9":null,"paramval9":null,"paramname10":null,"paramval10":null,"ean":null,"manufacturer":null,"categorytext":null},"_links":{"self":[{"href":"https:\/\/www.luxor.cz\/blog\/wp-json\/wp\/v2\/product\/314953","targetHints":{"allow":["GET"]}}],"collection":[{"href":"https:\/\/www.luxor.cz\/blog\/wp-json\/wp\/v2\/product"}],"about":[{"href":"https:\/\/www.luxor.cz\/blog\/wp-json\/wp\/v2\/types\/product"}],"replies":[{"embeddable":true,"href":"https:\/\/www.luxor.cz\/blog\/wp-json\/wp\/v2\/comments?post=314953"}],"wp:attachment":[{"href":"https:\/\/www.luxor.cz\/blog\/wp-json\/wp\/v2\/media?parent=314953"}],"wp:term":[{"taxonomy":"product_cat","embeddable":true,"href":"https:\/\/www.luxor.cz\/blog\/wp-json\/wp\/v2\/product_cat?post=314953"},{"taxonomy":"product_tag","embeddable":true,"href":"https:\/\/www.luxor.cz\/blog\/wp-json\/wp\/v2\/product_tag?post=314953"}],"curies":[{"name":"wp","href":"https:\/\/api.w.org\/{rel}","templated":true}]}}