{"id":314888,"date":"2025-08-20T11:45:41","date_gmt":"2025-08-20T09:45:41","guid":{"rendered":"https:\/\/www.luxor.cz\/blog\/produkt\/zname-se-cele-veky-cili-osudove-vztahy-3\/"},"modified":"2025-08-20T11:45:46","modified_gmt":"2025-08-20T09:45:46","slug":"zname-se-cele-veky-cili-osudove-vztahy-3","status":"publish","type":"product","link":"https:\/\/www.luxor.cz\/blog\/produkt\/zname-se-cele-veky-cili-osudove-vztahy-3\/","title":{"rendered":"Zn\u00e1me se cel\u00e9 v\u011bky \u010dili osudov\u00e9 vztahy"},"content":{"rendered":"<h2>Homolov\u00e1 Andrea<\/h2>\n<p>Revolu\u010dn\u00ed p\u0159\u00edru\u010dka v\u0161ech partnersk\u00fdch vztah\u016f, v\u010detn\u011b t\u011bch osudov\u00fdch. \u010cten\u00e1\u0159 v kn\u00ed\u017ece najde naprosto p\u0159elomov\u00e9 skute\u010dnosti a informace&#8230;<\/p>\n","protected":false},"excerpt":{"rendered":"<p>Revolu\u010dn\u00ed p\u0159\u00edru\u010dka v\u0161ech partnersk\u00fdch vztah\u016f, v\u010detn\u011b t\u011bch osudov\u00fdch. \u010cten\u00e1\u0159 v kn\u00ed\u017ece najde naprosto p\u0159elomov\u00e9 skute\u010dnosti a informace&#8230;<\/p>\n","protected":false},"featured_media":0,"comment_status":"closed","ping_status":"open","template":"","meta":{"_acf_changed":false,"_monsterinsights_skip_tracking":false,"_monsterinsights_sitenote_active":false,"_monsterinsights_sitenote_note":"","_monsterinsights_sitenote_category":0,"_EventAllDay":false,"_EventTimezone":"","_EventStartDate":"","_EventEndDate":"","_EventStartDateUTC":"","_EventEndDateUTC":"","_EventShowMap":false,"_EventShowMapLink":false,"_EventURL":"","_EventCost":"","_EventCostDescription":"","_EventCurrencySymbol":"","_EventCurrencyCode":"","_EventCurrencyPosition":"","_EventDateTimeSeparator":"","_EventTimeRangeSeparator":"","_EventOrganizerID":[],"_EventVenueID":[],"_OrganizerEmail":"","_OrganizerPhone":"","_OrganizerWebsite":"","_VenueAddress":"","_VenueCity":"","_VenueCountry":"","_VenueProvince":"","_VenueState":"","_VenueZip":"","_VenuePhone":"","_VenueURL":"","_VenueStateProvince":"","_VenueLat":"","_VenueLng":"","_VenueShowMap":false,"_VenueShowMapLink":false,"twitterCardType":"","cardImageID":0,"cardImage":"","cardTitle":"","cardDesc":"","cardImageAlt":"","cardPlayer":"","cardPlayerWidth":0,"cardPlayerHeight":0,"cardPlayerStream":"","cardPlayerCodec":""},"product_cat":[],"product_tag":[],"class_list":["post-314888","product","type-product","status-publish","hentry"],"acf":{"description":null,"item_id":null,"productname":null,"product":null,"url":"https:\/\/www.luxor.cz\/v\/1566228\/zname-se-cele-veky-cili-osudove-vztahy","imgurl":null,"price_vat":null,"margin":null,"vat":null,"paramname1":null,"paramval1":null,"paramname2":null,"paramval2":null,"paramname3":null,"paramval3":null,"paramname4":null,"paramval4":null,"paramname5":null,"paramval5":null,"paramname6":null,"paramval6":null,"paramname7":null,"paramval7":null,"paramname8":null,"paramval8":null,"paramname9":null,"paramval9":null,"paramname10":null,"paramval10":null,"ean":null,"manufacturer":null,"categorytext":null},"_links":{"self":[{"href":"https:\/\/www.luxor.cz\/blog\/wp-json\/wp\/v2\/product\/314888","targetHints":{"allow":["GET"]}}],"collection":[{"href":"https:\/\/www.luxor.cz\/blog\/wp-json\/wp\/v2\/product"}],"about":[{"href":"https:\/\/www.luxor.cz\/blog\/wp-json\/wp\/v2\/types\/product"}],"replies":[{"embeddable":true,"href":"https:\/\/www.luxor.cz\/blog\/wp-json\/wp\/v2\/comments?post=314888"}],"wp:attachment":[{"href":"https:\/\/www.luxor.cz\/blog\/wp-json\/wp\/v2\/media?parent=314888"}],"wp:term":[{"taxonomy":"product_cat","embeddable":true,"href":"https:\/\/www.luxor.cz\/blog\/wp-json\/wp\/v2\/product_cat?post=314888"},{"taxonomy":"product_tag","embeddable":true,"href":"https:\/\/www.luxor.cz\/blog\/wp-json\/wp\/v2\/product_tag?post=314888"}],"curies":[{"name":"wp","href":"https:\/\/api.w.org\/{rel}","templated":true}]}}