{"id":313344,"date":"2025-08-20T10:35:45","date_gmt":"2025-08-20T08:35:45","guid":{"rendered":"https:\/\/www.luxor.cz\/blog\/produkt\/rok-na-venkove-2\/"},"modified":"2025-08-20T10:35:51","modified_gmt":"2025-08-20T08:35:51","slug":"rok-na-venkove-2","status":"publish","type":"product","link":"https:\/\/www.luxor.cz\/blog\/produkt\/rok-na-venkove-2\/","title":{"rendered":"Rok na venkov\u011b"},"content":{"rendered":"<h2>Koziel-Nowakov\u00e1 Magdalena<\/h2>\n<p>Jak vypad\u00e1 \u017eivot na farm\u011b na ja\u0159e, v l\u00e9t\u011b, na podzim a v zim\u011b?&#x0D;<br \/>\n&#x0D;<br \/>\nV\u00edtej na farm\u011b rodiny L\u00edstkov\u00fdch! V\u0161ichni tu maj\u00ed pln\u00e9 ruce pr\u00e1ce:&#8230;<\/p>\n","protected":false},"excerpt":{"rendered":"<p>Jak vypad\u00e1 \u017eivot na farm\u011b na ja\u0159e, v l\u00e9t\u011b, na podzim a v zim\u011b?&#x0D;<br \/>\n&#x0D;<br \/>\nV\u00edtej na farm\u011b rodiny L\u00edstkov\u00fdch! V\u0161ichni tu maj\u00ed pln\u00e9 ruce pr\u00e1ce:&#8230;<\/p>\n","protected":false},"featured_media":0,"comment_status":"closed","ping_status":"open","template":"","meta":{"_acf_changed":false,"_monsterinsights_skip_tracking":false,"_monsterinsights_sitenote_active":false,"_monsterinsights_sitenote_note":"","_monsterinsights_sitenote_category":0,"_EventAllDay":false,"_EventTimezone":"","_EventStartDate":"","_EventEndDate":"","_EventStartDateUTC":"","_EventEndDateUTC":"","_EventShowMap":false,"_EventShowMapLink":false,"_EventURL":"","_EventCost":"","_EventCostDescription":"","_EventCurrencySymbol":"","_EventCurrencyCode":"","_EventCurrencyPosition":"","_EventDateTimeSeparator":"","_EventTimeRangeSeparator":"","_EventOrganizerID":[],"_EventVenueID":[],"_OrganizerEmail":"","_OrganizerPhone":"","_OrganizerWebsite":"","_VenueAddress":"","_VenueCity":"","_VenueCountry":"","_VenueProvince":"","_VenueState":"","_VenueZip":"","_VenuePhone":"","_VenueURL":"","_VenueStateProvince":"","_VenueLat":"","_VenueLng":"","_VenueShowMap":false,"_VenueShowMapLink":false,"twitterCardType":"","cardImageID":0,"cardImage":"","cardTitle":"","cardDesc":"","cardImageAlt":"","cardPlayer":"","cardPlayerWidth":0,"cardPlayerHeight":0,"cardPlayerStream":"","cardPlayerCodec":""},"product_cat":[],"product_tag":[],"class_list":["post-313344","product","type-product","status-publish","hentry"],"acf":{"description":null,"item_id":null,"productname":null,"product":null,"url":"https:\/\/www.luxor.cz\/v\/1558305\/rok-na-venkove","imgurl":null,"price_vat":null,"margin":null,"vat":null,"paramname1":null,"paramval1":null,"paramname2":null,"paramval2":null,"paramname3":null,"paramval3":null,"paramname4":null,"paramval4":null,"paramname5":null,"paramval5":null,"paramname6":null,"paramval6":null,"paramname7":null,"paramval7":null,"paramname8":null,"paramval8":null,"paramname9":null,"paramval9":null,"paramname10":null,"paramval10":null,"ean":null,"manufacturer":null,"categorytext":null},"_links":{"self":[{"href":"https:\/\/www.luxor.cz\/blog\/wp-json\/wp\/v2\/product\/313344","targetHints":{"allow":["GET"]}}],"collection":[{"href":"https:\/\/www.luxor.cz\/blog\/wp-json\/wp\/v2\/product"}],"about":[{"href":"https:\/\/www.luxor.cz\/blog\/wp-json\/wp\/v2\/types\/product"}],"replies":[{"embeddable":true,"href":"https:\/\/www.luxor.cz\/blog\/wp-json\/wp\/v2\/comments?post=313344"}],"wp:attachment":[{"href":"https:\/\/www.luxor.cz\/blog\/wp-json\/wp\/v2\/media?parent=313344"}],"wp:term":[{"taxonomy":"product_cat","embeddable":true,"href":"https:\/\/www.luxor.cz\/blog\/wp-json\/wp\/v2\/product_cat?post=313344"},{"taxonomy":"product_tag","embeddable":true,"href":"https:\/\/www.luxor.cz\/blog\/wp-json\/wp\/v2\/product_tag?post=313344"}],"curies":[{"name":"wp","href":"https:\/\/api.w.org\/{rel}","templated":true}]}}