{"id":310047,"date":"2025-08-20T10:13:49","date_gmt":"2025-08-20T08:13:49","guid":{"rendered":"https:\/\/www.luxor.cz\/blog\/produkt\/evangelium-podle-lukase-cesky-ekumenicky-komentar-k-novemu-zakonu-3\/"},"modified":"2025-08-20T10:13:50","modified_gmt":"2025-08-20T08:13:50","slug":"evangelium-podle-lukase-cesky-ekumenicky-komentar-k-novemu-zakonu-3","status":"publish","type":"product","link":"https:\/\/www.luxor.cz\/blog\/produkt\/evangelium-podle-lukase-cesky-ekumenicky-komentar-k-novemu-zakonu-3\/","title":{"rendered":"Evangelium podle Luk\u00e1\u0161e &#8211; \u010cesk\u00fd ekumenick\u00fd koment\u00e1\u0159 k Nov\u00e9mu z\u00e1konu"},"content":{"rendered":"<h2>Mare\u010dek Petr<\/h2>\n<p>Koment\u00e1\u0159ovou \u0159adu \u010cesk\u00fd ekumenick\u00fd koment\u00e1\u0159 k Nov\u00e9mu z\u00e1konu (\u010cEK) p\u0159ipravuj\u00ed \u010de\u0161t\u00ed teologov\u00e9 z r\u016fzn\u00fdch c\u00edrkv\u00ed. Koment\u00e1\u0159e vyd\u00e1v\u00e1 \u010cesk\u00e1&#8230;<\/p>\n","protected":false},"excerpt":{"rendered":"<p>Koment\u00e1\u0159ovou \u0159adu \u010cesk\u00fd ekumenick\u00fd koment\u00e1\u0159 k Nov\u00e9mu z\u00e1konu (\u010cEK) p\u0159ipravuj\u00ed \u010de\u0161t\u00ed teologov\u00e9 z r\u016fzn\u00fdch c\u00edrkv\u00ed. Koment\u00e1\u0159e vyd\u00e1v\u00e1 \u010cesk\u00e1&#8230;<\/p>\n","protected":false},"featured_media":0,"comment_status":"closed","ping_status":"open","template":"","meta":{"_acf_changed":false,"_monsterinsights_skip_tracking":false,"_monsterinsights_sitenote_active":false,"_monsterinsights_sitenote_note":"","_monsterinsights_sitenote_category":0,"_EventAllDay":false,"_EventTimezone":"","_EventStartDate":"","_EventEndDate":"","_EventStartDateUTC":"","_EventEndDateUTC":"","_EventShowMap":false,"_EventShowMapLink":false,"_EventURL":"","_EventCost":"","_EventCostDescription":"","_EventCurrencySymbol":"","_EventCurrencyCode":"","_EventCurrencyPosition":"","_EventDateTimeSeparator":"","_EventTimeRangeSeparator":"","_EventOrganizerID":[],"_EventVenueID":[],"_OrganizerEmail":"","_OrganizerPhone":"","_OrganizerWebsite":"","_VenueAddress":"","_VenueCity":"","_VenueCountry":"","_VenueProvince":"","_VenueState":"","_VenueZip":"","_VenuePhone":"","_VenueURL":"","_VenueStateProvince":"","_VenueLat":"","_VenueLng":"","_VenueShowMap":false,"_VenueShowMapLink":false,"twitterCardType":"","cardImageID":0,"cardImage":"","cardTitle":"","cardDesc":"","cardImageAlt":"","cardPlayer":"","cardPlayerWidth":0,"cardPlayerHeight":0,"cardPlayerStream":"","cardPlayerCodec":""},"product_cat":[],"product_tag":[],"class_list":["post-310047","product","type-product","status-publish","hentry"],"acf":{"description":null,"item_id":null,"productname":null,"product":null,"url":"https:\/\/www.luxor.cz\/v\/1511017\/evangelium-podle-lukase-cesky-ekumenicky-komentar-k-novemu-zakonu","imgurl":null,"price_vat":null,"margin":null,"vat":null,"paramname1":null,"paramval1":null,"paramname2":null,"paramval2":null,"paramname3":null,"paramval3":null,"paramname4":null,"paramval4":null,"paramname5":null,"paramval5":null,"paramname6":null,"paramval6":null,"paramname7":null,"paramval7":null,"paramname8":null,"paramval8":null,"paramname9":null,"paramval9":null,"paramname10":null,"paramval10":null,"ean":null,"manufacturer":null,"categorytext":null},"_links":{"self":[{"href":"https:\/\/www.luxor.cz\/blog\/wp-json\/wp\/v2\/product\/310047","targetHints":{"allow":["GET"]}}],"collection":[{"href":"https:\/\/www.luxor.cz\/blog\/wp-json\/wp\/v2\/product"}],"about":[{"href":"https:\/\/www.luxor.cz\/blog\/wp-json\/wp\/v2\/types\/product"}],"replies":[{"embeddable":true,"href":"https:\/\/www.luxor.cz\/blog\/wp-json\/wp\/v2\/comments?post=310047"}],"wp:attachment":[{"href":"https:\/\/www.luxor.cz\/blog\/wp-json\/wp\/v2\/media?parent=310047"}],"wp:term":[{"taxonomy":"product_cat","embeddable":true,"href":"https:\/\/www.luxor.cz\/blog\/wp-json\/wp\/v2\/product_cat?post=310047"},{"taxonomy":"product_tag","embeddable":true,"href":"https:\/\/www.luxor.cz\/blog\/wp-json\/wp\/v2\/product_tag?post=310047"}],"curies":[{"name":"wp","href":"https:\/\/api.w.org\/{rel}","templated":true}]}}