{"id":303906,"date":"2025-08-19T13:54:14","date_gmt":"2025-08-19T11:54:14","guid":{"rendered":"https:\/\/www.luxor.cz\/blog\/produkt\/magie-svicek-prakticke-rady-a-ritualy-pro-zdravi-uspech-lasku-bohatstvi-a-ochranu-3\/"},"modified":"2025-08-19T13:54:14","modified_gmt":"2025-08-19T11:54:14","slug":"magie-svicek-prakticke-rady-a-ritualy-pro-zdravi-uspech-lasku-bohatstvi-a-ochranu-3","status":"publish","type":"product","link":"https:\/\/www.luxor.cz\/blog\/produkt\/magie-svicek-prakticke-rady-a-ritualy-pro-zdravi-uspech-lasku-bohatstvi-a-ochranu-3\/","title":{"rendered":"Magie sv\u00ed\u010dek &#8211; Praktick\u00e9 rady a ritu\u00e1ly pro zdrav\u00ed, \u00fasp\u011bch, l\u00e1sku, bohatstv\u00ed a ochranu"},"content":{"rendered":"<h2>Buckland Raymond<\/h2>\n<p>Tato kniha se zab\u00fdv\u00e1 zapalov\u00e1n\u00edm sv\u00ed\u010dek. Jak\u00e9 sv\u00ed\u010dky zap\u00e1lit, kdy a jak s nimi &#8222;pracovat&#8220;, aby se dos\u00e1hlo \u017e\u00e1douc\u00edho c\u00edle. Je ur\u010dena v\u0161em,&#8230;<\/p>\n","protected":false},"excerpt":{"rendered":"<p>Tato kniha se zab\u00fdv\u00e1 zapalov\u00e1n\u00edm sv\u00ed\u010dek. Jak\u00e9 sv\u00ed\u010dky zap\u00e1lit, kdy a jak s nimi &#8222;pracovat&#8220;, aby se dos\u00e1hlo \u017e\u00e1douc\u00edho c\u00edle. Je ur\u010dena v\u0161em,&#8230;<\/p>\n","protected":false},"featured_media":0,"comment_status":"closed","ping_status":"open","template":"","meta":{"_acf_changed":false,"_monsterinsights_skip_tracking":false,"_monsterinsights_sitenote_active":false,"_monsterinsights_sitenote_note":"","_monsterinsights_sitenote_category":0,"_EventAllDay":false,"_EventTimezone":"","_EventStartDate":"","_EventEndDate":"","_EventStartDateUTC":"","_EventEndDateUTC":"","_EventShowMap":false,"_EventShowMapLink":false,"_EventURL":"","_EventCost":"","_EventCostDescription":"","_EventCurrencySymbol":"","_EventCurrencyCode":"","_EventCurrencyPosition":"","_EventDateTimeSeparator":"","_EventTimeRangeSeparator":"","_EventOrganizerID":[],"_EventVenueID":[],"_OrganizerEmail":"","_OrganizerPhone":"","_OrganizerWebsite":"","_VenueAddress":"","_VenueCity":"","_VenueCountry":"","_VenueProvince":"","_VenueState":"","_VenueZip":"","_VenuePhone":"","_VenueURL":"","_VenueStateProvince":"","_VenueLat":"","_VenueLng":"","_VenueShowMap":false,"_VenueShowMapLink":false,"twitterCardType":"","cardImageID":0,"cardImage":"","cardTitle":"","cardDesc":"","cardImageAlt":"","cardPlayer":"","cardPlayerWidth":0,"cardPlayerHeight":0,"cardPlayerStream":"","cardPlayerCodec":""},"product_cat":[],"product_tag":[],"class_list":["post-303906","product","type-product","status-publish","hentry"],"acf":{"description":null,"item_id":null,"productname":null,"product":null,"url":"https:\/\/www.luxor.cz\/v\/1500442\/magie-svicek-prakticke-rady-a-ritualy-pro-zdravi-uspech-lasku-bohatstvi-a-ochranu","imgurl":null,"price_vat":null,"margin":null,"vat":null,"paramname1":null,"paramval1":null,"paramname2":null,"paramval2":null,"paramname3":null,"paramval3":null,"paramname4":null,"paramval4":null,"paramname5":null,"paramval5":null,"paramname6":null,"paramval6":null,"paramname7":null,"paramval7":null,"paramname8":null,"paramval8":null,"paramname9":null,"paramval9":null,"paramname10":null,"paramval10":null,"ean":null,"manufacturer":null,"categorytext":null},"_links":{"self":[{"href":"https:\/\/www.luxor.cz\/blog\/wp-json\/wp\/v2\/product\/303906","targetHints":{"allow":["GET"]}}],"collection":[{"href":"https:\/\/www.luxor.cz\/blog\/wp-json\/wp\/v2\/product"}],"about":[{"href":"https:\/\/www.luxor.cz\/blog\/wp-json\/wp\/v2\/types\/product"}],"replies":[{"embeddable":true,"href":"https:\/\/www.luxor.cz\/blog\/wp-json\/wp\/v2\/comments?post=303906"}],"wp:attachment":[{"href":"https:\/\/www.luxor.cz\/blog\/wp-json\/wp\/v2\/media?parent=303906"}],"wp:term":[{"taxonomy":"product_cat","embeddable":true,"href":"https:\/\/www.luxor.cz\/blog\/wp-json\/wp\/v2\/product_cat?post=303906"},{"taxonomy":"product_tag","embeddable":true,"href":"https:\/\/www.luxor.cz\/blog\/wp-json\/wp\/v2\/product_tag?post=303906"}],"curies":[{"name":"wp","href":"https:\/\/api.w.org\/{rel}","templated":true}]}}