{"id":302360,"date":"2025-08-19T13:50:42","date_gmt":"2025-08-19T11:50:42","guid":{"rendered":"https:\/\/www.luxor.cz\/blog\/produkt\/latinos-jina-mensina-americti-hispanci-mezi-kennedym-a-trumpem\/"},"modified":"2025-08-19T13:50:43","modified_gmt":"2025-08-19T11:50:43","slug":"latinos-jina-mensina-americti-hispanci-mezi-kennedym-a-trumpem","status":"publish","type":"product","link":"https:\/\/www.luxor.cz\/blog\/produkt\/latinos-jina-mensina-americti-hispanci-mezi-kennedym-a-trumpem\/","title":{"rendered":"Latinos: jin\u00e1 men\u0161ina? &#8211; Ameri\u010dt\u00ed Hisp\u00e1nci mezi Kennedym a Trumpem"},"content":{"rendered":"<h2>B\u0159ezinov\u00e1 Kate\u0159ina<\/h2>\n<p>Hisp\u00e1nci se stali nejpo\u010detn\u011bj\u0161\u00ed men\u0161inou ve Spojen\u00fdch st\u00e1tech americk\u00fdch, nep\u0159est\u00e1vaj\u00ed v\u0161ak b\u00fdt vn\u00edm\u00e1ni jako cizinci, a to p\u0159esto, \u017ee&#8230;<\/p>\n","protected":false},"excerpt":{"rendered":"<p>Hisp\u00e1nci se stali nejpo\u010detn\u011bj\u0161\u00ed men\u0161inou ve Spojen\u00fdch st\u00e1tech americk\u00fdch, nep\u0159est\u00e1vaj\u00ed v\u0161ak b\u00fdt vn\u00edm\u00e1ni jako cizinci, a to p\u0159esto, \u017ee&#8230;<\/p>\n","protected":false},"featured_media":0,"comment_status":"closed","ping_status":"open","template":"","meta":{"_acf_changed":false,"_monsterinsights_skip_tracking":false,"_monsterinsights_sitenote_active":false,"_monsterinsights_sitenote_note":"","_monsterinsights_sitenote_category":0,"_EventAllDay":false,"_EventTimezone":"","_EventStartDate":"","_EventEndDate":"","_EventStartDateUTC":"","_EventEndDateUTC":"","_EventShowMap":false,"_EventShowMapLink":false,"_EventURL":"","_EventCost":"","_EventCostDescription":"","_EventCurrencySymbol":"","_EventCurrencyCode":"","_EventCurrencyPosition":"","_EventDateTimeSeparator":"","_EventTimeRangeSeparator":"","_EventOrganizerID":[],"_EventVenueID":[],"_OrganizerEmail":"","_OrganizerPhone":"","_OrganizerWebsite":"","_VenueAddress":"","_VenueCity":"","_VenueCountry":"","_VenueProvince":"","_VenueState":"","_VenueZip":"","_VenuePhone":"","_VenueURL":"","_VenueStateProvince":"","_VenueLat":"","_VenueLng":"","_VenueShowMap":false,"_VenueShowMapLink":false,"twitterCardType":"","cardImageID":0,"cardImage":"","cardTitle":"","cardDesc":"","cardImageAlt":"","cardPlayer":"","cardPlayerWidth":0,"cardPlayerHeight":0,"cardPlayerStream":"","cardPlayerCodec":""},"product_cat":[],"product_tag":[],"class_list":["post-302360","product","type-product","status-publish","hentry"],"acf":{"description":null,"item_id":null,"productname":null,"product":null,"url":"https:\/\/www.luxor.cz\/v\/1504182\/latinos-v-usa","imgurl":null,"price_vat":null,"margin":null,"vat":null,"paramname1":null,"paramval1":null,"paramname2":null,"paramval2":null,"paramname3":null,"paramval3":null,"paramname4":null,"paramval4":null,"paramname5":null,"paramval5":null,"paramname6":null,"paramval6":null,"paramname7":null,"paramval7":null,"paramname8":null,"paramval8":null,"paramname9":null,"paramval9":null,"paramname10":null,"paramval10":null,"ean":null,"manufacturer":null,"categorytext":null},"_links":{"self":[{"href":"https:\/\/www.luxor.cz\/blog\/wp-json\/wp\/v2\/product\/302360","targetHints":{"allow":["GET"]}}],"collection":[{"href":"https:\/\/www.luxor.cz\/blog\/wp-json\/wp\/v2\/product"}],"about":[{"href":"https:\/\/www.luxor.cz\/blog\/wp-json\/wp\/v2\/types\/product"}],"replies":[{"embeddable":true,"href":"https:\/\/www.luxor.cz\/blog\/wp-json\/wp\/v2\/comments?post=302360"}],"wp:attachment":[{"href":"https:\/\/www.luxor.cz\/blog\/wp-json\/wp\/v2\/media?parent=302360"}],"wp:term":[{"taxonomy":"product_cat","embeddable":true,"href":"https:\/\/www.luxor.cz\/blog\/wp-json\/wp\/v2\/product_cat?post=302360"},{"taxonomy":"product_tag","embeddable":true,"href":"https:\/\/www.luxor.cz\/blog\/wp-json\/wp\/v2\/product_tag?post=302360"}],"curies":[{"name":"wp","href":"https:\/\/api.w.org\/{rel}","templated":true}]}}