{"id":300689,"date":"2025-08-19T13:46:59","date_gmt":"2025-08-19T11:46:59","guid":{"rendered":"https:\/\/www.luxor.cz\/blog\/produkt\/jak-si-spravne-prat-karty-3\/"},"modified":"2025-08-19T13:46:59","modified_gmt":"2025-08-19T11:46:59","slug":"jak-si-spravne-prat-karty-3","status":"publish","type":"product","link":"https:\/\/www.luxor.cz\/blog\/produkt\/jak-si-spravne-prat-karty-3\/","title":{"rendered":"Jak si spr\u00e1vn\u011b p\u0159\u00e1t &#8211; karty"},"content":{"rendered":"<h2>Franckh Pierre<\/h2>\n<p>Pokud nem\u00e1te dostatek \u010dasu k p\u0159e\u010dten\u00ed knihy Jak si spr\u00e1vn\u011b p\u0159\u00e1t, kter\u00e1 se ji\u017e stala bestsellerem, ale i p\u0159esto se chcete nau\u010dit spr\u00e1vn\u011b si&#8230;<\/p>\n","protected":false},"excerpt":{"rendered":"<p>Pokud nem\u00e1te dostatek \u010dasu k p\u0159e\u010dten\u00ed knihy Jak si spr\u00e1vn\u011b p\u0159\u00e1t, kter\u00e1 se ji\u017e stala bestsellerem, ale i p\u0159esto se chcete nau\u010dit spr\u00e1vn\u011b si&#8230;<\/p>\n","protected":false},"featured_media":0,"comment_status":"closed","ping_status":"open","template":"","meta":{"_acf_changed":false,"_monsterinsights_skip_tracking":false,"_monsterinsights_sitenote_active":false,"_monsterinsights_sitenote_note":"","_monsterinsights_sitenote_category":0,"_EventAllDay":false,"_EventTimezone":"","_EventStartDate":"","_EventEndDate":"","_EventStartDateUTC":"","_EventEndDateUTC":"","_EventShowMap":false,"_EventShowMapLink":false,"_EventURL":"","_EventCost":"","_EventCostDescription":"","_EventCurrencySymbol":"","_EventCurrencyCode":"","_EventCurrencyPosition":"","_EventDateTimeSeparator":"","_EventTimeRangeSeparator":"","_EventOrganizerID":[],"_EventVenueID":[],"_OrganizerEmail":"","_OrganizerPhone":"","_OrganizerWebsite":"","_VenueAddress":"","_VenueCity":"","_VenueCountry":"","_VenueProvince":"","_VenueState":"","_VenueZip":"","_VenuePhone":"","_VenueURL":"","_VenueStateProvince":"","_VenueLat":"","_VenueLng":"","_VenueShowMap":false,"_VenueShowMapLink":false,"twitterCardType":"","cardImageID":0,"cardImage":"","cardTitle":"","cardDesc":"","cardImageAlt":"","cardPlayer":"","cardPlayerWidth":0,"cardPlayerHeight":0,"cardPlayerStream":"","cardPlayerCodec":""},"product_cat":[],"product_tag":[],"class_list":["post-300689","product","type-product","status-publish","hentry"],"acf":{"description":null,"item_id":null,"productname":null,"product":null,"url":"https:\/\/www.luxor.cz\/v\/1499729\/jak-si-spravne-prat-karty","imgurl":null,"price_vat":null,"margin":null,"vat":null,"paramname1":null,"paramval1":null,"paramname2":null,"paramval2":null,"paramname3":null,"paramval3":null,"paramname4":null,"paramval4":null,"paramname5":null,"paramval5":null,"paramname6":null,"paramval6":null,"paramname7":null,"paramval7":null,"paramname8":null,"paramval8":null,"paramname9":null,"paramval9":null,"paramname10":null,"paramval10":null,"ean":null,"manufacturer":null,"categorytext":null},"_links":{"self":[{"href":"https:\/\/www.luxor.cz\/blog\/wp-json\/wp\/v2\/product\/300689","targetHints":{"allow":["GET"]}}],"collection":[{"href":"https:\/\/www.luxor.cz\/blog\/wp-json\/wp\/v2\/product"}],"about":[{"href":"https:\/\/www.luxor.cz\/blog\/wp-json\/wp\/v2\/types\/product"}],"replies":[{"embeddable":true,"href":"https:\/\/www.luxor.cz\/blog\/wp-json\/wp\/v2\/comments?post=300689"}],"wp:attachment":[{"href":"https:\/\/www.luxor.cz\/blog\/wp-json\/wp\/v2\/media?parent=300689"}],"wp:term":[{"taxonomy":"product_cat","embeddable":true,"href":"https:\/\/www.luxor.cz\/blog\/wp-json\/wp\/v2\/product_cat?post=300689"},{"taxonomy":"product_tag","embeddable":true,"href":"https:\/\/www.luxor.cz\/blog\/wp-json\/wp\/v2\/product_tag?post=300689"}],"curies":[{"name":"wp","href":"https:\/\/api.w.org\/{rel}","templated":true}]}}