{"id":296677,"date":"2025-08-08T14:59:29","date_gmt":"2025-08-08T12:59:29","guid":{"rendered":"https:\/\/www.luxor.cz\/blog\/produkt\/cd-v-prvni-linii-armadni-general-petr-pavel-audiokniha\/"},"modified":"2025-08-08T14:59:32","modified_gmt":"2025-08-08T12:59:32","slug":"cd-v-prvni-linii-armadni-general-petr-pavel-audiokniha","status":"publish","type":"product","link":"https:\/\/www.luxor.cz\/blog\/produkt\/cd-v-prvni-linii-armadni-general-petr-pavel-audiokniha\/","title":{"rendered":"CD V prvn\u00ed linii &#8211; Arm\u00e1dn\u00ed gener\u00e1l Petr Pavel &#8211; audiokniha"},"content":{"rendered":"<h2>Mertl\u00edk Vladim\u00edr<\/h2>\n<p>Kniha vzpom\u00ednek i pohled\u016f do budoucnosti arm\u00e1dn\u00edho gener\u00e1la Petra Pavla.&#x0D;<br \/>\n&#x0D;<br \/>\nOtev\u0159en\u00fdmi odpov\u011b\u010fmi i slovy vzpom\u00ednek vypr\u00e1v\u00ed arm\u00e1dn\u00ed gener\u00e1l&#8230;<\/p>\n","protected":false},"excerpt":{"rendered":"<p>Kniha vzpom\u00ednek i pohled\u016f do budoucnosti arm\u00e1dn\u00edho gener\u00e1la Petra Pavla.&#x0D;<br \/>\n&#x0D;<br \/>\nOtev\u0159en\u00fdmi odpov\u011b\u010fmi i slovy vzpom\u00ednek vypr\u00e1v\u00ed arm\u00e1dn\u00ed gener\u00e1l&#8230;<\/p>\n","protected":false},"featured_media":296678,"comment_status":"closed","ping_status":"open","template":"","meta":{"_acf_changed":false,"_monsterinsights_skip_tracking":false,"_monsterinsights_sitenote_active":false,"_monsterinsights_sitenote_note":"","_monsterinsights_sitenote_category":0,"_EventAllDay":false,"_EventTimezone":"","_EventStartDate":"","_EventEndDate":"","_EventStartDateUTC":"","_EventEndDateUTC":"","_EventShowMap":false,"_EventShowMapLink":false,"_EventURL":"","_EventCost":"","_EventCostDescription":"","_EventCurrencySymbol":"","_EventCurrencyCode":"","_EventCurrencyPosition":"","_EventDateTimeSeparator":"","_EventTimeRangeSeparator":"","_EventOrganizerID":[],"_EventVenueID":[],"_OrganizerEmail":"","_OrganizerPhone":"","_OrganizerWebsite":"","_VenueAddress":"","_VenueCity":"","_VenueCountry":"","_VenueProvince":"","_VenueState":"","_VenueZip":"","_VenuePhone":"","_VenueURL":"","_VenueStateProvince":"","_VenueLat":"","_VenueLng":"","_VenueShowMap":false,"_VenueShowMapLink":false,"twitterCardType":"","cardImageID":0,"cardImage":"","cardTitle":"","cardDesc":"","cardImageAlt":"","cardPlayer":"","cardPlayerWidth":0,"cardPlayerHeight":0,"cardPlayerStream":"","cardPlayerCodec":""},"product_cat":[],"product_tag":[],"class_list":["post-296677","product","type-product","status-publish","has-post-thumbnail","hentry"],"acf":{"description":null,"item_id":null,"productname":null,"product":null,"url":"https:\/\/www.luxor.cz\/v\/1547781\/cd-v-prvni-linii-armadni-general-petr-pavel-audioknihovna","imgurl":null,"price_vat":null,"margin":null,"vat":null,"paramname1":null,"paramval1":null,"paramname2":null,"paramval2":null,"paramname3":null,"paramval3":null,"paramname4":null,"paramval4":null,"paramname5":null,"paramval5":null,"paramname6":null,"paramval6":null,"paramname7":null,"paramval7":null,"paramname8":null,"paramval8":null,"paramname9":null,"paramval9":null,"paramname10":null,"paramval10":null,"ean":null,"manufacturer":null,"categorytext":null},"_links":{"self":[{"href":"https:\/\/www.luxor.cz\/blog\/wp-json\/wp\/v2\/product\/296677","targetHints":{"allow":["GET"]}}],"collection":[{"href":"https:\/\/www.luxor.cz\/blog\/wp-json\/wp\/v2\/product"}],"about":[{"href":"https:\/\/www.luxor.cz\/blog\/wp-json\/wp\/v2\/types\/product"}],"replies":[{"embeddable":true,"href":"https:\/\/www.luxor.cz\/blog\/wp-json\/wp\/v2\/comments?post=296677"}],"wp:featuredmedia":[{"embeddable":true,"href":"https:\/\/www.luxor.cz\/blog\/wp-json\/wp\/v2\/media\/296678"}],"wp:attachment":[{"href":"https:\/\/www.luxor.cz\/blog\/wp-json\/wp\/v2\/media?parent=296677"}],"wp:term":[{"taxonomy":"product_cat","embeddable":true,"href":"https:\/\/www.luxor.cz\/blog\/wp-json\/wp\/v2\/product_cat?post=296677"},{"taxonomy":"product_tag","embeddable":true,"href":"https:\/\/www.luxor.cz\/blog\/wp-json\/wp\/v2\/product_tag?post=296677"}],"curies":[{"name":"wp","href":"https:\/\/api.w.org\/{rel}","templated":true}]}}