{"id":293821,"date":"2025-08-08T14:36:03","date_gmt":"2025-08-08T12:36:03","guid":{"rendered":"https:\/\/www.luxor.cz\/blog\/produkt\/lego-svitici-figurka-star-wars-darth-vader-2\/"},"modified":"2025-08-08T14:36:17","modified_gmt":"2025-08-08T12:36:17","slug":"lego-svitici-figurka-star-wars-darth-vader-2","status":"publish","type":"product","link":"https:\/\/www.luxor.cz\/blog\/produkt\/lego-svitici-figurka-star-wars-darth-vader-2\/","title":{"rendered":"LEGO\u00ae Sv\u00edt\u00edc\u00ed figurka Star Wars &#8211; Darth Vader"},"content":{"rendered":"<h2><\/h2>\n<p>Obl\u00edben\u00fd hrdina filmov\u00e9 s\u00e1gy Star Wars jako LED sv\u00edt\u00edc\u00ed p\u0159\u00edv\u011b\u0161ek na batoh nebo kl\u00ed\u010de. Sb\u011bratelsk\u00e9 LEGO postavi\u010dky s tla\u010d\u00edtkem na hrudi a&#8230;<\/p>\n","protected":false},"excerpt":{"rendered":"<p>Obl\u00edben\u00fd hrdina filmov\u00e9 s\u00e1gy Star Wars jako LED sv\u00edt\u00edc\u00ed p\u0159\u00edv\u011b\u0161ek na batoh nebo kl\u00ed\u010de. Sb\u011bratelsk\u00e9 LEGO postavi\u010dky s tla\u010d\u00edtkem na hrudi a&#8230;<\/p>\n","protected":false},"featured_media":293822,"comment_status":"closed","ping_status":"open","template":"","meta":{"_acf_changed":false,"_monsterinsights_skip_tracking":false,"_monsterinsights_sitenote_active":false,"_monsterinsights_sitenote_note":"","_monsterinsights_sitenote_category":0,"_EventAllDay":false,"_EventTimezone":"","_EventStartDate":"","_EventEndDate":"","_EventStartDateUTC":"","_EventEndDateUTC":"","_EventShowMap":false,"_EventShowMapLink":false,"_EventURL":"","_EventCost":"","_EventCostDescription":"","_EventCurrencySymbol":"","_EventCurrencyCode":"","_EventCurrencyPosition":"","_EventDateTimeSeparator":"","_EventTimeRangeSeparator":"","_EventOrganizerID":[],"_EventVenueID":[],"_OrganizerEmail":"","_OrganizerPhone":"","_OrganizerWebsite":"","_VenueAddress":"","_VenueCity":"","_VenueCountry":"","_VenueProvince":"","_VenueState":"","_VenueZip":"","_VenuePhone":"","_VenueURL":"","_VenueStateProvince":"","_VenueLat":"","_VenueLng":"","_VenueShowMap":false,"_VenueShowMapLink":false,"twitterCardType":"","cardImageID":0,"cardImage":"","cardTitle":"","cardDesc":"","cardImageAlt":"","cardPlayer":"","cardPlayerWidth":0,"cardPlayerHeight":0,"cardPlayerStream":"","cardPlayerCodec":""},"product_cat":[],"product_tag":[],"class_list":["post-293821","product","type-product","status-publish","has-post-thumbnail","hentry"],"acf":{"description":null,"item_id":null,"productname":null,"product":null,"url":"https:\/\/www.luxor.cz\/v\/1570102\/lego-svitici-figurka-star-wars-darth-vader","imgurl":null,"price_vat":null,"margin":null,"vat":null,"paramname1":null,"paramval1":null,"paramname2":null,"paramval2":null,"paramname3":null,"paramval3":null,"paramname4":null,"paramval4":null,"paramname5":null,"paramval5":null,"paramname6":null,"paramval6":null,"paramname7":null,"paramval7":null,"paramname8":null,"paramval8":null,"paramname9":null,"paramval9":null,"paramname10":null,"paramval10":null,"ean":null,"manufacturer":null,"categorytext":null},"_links":{"self":[{"href":"https:\/\/www.luxor.cz\/blog\/wp-json\/wp\/v2\/product\/293821","targetHints":{"allow":["GET"]}}],"collection":[{"href":"https:\/\/www.luxor.cz\/blog\/wp-json\/wp\/v2\/product"}],"about":[{"href":"https:\/\/www.luxor.cz\/blog\/wp-json\/wp\/v2\/types\/product"}],"replies":[{"embeddable":true,"href":"https:\/\/www.luxor.cz\/blog\/wp-json\/wp\/v2\/comments?post=293821"}],"wp:featuredmedia":[{"embeddable":true,"href":"https:\/\/www.luxor.cz\/blog\/wp-json\/wp\/v2\/media\/293822"}],"wp:attachment":[{"href":"https:\/\/www.luxor.cz\/blog\/wp-json\/wp\/v2\/media?parent=293821"}],"wp:term":[{"taxonomy":"product_cat","embeddable":true,"href":"https:\/\/www.luxor.cz\/blog\/wp-json\/wp\/v2\/product_cat?post=293821"},{"taxonomy":"product_tag","embeddable":true,"href":"https:\/\/www.luxor.cz\/blog\/wp-json\/wp\/v2\/product_tag?post=293821"}],"curies":[{"name":"wp","href":"https:\/\/api.w.org\/{rel}","templated":true}]}}