{"id":288519,"date":"2025-08-08T13:40:42","date_gmt":"2025-08-08T11:40:42","guid":{"rendered":"https:\/\/www.luxor.cz\/blog\/produkt\/aisthesis-problem-esteticke-udalosti-v-mysleni-e-levinase-j-f-lyotarda-a-g-deleuze-2\/"},"modified":"2025-08-08T13:40:45","modified_gmt":"2025-08-08T11:40:45","slug":"aisthesis-problem-esteticke-udalosti-v-mysleni-e-levinase-j-f-lyotarda-a-g-deleuze-2","status":"publish","type":"product","link":"https:\/\/www.luxor.cz\/blog\/produkt\/aisthesis-problem-esteticke-udalosti-v-mysleni-e-levinase-j-f-lyotarda-a-g-deleuze-2\/","title":{"rendered":"Aisthesis &#8211; Probl\u00e9m estetick\u00e9 ud\u00e1losti v my\u0161len\u00ed E. Levinase, J.-F. Lyotarda a G. Deleuze"},"content":{"rendered":"<h2>\u0160ev\u010d\u00edk Milo\u0161<\/h2>\n<p>Kniha je v\u011bnov\u00e1na estetick\u00e9mu my\u0161len\u00ed n\u011bkolika v\u00fdznamn\u00fdch francouzsk\u00fdch filozof\u016f druh\u00e9 poloviny 20. stolet\u00ed. Ukazuje, \u017ee i p\u0159es zna\u010dn\u011b&#8230;<\/p>\n","protected":false},"excerpt":{"rendered":"<p>Kniha je v\u011bnov\u00e1na estetick\u00e9mu my\u0161len\u00ed n\u011bkolika v\u00fdznamn\u00fdch francouzsk\u00fdch filozof\u016f druh\u00e9 poloviny 20. stolet\u00ed. Ukazuje, \u017ee i p\u0159es zna\u010dn\u011b&#8230;<\/p>\n","protected":false},"featured_media":288520,"comment_status":"closed","ping_status":"open","template":"","meta":{"_acf_changed":false,"_monsterinsights_skip_tracking":false,"_monsterinsights_sitenote_active":false,"_monsterinsights_sitenote_note":"","_monsterinsights_sitenote_category":0,"_EventAllDay":false,"_EventTimezone":"","_EventStartDate":"","_EventEndDate":"","_EventStartDateUTC":"","_EventEndDateUTC":"","_EventShowMap":false,"_EventShowMapLink":false,"_EventURL":"","_EventCost":"","_EventCostDescription":"","_EventCurrencySymbol":"","_EventCurrencyCode":"","_EventCurrencyPosition":"","_EventDateTimeSeparator":"","_EventTimeRangeSeparator":"","_EventOrganizerID":[],"_EventVenueID":[],"_OrganizerEmail":"","_OrganizerPhone":"","_OrganizerWebsite":"","_VenueAddress":"","_VenueCity":"","_VenueCountry":"","_VenueProvince":"","_VenueState":"","_VenueZip":"","_VenuePhone":"","_VenueURL":"","_VenueStateProvince":"","_VenueLat":"","_VenueLng":"","_VenueShowMap":false,"_VenueShowMapLink":false,"twitterCardType":"","cardImageID":0,"cardImage":"","cardTitle":"","cardDesc":"","cardImageAlt":"","cardPlayer":"","cardPlayerWidth":0,"cardPlayerHeight":0,"cardPlayerStream":"","cardPlayerCodec":""},"product_cat":[],"product_tag":[],"class_list":["post-288519","product","type-product","status-publish","has-post-thumbnail","hentry"],"acf":{"description":null,"item_id":null,"productname":null,"product":null,"url":"https:\/\/www.luxor.cz\/v\/1560663\/aisthesis-problem-esteticke-udalosti-v-mysleni-e-levinase-j-f-lyotarda-a-g-deleuze-a-f-guattariho","imgurl":null,"price_vat":null,"margin":null,"vat":null,"paramname1":null,"paramval1":null,"paramname2":null,"paramval2":null,"paramname3":null,"paramval3":null,"paramname4":null,"paramval4":null,"paramname5":null,"paramval5":null,"paramname6":null,"paramval6":null,"paramname7":null,"paramval7":null,"paramname8":null,"paramval8":null,"paramname9":null,"paramval9":null,"paramname10":null,"paramval10":null,"ean":null,"manufacturer":null,"categorytext":null},"_links":{"self":[{"href":"https:\/\/www.luxor.cz\/blog\/wp-json\/wp\/v2\/product\/288519","targetHints":{"allow":["GET"]}}],"collection":[{"href":"https:\/\/www.luxor.cz\/blog\/wp-json\/wp\/v2\/product"}],"about":[{"href":"https:\/\/www.luxor.cz\/blog\/wp-json\/wp\/v2\/types\/product"}],"replies":[{"embeddable":true,"href":"https:\/\/www.luxor.cz\/blog\/wp-json\/wp\/v2\/comments?post=288519"}],"wp:featuredmedia":[{"embeddable":true,"href":"https:\/\/www.luxor.cz\/blog\/wp-json\/wp\/v2\/media\/288520"}],"wp:attachment":[{"href":"https:\/\/www.luxor.cz\/blog\/wp-json\/wp\/v2\/media?parent=288519"}],"wp:term":[{"taxonomy":"product_cat","embeddable":true,"href":"https:\/\/www.luxor.cz\/blog\/wp-json\/wp\/v2\/product_cat?post=288519"},{"taxonomy":"product_tag","embeddable":true,"href":"https:\/\/www.luxor.cz\/blog\/wp-json\/wp\/v2\/product_tag?post=288519"}],"curies":[{"name":"wp","href":"https:\/\/api.w.org\/{rel}","templated":true}]}}