{"id":287862,"date":"2025-08-08T13:35:28","date_gmt":"2025-08-08T11:35:28","guid":{"rendered":"https:\/\/www.luxor.cz\/blog\/produkt\/jovi-blandiver-lis-na-mekkou-modelinu-1-ks\/"},"modified":"2025-08-08T13:35:42","modified_gmt":"2025-08-08T11:35:42","slug":"jovi-blandiver-lis-na-mekkou-modelinu-1-ks","status":"publish","type":"product","link":"https:\/\/www.luxor.cz\/blog\/produkt\/jovi-blandiver-lis-na-mekkou-modelinu-1-ks\/","title":{"rendered":"JOVI BLANDIVER lis na m\u011bkkou model\u00ednu 1 ks"},"content":{"rendered":"<h2><\/h2>\n<p>Pro nejmen\u0161\u00ed d\u011bti, samotvrdnouc\u00ed odleh\u010den\u00e9 poddajn\u00e9 p\u0159\u00edrodn\u00ed t\u011bsto \/ mouka, voda, s\u016fl \/. Skladov\u00e1n\u00edm v kel\u00edmku zabr\u00e1n\u00edte ztvrdnut\u00ed.<\/p>\n","protected":false},"excerpt":{"rendered":"<p>Pro nejmen\u0161\u00ed d\u011bti, samotvrdnouc\u00ed odleh\u010den\u00e9 poddajn\u00e9 p\u0159\u00edrodn\u00ed t\u011bsto \/ mouka, voda, s\u016fl \/. Skladov\u00e1n\u00edm v kel\u00edmku zabr\u00e1n\u00edte ztvrdnut\u00ed.<\/p>\n","protected":false},"featured_media":287863,"comment_status":"closed","ping_status":"open","template":"","meta":{"_acf_changed":false,"_monsterinsights_skip_tracking":false,"_monsterinsights_sitenote_active":false,"_monsterinsights_sitenote_note":"","_monsterinsights_sitenote_category":0,"_EventAllDay":false,"_EventTimezone":"","_EventStartDate":"","_EventEndDate":"","_EventStartDateUTC":"","_EventEndDateUTC":"","_EventShowMap":false,"_EventShowMapLink":false,"_EventURL":"","_EventCost":"","_EventCostDescription":"","_EventCurrencySymbol":"","_EventCurrencyCode":"","_EventCurrencyPosition":"","_EventDateTimeSeparator":"","_EventTimeRangeSeparator":"","_EventOrganizerID":[],"_EventVenueID":[],"_OrganizerEmail":"","_OrganizerPhone":"","_OrganizerWebsite":"","_VenueAddress":"","_VenueCity":"","_VenueCountry":"","_VenueProvince":"","_VenueState":"","_VenueZip":"","_VenuePhone":"","_VenueURL":"","_VenueStateProvince":"","_VenueLat":"","_VenueLng":"","_VenueShowMap":false,"_VenueShowMapLink":false,"twitterCardType":"","cardImageID":0,"cardImage":"","cardTitle":"","cardDesc":"","cardImageAlt":"","cardPlayer":"","cardPlayerWidth":0,"cardPlayerHeight":0,"cardPlayerStream":"","cardPlayerCodec":""},"product_cat":[],"product_tag":[],"class_list":["post-287862","product","type-product","status-publish","has-post-thumbnail","hentry"],"acf":{"description":null,"item_id":null,"productname":null,"product":null,"url":"https:\/\/www.luxor.cz\/v\/1538325\/jovi-blandiver-lis-na-mekkou-modelinu-1-ks","imgurl":null,"price_vat":null,"margin":null,"vat":null,"paramname1":null,"paramval1":null,"paramname2":null,"paramval2":null,"paramname3":null,"paramval3":null,"paramname4":null,"paramval4":null,"paramname5":null,"paramval5":null,"paramname6":null,"paramval6":null,"paramname7":null,"paramval7":null,"paramname8":null,"paramval8":null,"paramname9":null,"paramval9":null,"paramname10":null,"paramval10":null,"ean":null,"manufacturer":null,"categorytext":null},"_links":{"self":[{"href":"https:\/\/www.luxor.cz\/blog\/wp-json\/wp\/v2\/product\/287862","targetHints":{"allow":["GET"]}}],"collection":[{"href":"https:\/\/www.luxor.cz\/blog\/wp-json\/wp\/v2\/product"}],"about":[{"href":"https:\/\/www.luxor.cz\/blog\/wp-json\/wp\/v2\/types\/product"}],"replies":[{"embeddable":true,"href":"https:\/\/www.luxor.cz\/blog\/wp-json\/wp\/v2\/comments?post=287862"}],"wp:featuredmedia":[{"embeddable":true,"href":"https:\/\/www.luxor.cz\/blog\/wp-json\/wp\/v2\/media\/287863"}],"wp:attachment":[{"href":"https:\/\/www.luxor.cz\/blog\/wp-json\/wp\/v2\/media?parent=287862"}],"wp:term":[{"taxonomy":"product_cat","embeddable":true,"href":"https:\/\/www.luxor.cz\/blog\/wp-json\/wp\/v2\/product_cat?post=287862"},{"taxonomy":"product_tag","embeddable":true,"href":"https:\/\/www.luxor.cz\/blog\/wp-json\/wp\/v2\/product_tag?post=287862"}],"curies":[{"name":"wp","href":"https:\/\/api.w.org\/{rel}","templated":true}]}}