{"id":286710,"date":"2025-08-08T13:26:27","date_gmt":"2025-08-08T11:26:27","guid":{"rendered":"https:\/\/www.luxor.cz\/blog\/produkt\/trenink-pameti-pro-seniory-pracovni-listy-2\/"},"modified":"2025-08-08T13:26:27","modified_gmt":"2025-08-08T11:26:27","slug":"trenink-pameti-pro-seniory-pracovni-listy-2","status":"publish","type":"product","link":"https:\/\/www.luxor.cz\/blog\/produkt\/trenink-pameti-pro-seniory-pracovni-listy-2\/","title":{"rendered":"Tr\u00e9nink pam\u011bti pro seniory: Pracovn\u00ed listy"},"content":{"rendered":"<h2>Jitka Such\u00e1<\/h2>\n<p>Prevence nemoc\u00ed i z\u00e1bava v jednom&#x0D;<br \/>\nKniha je zam\u011b\u0159en\u00e1 na t\u00e9matiku cvi\u010den\u00ed pam\u011bti a dal\u0161\u00edch kognitivn\u00edch funkc\u00ed, jako je slovn\u00ed z\u00e1soba,&#8230;<\/p>\n","protected":false},"excerpt":{"rendered":"<p>Prevence nemoc\u00ed i z\u00e1bava v jednom&#x0D;<br \/>\nKniha je zam\u011b\u0159en\u00e1 na t\u00e9matiku cvi\u010den\u00ed pam\u011bti a dal\u0161\u00edch kognitivn\u00edch funkc\u00ed, jako je slovn\u00ed z\u00e1soba,&#8230;<\/p>\n","protected":false},"featured_media":286711,"comment_status":"closed","ping_status":"open","template":"","meta":{"_acf_changed":false,"_monsterinsights_skip_tracking":false,"_monsterinsights_sitenote_active":false,"_monsterinsights_sitenote_note":"","_monsterinsights_sitenote_category":0,"_EventAllDay":false,"_EventTimezone":"","_EventStartDate":"","_EventEndDate":"","_EventStartDateUTC":"","_EventEndDateUTC":"","_EventShowMap":false,"_EventShowMapLink":false,"_EventURL":"","_EventCost":"","_EventCostDescription":"","_EventCurrencySymbol":"","_EventCurrencyCode":"","_EventCurrencyPosition":"","_EventDateTimeSeparator":"","_EventTimeRangeSeparator":"","_EventOrganizerID":[],"_EventVenueID":[],"_OrganizerEmail":"","_OrganizerPhone":"","_OrganizerWebsite":"","_VenueAddress":"","_VenueCity":"","_VenueCountry":"","_VenueProvince":"","_VenueState":"","_VenueZip":"","_VenuePhone":"","_VenueURL":"","_VenueStateProvince":"","_VenueLat":"","_VenueLng":"","_VenueShowMap":false,"_VenueShowMapLink":false,"twitterCardType":"","cardImageID":0,"cardImage":"","cardTitle":"","cardDesc":"","cardImageAlt":"","cardPlayer":"","cardPlayerWidth":0,"cardPlayerHeight":0,"cardPlayerStream":"","cardPlayerCodec":""},"product_cat":[],"product_tag":[],"class_list":["post-286710","product","type-product","status-publish","has-post-thumbnail","hentry"],"acf":{"description":null,"item_id":null,"productname":null,"product":null,"url":"https:\/\/www.luxor.cz\/v\/1549134\/trenink-pameti-pro-seniory-pracovni-listy","imgurl":null,"price_vat":null,"margin":null,"vat":null,"paramname1":null,"paramval1":null,"paramname2":null,"paramval2":null,"paramname3":null,"paramval3":null,"paramname4":null,"paramval4":null,"paramname5":null,"paramval5":null,"paramname6":null,"paramval6":null,"paramname7":null,"paramval7":null,"paramname8":null,"paramval8":null,"paramname9":null,"paramval9":null,"paramname10":null,"paramval10":null,"ean":null,"manufacturer":null,"categorytext":null},"_links":{"self":[{"href":"https:\/\/www.luxor.cz\/blog\/wp-json\/wp\/v2\/product\/286710","targetHints":{"allow":["GET"]}}],"collection":[{"href":"https:\/\/www.luxor.cz\/blog\/wp-json\/wp\/v2\/product"}],"about":[{"href":"https:\/\/www.luxor.cz\/blog\/wp-json\/wp\/v2\/types\/product"}],"replies":[{"embeddable":true,"href":"https:\/\/www.luxor.cz\/blog\/wp-json\/wp\/v2\/comments?post=286710"}],"wp:featuredmedia":[{"embeddable":true,"href":"https:\/\/www.luxor.cz\/blog\/wp-json\/wp\/v2\/media\/286711"}],"wp:attachment":[{"href":"https:\/\/www.luxor.cz\/blog\/wp-json\/wp\/v2\/media?parent=286710"}],"wp:term":[{"taxonomy":"product_cat","embeddable":true,"href":"https:\/\/www.luxor.cz\/blog\/wp-json\/wp\/v2\/product_cat?post=286710"},{"taxonomy":"product_tag","embeddable":true,"href":"https:\/\/www.luxor.cz\/blog\/wp-json\/wp\/v2\/product_tag?post=286710"}],"curies":[{"name":"wp","href":"https:\/\/api.w.org\/{rel}","templated":true}]}}