{"id":286526,"date":"2025-08-08T13:24:54","date_gmt":"2025-08-08T11:24:54","guid":{"rendered":"https:\/\/www.luxor.cz\/blog\/produkt\/snis-o-druhe-zemi-2\/"},"modified":"2025-08-08T13:25:01","modified_gmt":"2025-08-08T11:25:01","slug":"snis-o-druhe-zemi-2","status":"publish","type":"product","link":"https:\/\/www.luxor.cz\/blog\/produkt\/snis-o-druhe-zemi-2\/","title":{"rendered":"Sn\u00ed\u0161 o druh\u00e9 Zemi?"},"content":{"rendered":"<h2>Oh Temi<\/h2>\n<p>Ub\u011bhlo stolet\u00ed od objevu obyvateln\u00e9 planety u nedalek\u00e9 hv\u011bzdy. Nyn\u00ed, kdy\u017e Zem\u011b um\u00edr\u00e1, vyr\u00e1\u017e\u00ed k nov\u00e9mu domovu lidstva kone\u010dn\u011b prvn\u00ed v\u00fdprava&#8230;<\/p>\n","protected":false},"excerpt":{"rendered":"<p>Ub\u011bhlo stolet\u00ed od objevu obyvateln\u00e9 planety u nedalek\u00e9 hv\u011bzdy. Nyn\u00ed, kdy\u017e Zem\u011b um\u00edr\u00e1, vyr\u00e1\u017e\u00ed k nov\u00e9mu domovu lidstva kone\u010dn\u011b prvn\u00ed v\u00fdprava&#8230;<\/p>\n","protected":false},"featured_media":286527,"comment_status":"closed","ping_status":"open","template":"","meta":{"_acf_changed":false,"_monsterinsights_skip_tracking":false,"_monsterinsights_sitenote_active":false,"_monsterinsights_sitenote_note":"","_monsterinsights_sitenote_category":0,"_EventAllDay":false,"_EventTimezone":"","_EventStartDate":"","_EventEndDate":"","_EventStartDateUTC":"","_EventEndDateUTC":"","_EventShowMap":false,"_EventShowMapLink":false,"_EventURL":"","_EventCost":"","_EventCostDescription":"","_EventCurrencySymbol":"","_EventCurrencyCode":"","_EventCurrencyPosition":"","_EventDateTimeSeparator":"","_EventTimeRangeSeparator":"","_EventOrganizerID":[],"_EventVenueID":[],"_OrganizerEmail":"","_OrganizerPhone":"","_OrganizerWebsite":"","_VenueAddress":"","_VenueCity":"","_VenueCountry":"","_VenueProvince":"","_VenueState":"","_VenueZip":"","_VenuePhone":"","_VenueURL":"","_VenueStateProvince":"","_VenueLat":"","_VenueLng":"","_VenueShowMap":false,"_VenueShowMapLink":false,"twitterCardType":"","cardImageID":0,"cardImage":"","cardTitle":"","cardDesc":"","cardImageAlt":"","cardPlayer":"","cardPlayerWidth":0,"cardPlayerHeight":0,"cardPlayerStream":"","cardPlayerCodec":""},"product_cat":[],"product_tag":[],"class_list":["post-286526","product","type-product","status-publish","has-post-thumbnail","hentry"],"acf":{"description":null,"item_id":null,"productname":null,"product":null,"url":"https:\/\/www.luxor.cz\/v\/1546464\/snis-o-druhe-zemi","imgurl":null,"price_vat":null,"margin":null,"vat":null,"paramname1":null,"paramval1":null,"paramname2":null,"paramval2":null,"paramname3":null,"paramval3":null,"paramname4":null,"paramval4":null,"paramname5":null,"paramval5":null,"paramname6":null,"paramval6":null,"paramname7":null,"paramval7":null,"paramname8":null,"paramval8":null,"paramname9":null,"paramval9":null,"paramname10":null,"paramval10":null,"ean":null,"manufacturer":null,"categorytext":null},"_links":{"self":[{"href":"https:\/\/www.luxor.cz\/blog\/wp-json\/wp\/v2\/product\/286526","targetHints":{"allow":["GET"]}}],"collection":[{"href":"https:\/\/www.luxor.cz\/blog\/wp-json\/wp\/v2\/product"}],"about":[{"href":"https:\/\/www.luxor.cz\/blog\/wp-json\/wp\/v2\/types\/product"}],"replies":[{"embeddable":true,"href":"https:\/\/www.luxor.cz\/blog\/wp-json\/wp\/v2\/comments?post=286526"}],"wp:featuredmedia":[{"embeddable":true,"href":"https:\/\/www.luxor.cz\/blog\/wp-json\/wp\/v2\/media\/286527"}],"wp:attachment":[{"href":"https:\/\/www.luxor.cz\/blog\/wp-json\/wp\/v2\/media?parent=286526"}],"wp:term":[{"taxonomy":"product_cat","embeddable":true,"href":"https:\/\/www.luxor.cz\/blog\/wp-json\/wp\/v2\/product_cat?post=286526"},{"taxonomy":"product_tag","embeddable":true,"href":"https:\/\/www.luxor.cz\/blog\/wp-json\/wp\/v2\/product_tag?post=286526"}],"curies":[{"name":"wp","href":"https:\/\/api.w.org\/{rel}","templated":true}]}}