{"id":283536,"date":"2025-08-08T13:02:43","date_gmt":"2025-08-08T11:02:43","guid":{"rendered":"https:\/\/www.luxor.cz\/blog\/produkt\/peugeot-307-jak-na-to-od-2001-89-2-vydani\/"},"modified":"2025-08-08T13:02:54","modified_gmt":"2025-08-08T11:02:54","slug":"peugeot-307-jak-na-to-od-2001-89-2-vydani","status":"publish","type":"product","link":"https:\/\/www.luxor.cz\/blog\/produkt\/peugeot-307-jak-na-to-od-2001-89-2-vydani\/","title":{"rendered":"Peugeot 307 &#8211; Jak na to? od 2001 &#8211; 89. &#8211; 2. vyd\u00e1n\u00ed"},"content":{"rendered":"<h2>Randall Martynn<\/h2>\n<p>Kniha pat\u0159\u00ed do \u0159ady automobilov\u00fdch p\u0159\u00edru\u010dek nazvan\u00e9 &#8222;Jak na to?&#8220;. P\u0159\u00edru\u010dka popisuje \u00fadr\u017ebu a opravy automobil\u016f Peugeot 307 a je vhodn\u00e1 pro&#8230;<\/p>\n","protected":false},"excerpt":{"rendered":"<p>Kniha pat\u0159\u00ed do \u0159ady automobilov\u00fdch p\u0159\u00edru\u010dek nazvan\u00e9 &#8222;Jak na to?&#8220;. P\u0159\u00edru\u010dka popisuje \u00fadr\u017ebu a opravy automobil\u016f Peugeot 307 a je vhodn\u00e1 pro&#8230;<\/p>\n","protected":false},"featured_media":283537,"comment_status":"closed","ping_status":"open","template":"","meta":{"_acf_changed":false,"_monsterinsights_skip_tracking":false,"_monsterinsights_sitenote_active":false,"_monsterinsights_sitenote_note":"","_monsterinsights_sitenote_category":0,"_EventAllDay":false,"_EventTimezone":"","_EventStartDate":"","_EventEndDate":"","_EventStartDateUTC":"","_EventEndDateUTC":"","_EventShowMap":false,"_EventShowMapLink":false,"_EventURL":"","_EventCost":"","_EventCostDescription":"","_EventCurrencySymbol":"","_EventCurrencyCode":"","_EventCurrencyPosition":"","_EventDateTimeSeparator":"","_EventTimeRangeSeparator":"","_EventOrganizerID":[],"_EventVenueID":[],"_OrganizerEmail":"","_OrganizerPhone":"","_OrganizerWebsite":"","_VenueAddress":"","_VenueCity":"","_VenueCountry":"","_VenueProvince":"","_VenueState":"","_VenueZip":"","_VenuePhone":"","_VenueURL":"","_VenueStateProvince":"","_VenueLat":"","_VenueLng":"","_VenueShowMap":false,"_VenueShowMapLink":false,"twitterCardType":"","cardImageID":0,"cardImage":"","cardTitle":"","cardDesc":"","cardImageAlt":"","cardPlayer":"","cardPlayerWidth":0,"cardPlayerHeight":0,"cardPlayerStream":"","cardPlayerCodec":""},"product_cat":[],"product_tag":[],"class_list":["post-283536","product","type-product","status-publish","has-post-thumbnail","hentry"],"acf":{"description":null,"item_id":null,"productname":null,"product":null,"url":"https:\/\/www.luxor.cz\/v\/1501740\/peugeot-307-jak-na-to-od-2001-89-2-vydani","imgurl":null,"price_vat":null,"margin":null,"vat":null,"paramname1":null,"paramval1":null,"paramname2":null,"paramval2":null,"paramname3":null,"paramval3":null,"paramname4":null,"paramval4":null,"paramname5":null,"paramval5":null,"paramname6":null,"paramval6":null,"paramname7":null,"paramval7":null,"paramname8":null,"paramval8":null,"paramname9":null,"paramval9":null,"paramname10":null,"paramval10":null,"ean":null,"manufacturer":null,"categorytext":null},"_links":{"self":[{"href":"https:\/\/www.luxor.cz\/blog\/wp-json\/wp\/v2\/product\/283536","targetHints":{"allow":["GET"]}}],"collection":[{"href":"https:\/\/www.luxor.cz\/blog\/wp-json\/wp\/v2\/product"}],"about":[{"href":"https:\/\/www.luxor.cz\/blog\/wp-json\/wp\/v2\/types\/product"}],"replies":[{"embeddable":true,"href":"https:\/\/www.luxor.cz\/blog\/wp-json\/wp\/v2\/comments?post=283536"}],"wp:featuredmedia":[{"embeddable":true,"href":"https:\/\/www.luxor.cz\/blog\/wp-json\/wp\/v2\/media\/283537"}],"wp:attachment":[{"href":"https:\/\/www.luxor.cz\/blog\/wp-json\/wp\/v2\/media?parent=283536"}],"wp:term":[{"taxonomy":"product_cat","embeddable":true,"href":"https:\/\/www.luxor.cz\/blog\/wp-json\/wp\/v2\/product_cat?post=283536"},{"taxonomy":"product_tag","embeddable":true,"href":"https:\/\/www.luxor.cz\/blog\/wp-json\/wp\/v2\/product_tag?post=283536"}],"curies":[{"name":"wp","href":"https:\/\/api.w.org\/{rel}","templated":true}]}}