{"id":283436,"date":"2025-08-08T13:02:07","date_gmt":"2025-08-08T11:02:07","guid":{"rendered":"https:\/\/www.luxor.cz\/blog\/produkt\/gaius-ucebnice-prava-ve-ctyrech-knihach-2\/"},"modified":"2025-08-08T13:02:10","modified_gmt":"2025-08-08T11:02:10","slug":"gaius-ucebnice-prava-ve-ctyrech-knihach-2","status":"publish","type":"product","link":"https:\/\/www.luxor.cz\/blog\/produkt\/gaius-ucebnice-prava-ve-ctyrech-knihach-2\/","title":{"rendered":"Gaius: U\u010debnice pr\u00e1va ve \u010dty\u0159ech knih\u00e1ch"},"content":{"rendered":"<h2>Kincl Jarom\u00edr<\/h2>\n<p>Gaiovo d\u00edlo Institutionum commentarii quattuor, neboli U\u010debnice pr\u00e1va ve \u010dty\u0159ech knih\u00e1ch, napsan\u00e9 v posledn\u00edch 2. stolet\u00ed n. l., pat\u0159\u00ed mez&#8230;<\/p>\n","protected":false},"excerpt":{"rendered":"<p>Gaiovo d\u00edlo Institutionum commentarii quattuor, neboli U\u010debnice pr\u00e1va ve \u010dty\u0159ech knih\u00e1ch, napsan\u00e9 v posledn\u00edch 2. stolet\u00ed n. l., pat\u0159\u00ed mez&#8230;<\/p>\n","protected":false},"featured_media":283437,"comment_status":"closed","ping_status":"open","template":"","meta":{"_acf_changed":false,"_monsterinsights_skip_tracking":false,"_monsterinsights_sitenote_active":false,"_monsterinsights_sitenote_note":"","_monsterinsights_sitenote_category":0,"_EventAllDay":false,"_EventTimezone":"","_EventStartDate":"","_EventEndDate":"","_EventStartDateUTC":"","_EventEndDateUTC":"","_EventShowMap":false,"_EventShowMapLink":false,"_EventURL":"","_EventCost":"","_EventCostDescription":"","_EventCurrencySymbol":"","_EventCurrencyCode":"","_EventCurrencyPosition":"","_EventDateTimeSeparator":"","_EventTimeRangeSeparator":"","_EventOrganizerID":[],"_EventVenueID":[],"_OrganizerEmail":"","_OrganizerPhone":"","_OrganizerWebsite":"","_VenueAddress":"","_VenueCity":"","_VenueCountry":"","_VenueProvince":"","_VenueState":"","_VenueZip":"","_VenuePhone":"","_VenueURL":"","_VenueStateProvince":"","_VenueLat":"","_VenueLng":"","_VenueShowMap":false,"_VenueShowMapLink":false,"twitterCardType":"","cardImageID":0,"cardImage":"","cardTitle":"","cardDesc":"","cardImageAlt":"","cardPlayer":"","cardPlayerWidth":0,"cardPlayerHeight":0,"cardPlayerStream":"","cardPlayerCodec":""},"product_cat":[],"product_tag":[],"class_list":["post-283436","product","type-product","status-publish","has-post-thumbnail","hentry"],"acf":{"description":null,"item_id":null,"productname":null,"product":null,"url":"https:\/\/www.luxor.cz\/v\/1503372\/gaius-ucebnice-prava-ve-ctyrech-knihach","imgurl":null,"price_vat":null,"margin":null,"vat":null,"paramname1":null,"paramval1":null,"paramname2":null,"paramval2":null,"paramname3":null,"paramval3":null,"paramname4":null,"paramval4":null,"paramname5":null,"paramval5":null,"paramname6":null,"paramval6":null,"paramname7":null,"paramval7":null,"paramname8":null,"paramval8":null,"paramname9":null,"paramval9":null,"paramname10":null,"paramval10":null,"ean":null,"manufacturer":null,"categorytext":null},"_links":{"self":[{"href":"https:\/\/www.luxor.cz\/blog\/wp-json\/wp\/v2\/product\/283436","targetHints":{"allow":["GET"]}}],"collection":[{"href":"https:\/\/www.luxor.cz\/blog\/wp-json\/wp\/v2\/product"}],"about":[{"href":"https:\/\/www.luxor.cz\/blog\/wp-json\/wp\/v2\/types\/product"}],"replies":[{"embeddable":true,"href":"https:\/\/www.luxor.cz\/blog\/wp-json\/wp\/v2\/comments?post=283436"}],"wp:featuredmedia":[{"embeddable":true,"href":"https:\/\/www.luxor.cz\/blog\/wp-json\/wp\/v2\/media\/283437"}],"wp:attachment":[{"href":"https:\/\/www.luxor.cz\/blog\/wp-json\/wp\/v2\/media?parent=283436"}],"wp:term":[{"taxonomy":"product_cat","embeddable":true,"href":"https:\/\/www.luxor.cz\/blog\/wp-json\/wp\/v2\/product_cat?post=283436"},{"taxonomy":"product_tag","embeddable":true,"href":"https:\/\/www.luxor.cz\/blog\/wp-json\/wp\/v2\/product_tag?post=283436"}],"curies":[{"name":"wp","href":"https:\/\/api.w.org\/{rel}","templated":true}]}}