{"id":282074,"date":"2025-08-08T12:52:13","date_gmt":"2025-08-08T10:52:13","guid":{"rendered":"https:\/\/www.luxor.cz\/blog\/produkt\/zemepis-spolu-to-zvladneme-fyzicka-socialni-a-prakticka-geografie-2\/"},"modified":"2025-08-08T12:52:15","modified_gmt":"2025-08-08T10:52:15","slug":"zemepis-spolu-to-zvladneme-fyzicka-socialni-a-prakticka-geografie-2","status":"publish","type":"product","link":"https:\/\/www.luxor.cz\/blog\/produkt\/zemepis-spolu-to-zvladneme-fyzicka-socialni-a-prakticka-geografie-2\/","title":{"rendered":"Zem\u011bpis: Spolu to zvl\u00e1dneme &#8211; Fyzick\u00e1, soci\u00e1ln\u00ed a praktick\u00e1 geografie"},"content":{"rendered":"<h2>Lambert David<\/h2>\n<p>Jedn\u00edm z hlavn\u00edch p\u0159edm\u011bt\u016f v \u0161koln\u00edch osnov\u00e1ch je zem\u011bpis. Panuje toti\u017e v\u0161eobecn\u00e1 shoda v tom, \u017ee je d\u016fle\u017eit\u00e9, aby ka\u017ed\u00fd m\u011bl alespo\u0148&#8230;<\/p>\n","protected":false},"excerpt":{"rendered":"<p>Jedn\u00edm z hlavn\u00edch p\u0159edm\u011bt\u016f v \u0161koln\u00edch osnov\u00e1ch je zem\u011bpis. Panuje toti\u017e v\u0161eobecn\u00e1 shoda v tom, \u017ee je d\u016fle\u017eit\u00e9, aby ka\u017ed\u00fd m\u011bl alespo\u0148&#8230;<\/p>\n","protected":false},"featured_media":282075,"comment_status":"closed","ping_status":"open","template":"","meta":{"_acf_changed":false,"_monsterinsights_skip_tracking":false,"_monsterinsights_sitenote_active":false,"_monsterinsights_sitenote_note":"","_monsterinsights_sitenote_category":0,"_EventAllDay":false,"_EventTimezone":"","_EventStartDate":"","_EventEndDate":"","_EventStartDateUTC":"","_EventEndDateUTC":"","_EventShowMap":false,"_EventShowMapLink":false,"_EventURL":"","_EventCost":"","_EventCostDescription":"","_EventCurrencySymbol":"","_EventCurrencyCode":"","_EventCurrencyPosition":"","_EventDateTimeSeparator":"","_EventTimeRangeSeparator":"","_EventOrganizerID":[],"_EventVenueID":[],"_OrganizerEmail":"","_OrganizerPhone":"","_OrganizerWebsite":"","_VenueAddress":"","_VenueCity":"","_VenueCountry":"","_VenueProvince":"","_VenueState":"","_VenueZip":"","_VenuePhone":"","_VenueURL":"","_VenueStateProvince":"","_VenueLat":"","_VenueLng":"","_VenueShowMap":false,"_VenueShowMapLink":false,"twitterCardType":"","cardImageID":0,"cardImage":"","cardTitle":"","cardDesc":"","cardImageAlt":"","cardPlayer":"","cardPlayerWidth":0,"cardPlayerHeight":0,"cardPlayerStream":"","cardPlayerCodec":""},"product_cat":[],"product_tag":[],"class_list":["post-282074","product","type-product","status-publish","has-post-thumbnail","hentry"],"acf":{"description":null,"item_id":null,"productname":null,"product":null,"url":"https:\/\/www.luxor.cz\/v\/1508645\/zemepis-spolu-to-zvladneme-fyzicka-socialni-a-prakticka-geografie","imgurl":null,"price_vat":null,"margin":null,"vat":null,"paramname1":null,"paramval1":null,"paramname2":null,"paramval2":null,"paramname3":null,"paramval3":null,"paramname4":null,"paramval4":null,"paramname5":null,"paramval5":null,"paramname6":null,"paramval6":null,"paramname7":null,"paramval7":null,"paramname8":null,"paramval8":null,"paramname9":null,"paramval9":null,"paramname10":null,"paramval10":null,"ean":null,"manufacturer":null,"categorytext":null},"_links":{"self":[{"href":"https:\/\/www.luxor.cz\/blog\/wp-json\/wp\/v2\/product\/282074","targetHints":{"allow":["GET"]}}],"collection":[{"href":"https:\/\/www.luxor.cz\/blog\/wp-json\/wp\/v2\/product"}],"about":[{"href":"https:\/\/www.luxor.cz\/blog\/wp-json\/wp\/v2\/types\/product"}],"replies":[{"embeddable":true,"href":"https:\/\/www.luxor.cz\/blog\/wp-json\/wp\/v2\/comments?post=282074"}],"wp:featuredmedia":[{"embeddable":true,"href":"https:\/\/www.luxor.cz\/blog\/wp-json\/wp\/v2\/media\/282075"}],"wp:attachment":[{"href":"https:\/\/www.luxor.cz\/blog\/wp-json\/wp\/v2\/media?parent=282074"}],"wp:term":[{"taxonomy":"product_cat","embeddable":true,"href":"https:\/\/www.luxor.cz\/blog\/wp-json\/wp\/v2\/product_cat?post=282074"},{"taxonomy":"product_tag","embeddable":true,"href":"https:\/\/www.luxor.cz\/blog\/wp-json\/wp\/v2\/product_tag?post=282074"}],"curies":[{"name":"wp","href":"https:\/\/api.w.org\/{rel}","templated":true}]}}