{"id":279450,"date":"2025-08-08T12:32:55","date_gmt":"2025-08-08T10:32:55","guid":{"rendered":"https:\/\/www.luxor.cz\/blog\/produkt\/hry-site-porno-2\/"},"modified":"2025-08-08T12:33:04","modified_gmt":"2025-08-08T10:33:04","slug":"hry-site-porno-2","status":"publish","type":"product","link":"https:\/\/www.luxor.cz\/blog\/produkt\/hry-site-porno-2\/","title":{"rendered":"Hry, s\u00edt\u011b, porno"},"content":{"rendered":"<h2>Michaela Slussareff<\/h2>\n<p>Rodi\u010dovstv\u00ed je t\u011b\u017ek\u00e9. Ale vy mu d\u00e1v\u00e1te v\u0161echno a nezav\u00e1h\u00e1te ani p\u0159ed pr\u016fzkumem divok\u00e9 d\u017eungle digit\u00e1ln\u00edho sv\u011bta. Pro\u010d? Abyste mohli sv\u00e9&#8230;<\/p>\n","protected":false},"excerpt":{"rendered":"<p>Rodi\u010dovstv\u00ed je t\u011b\u017ek\u00e9. Ale vy mu d\u00e1v\u00e1te v\u0161echno a nezav\u00e1h\u00e1te ani p\u0159ed pr\u016fzkumem divok\u00e9 d\u017eungle digit\u00e1ln\u00edho sv\u011bta. Pro\u010d? Abyste mohli sv\u00e9&#8230;<\/p>\n","protected":false},"featured_media":279451,"comment_status":"closed","ping_status":"open","template":"","meta":{"_acf_changed":false,"_monsterinsights_skip_tracking":false,"_monsterinsights_sitenote_active":false,"_monsterinsights_sitenote_note":"","_monsterinsights_sitenote_category":0,"_EventAllDay":false,"_EventTimezone":"","_EventStartDate":"","_EventEndDate":"","_EventStartDateUTC":"","_EventEndDateUTC":"","_EventShowMap":false,"_EventShowMapLink":false,"_EventURL":"","_EventCost":"","_EventCostDescription":"","_EventCurrencySymbol":"","_EventCurrencyCode":"","_EventCurrencyPosition":"","_EventDateTimeSeparator":"","_EventTimeRangeSeparator":"","_EventOrganizerID":[],"_EventVenueID":[],"_OrganizerEmail":"","_OrganizerPhone":"","_OrganizerWebsite":"","_VenueAddress":"","_VenueCity":"","_VenueCountry":"","_VenueProvince":"","_VenueState":"","_VenueZip":"","_VenuePhone":"","_VenueURL":"","_VenueStateProvince":"","_VenueLat":"","_VenueLng":"","_VenueShowMap":false,"_VenueShowMapLink":false,"twitterCardType":"","cardImageID":0,"cardImage":"","cardTitle":"","cardDesc":"","cardImageAlt":"","cardPlayer":"","cardPlayerWidth":0,"cardPlayerHeight":0,"cardPlayerStream":"","cardPlayerCodec":""},"product_cat":[],"product_tag":[],"class_list":["post-279450","product","type-product","status-publish","has-post-thumbnail","hentry"],"acf":{"description":null,"item_id":null,"productname":null,"product":null,"url":"https:\/\/www.luxor.cz\/v\/1674751\/hry-site-porno","imgurl":null,"price_vat":null,"margin":null,"vat":null,"paramname1":null,"paramval1":null,"paramname2":null,"paramval2":null,"paramname3":null,"paramval3":null,"paramname4":null,"paramval4":null,"paramname5":null,"paramval5":null,"paramname6":null,"paramval6":null,"paramname7":null,"paramval7":null,"paramname8":null,"paramval8":null,"paramname9":null,"paramval9":null,"paramname10":null,"paramval10":null,"ean":null,"manufacturer":null,"categorytext":null},"_links":{"self":[{"href":"https:\/\/www.luxor.cz\/blog\/wp-json\/wp\/v2\/product\/279450","targetHints":{"allow":["GET"]}}],"collection":[{"href":"https:\/\/www.luxor.cz\/blog\/wp-json\/wp\/v2\/product"}],"about":[{"href":"https:\/\/www.luxor.cz\/blog\/wp-json\/wp\/v2\/types\/product"}],"replies":[{"embeddable":true,"href":"https:\/\/www.luxor.cz\/blog\/wp-json\/wp\/v2\/comments?post=279450"}],"wp:featuredmedia":[{"embeddable":true,"href":"https:\/\/www.luxor.cz\/blog\/wp-json\/wp\/v2\/media\/279451"}],"wp:attachment":[{"href":"https:\/\/www.luxor.cz\/blog\/wp-json\/wp\/v2\/media?parent=279450"}],"wp:term":[{"taxonomy":"product_cat","embeddable":true,"href":"https:\/\/www.luxor.cz\/blog\/wp-json\/wp\/v2\/product_cat?post=279450"},{"taxonomy":"product_tag","embeddable":true,"href":"https:\/\/www.luxor.cz\/blog\/wp-json\/wp\/v2\/product_tag?post=279450"}],"curies":[{"name":"wp","href":"https:\/\/api.w.org\/{rel}","templated":true}]}}