{"id":267838,"date":"2025-08-08T11:02:19","date_gmt":"2025-08-08T09:02:19","guid":{"rendered":"https:\/\/www.luxor.cz\/blog\/produkt\/stavebnice-seva-5-jumbo-1064-ks-v-krabici\/"},"modified":"2025-08-08T11:02:22","modified_gmt":"2025-08-08T09:02:22","slug":"stavebnice-seva-5-jumbo-1064-ks-v-krabici","status":"publish","type":"product","link":"https:\/\/www.luxor.cz\/blog\/produkt\/stavebnice-seva-5-jumbo-1064-ks-v-krabici\/","title":{"rendered":"Stavebnice SEVA &#8211; 5 Jumbo 1064 ks v krabici"},"content":{"rendered":"<h2><\/h2>\n<p>Stavebnice Seva 5 Jumbo plast 1064 ks v plastov\u00e9 krabici. <\/p>\n<p>Praktick\u00e9 balen\u00ed stavebnice v plastov\u00e9m kontejneru. SEVA 5 Jumbo obsahuje d\u00edly&#8230;<\/p>\n","protected":false},"excerpt":{"rendered":"<p>Stavebnice Seva 5 Jumbo plast 1064 ks v plastov\u00e9 krabici. <\/p>\n<p>Praktick\u00e9 balen\u00ed stavebnice v plastov\u00e9m kontejneru. SEVA 5 Jumbo obsahuje d\u00edly&#8230;<\/p>\n","protected":false},"featured_media":267839,"comment_status":"closed","ping_status":"open","template":"","meta":{"_acf_changed":false,"_monsterinsights_skip_tracking":false,"_monsterinsights_sitenote_active":false,"_monsterinsights_sitenote_note":"","_monsterinsights_sitenote_category":0,"_EventAllDay":false,"_EventTimezone":"","_EventStartDate":"","_EventEndDate":"","_EventStartDateUTC":"","_EventEndDateUTC":"","_EventShowMap":false,"_EventShowMapLink":false,"_EventURL":"","_EventCost":"","_EventCostDescription":"","_EventCurrencySymbol":"","_EventCurrencyCode":"","_EventCurrencyPosition":"","_EventDateTimeSeparator":"","_EventTimeRangeSeparator":"","_EventOrganizerID":[],"_EventVenueID":[],"_OrganizerEmail":"","_OrganizerPhone":"","_OrganizerWebsite":"","_VenueAddress":"","_VenueCity":"","_VenueCountry":"","_VenueProvince":"","_VenueState":"","_VenueZip":"","_VenuePhone":"","_VenueURL":"","_VenueStateProvince":"","_VenueLat":"","_VenueLng":"","_VenueShowMap":false,"_VenueShowMapLink":false,"twitterCardType":"","cardImageID":0,"cardImage":"","cardTitle":"","cardDesc":"","cardImageAlt":"","cardPlayer":"","cardPlayerWidth":0,"cardPlayerHeight":0,"cardPlayerStream":"","cardPlayerCodec":""},"product_cat":[],"product_tag":[],"class_list":["post-267838","product","type-product","status-publish","has-post-thumbnail","hentry"],"acf":{"description":null,"item_id":null,"productname":null,"product":null,"url":"https:\/\/www.luxor.cz\/v\/1481985\/stavebnice-seva-5-jumbo-1064-ks-v-krabici","imgurl":null,"price_vat":null,"margin":null,"vat":null,"paramname1":null,"paramval1":null,"paramname2":null,"paramval2":null,"paramname3":null,"paramval3":null,"paramname4":null,"paramval4":null,"paramname5":null,"paramval5":null,"paramname6":null,"paramval6":null,"paramname7":null,"paramval7":null,"paramname8":null,"paramval8":null,"paramname9":null,"paramval9":null,"paramname10":null,"paramval10":null,"ean":null,"manufacturer":null,"categorytext":null},"_links":{"self":[{"href":"https:\/\/www.luxor.cz\/blog\/wp-json\/wp\/v2\/product\/267838","targetHints":{"allow":["GET"]}}],"collection":[{"href":"https:\/\/www.luxor.cz\/blog\/wp-json\/wp\/v2\/product"}],"about":[{"href":"https:\/\/www.luxor.cz\/blog\/wp-json\/wp\/v2\/types\/product"}],"replies":[{"embeddable":true,"href":"https:\/\/www.luxor.cz\/blog\/wp-json\/wp\/v2\/comments?post=267838"}],"wp:featuredmedia":[{"embeddable":true,"href":"https:\/\/www.luxor.cz\/blog\/wp-json\/wp\/v2\/media\/267839"}],"wp:attachment":[{"href":"https:\/\/www.luxor.cz\/blog\/wp-json\/wp\/v2\/media?parent=267838"}],"wp:term":[{"taxonomy":"product_cat","embeddable":true,"href":"https:\/\/www.luxor.cz\/blog\/wp-json\/wp\/v2\/product_cat?post=267838"},{"taxonomy":"product_tag","embeddable":true,"href":"https:\/\/www.luxor.cz\/blog\/wp-json\/wp\/v2\/product_tag?post=267838"}],"curies":[{"name":"wp","href":"https:\/\/api.w.org\/{rel}","templated":true}]}}