{"id":262196,"date":"2025-08-06T14:59:15","date_gmt":"2025-08-06T12:59:15","guid":{"rendered":"https:\/\/www.luxor.cz\/blog\/produkt\/cd-zpivanky-2\/"},"modified":"2025-08-06T14:59:24","modified_gmt":"2025-08-06T12:59:24","slug":"cd-zpivanky-2","status":"publish","type":"product","link":"https:\/\/www.luxor.cz\/blog\/produkt\/cd-zpivanky-2\/","title":{"rendered":"CD Zp\u00edv\u00e1nky"},"content":{"rendered":"<h2><\/h2>\n<p>Obsah CD:&#x0D;<br \/>\nAch synku, synku 3:30&#x0D;<br \/>\n\u010cerven\u00fd \u0161\u00e1te\u010dku 2:47&#x0D;<br \/>\nHolka Modrook\u00e1 3:40&#x0D;<br \/>\nJ\u00e1 do lesa nepojedu 1:27&#x0D;<br \/>\nJ\u00e1 m\u00e1m kon\u011b, vran\u00fd kon\u011b 2:28&#x0D;<br \/>\nP\u00e1sla&#8230;<\/p>\n","protected":false},"excerpt":{"rendered":"<p>Obsah CD:&#x0D;<br \/>\nAch synku, synku 3:30&#x0D;<br \/>\n\u010cerven\u00fd \u0161\u00e1te\u010dku 2:47&#x0D;<br \/>\nHolka Modrook\u00e1 3:40&#x0D;<br \/>\nJ\u00e1 do lesa nepojedu 1:27&#x0D;<br \/>\nJ\u00e1 m\u00e1m kon\u011b, vran\u00fd kon\u011b 2:28&#x0D;<br \/>\nP\u00e1sla&#8230;<\/p>\n","protected":false},"featured_media":262197,"comment_status":"closed","ping_status":"open","template":"","meta":{"_acf_changed":false,"_monsterinsights_skip_tracking":false,"_monsterinsights_sitenote_active":false,"_monsterinsights_sitenote_note":"","_monsterinsights_sitenote_category":0,"_EventAllDay":false,"_EventTimezone":"","_EventStartDate":"","_EventEndDate":"","_EventStartDateUTC":"","_EventEndDateUTC":"","_EventShowMap":false,"_EventShowMapLink":false,"_EventURL":"","_EventCost":"","_EventCostDescription":"","_EventCurrencySymbol":"","_EventCurrencyCode":"","_EventCurrencyPosition":"","_EventDateTimeSeparator":"","_EventTimeRangeSeparator":"","_EventOrganizerID":[],"_EventVenueID":[],"_OrganizerEmail":"","_OrganizerPhone":"","_OrganizerWebsite":"","_VenueAddress":"","_VenueCity":"","_VenueCountry":"","_VenueProvince":"","_VenueState":"","_VenueZip":"","_VenuePhone":"","_VenueURL":"","_VenueStateProvince":"","_VenueLat":"","_VenueLng":"","_VenueShowMap":false,"_VenueShowMapLink":false,"twitterCardType":"","cardImageID":0,"cardImage":"","cardTitle":"","cardDesc":"","cardImageAlt":"","cardPlayer":"","cardPlayerWidth":0,"cardPlayerHeight":0,"cardPlayerStream":"","cardPlayerCodec":""},"product_cat":[],"product_tag":[],"class_list":["post-262196","product","type-product","status-publish","has-post-thumbnail","hentry"],"acf":{"description":null,"item_id":null,"productname":null,"product":null,"url":"https:\/\/www.test.luxor.cz\/v\/1475769\/cd-zpivanky","imgurl":null,"price_vat":null,"margin":null,"vat":null,"paramname1":null,"paramval1":null,"paramname2":null,"paramval2":null,"paramname3":null,"paramval3":null,"paramname4":null,"paramval4":null,"paramname5":null,"paramval5":null,"paramname6":null,"paramval6":null,"paramname7":null,"paramval7":null,"paramname8":null,"paramval8":null,"paramname9":null,"paramval9":null,"paramname10":null,"paramval10":null,"ean":null,"manufacturer":null,"categorytext":null},"_links":{"self":[{"href":"https:\/\/www.luxor.cz\/blog\/wp-json\/wp\/v2\/product\/262196","targetHints":{"allow":["GET"]}}],"collection":[{"href":"https:\/\/www.luxor.cz\/blog\/wp-json\/wp\/v2\/product"}],"about":[{"href":"https:\/\/www.luxor.cz\/blog\/wp-json\/wp\/v2\/types\/product"}],"replies":[{"embeddable":true,"href":"https:\/\/www.luxor.cz\/blog\/wp-json\/wp\/v2\/comments?post=262196"}],"wp:featuredmedia":[{"embeddable":true,"href":"https:\/\/www.luxor.cz\/blog\/wp-json\/wp\/v2\/media\/262197"}],"wp:attachment":[{"href":"https:\/\/www.luxor.cz\/blog\/wp-json\/wp\/v2\/media?parent=262196"}],"wp:term":[{"taxonomy":"product_cat","embeddable":true,"href":"https:\/\/www.luxor.cz\/blog\/wp-json\/wp\/v2\/product_cat?post=262196"},{"taxonomy":"product_tag","embeddable":true,"href":"https:\/\/www.luxor.cz\/blog\/wp-json\/wp\/v2\/product_tag?post=262196"}],"curies":[{"name":"wp","href":"https:\/\/api.w.org\/{rel}","templated":true}]}}