{"id":259646,"date":"2025-08-06T14:44:27","date_gmt":"2025-08-06T12:44:27","guid":{"rendered":"https:\/\/www.luxor.cz\/blog\/produkt\/set-pro-prvnacky\/"},"modified":"2025-08-06T14:44:38","modified_gmt":"2025-08-06T12:44:38","slug":"set-pro-prvnacky","status":"publish","type":"product","link":"https:\/\/www.luxor.cz\/blog\/produkt\/set-pro-prvnacky\/","title":{"rendered":"Set PRO PRV\u0147\u00c1\u010cKY"},"content":{"rendered":"<h2><\/h2>\n<p>M\u00e1te doma budouc\u00edho prv\u0148\u00e1\u010dka a chcete ho perfektn\u011b p\u0159ipravit do \u0161koly? Set &#8211; Uvol\u0148ovac\u00ed cviky, po\u010d\u00edt\u00e1n\u00ed, psan\u00ed je ide\u00e1ln\u00ed kombinac\u00ed v\u0161eho&#8230;<\/p>\n","protected":false},"excerpt":{"rendered":"<p>M\u00e1te doma budouc\u00edho prv\u0148\u00e1\u010dka a chcete ho perfektn\u011b p\u0159ipravit do \u0161koly? Set &#8211; Uvol\u0148ovac\u00ed cviky, po\u010d\u00edt\u00e1n\u00ed, psan\u00ed je ide\u00e1ln\u00ed kombinac\u00ed v\u0161eho&#8230;<\/p>\n","protected":false},"featured_media":259647,"comment_status":"closed","ping_status":"open","template":"","meta":{"_acf_changed":false,"_monsterinsights_skip_tracking":false,"_monsterinsights_sitenote_active":false,"_monsterinsights_sitenote_note":"","_monsterinsights_sitenote_category":0,"_EventAllDay":false,"_EventTimezone":"","_EventStartDate":"","_EventEndDate":"","_EventStartDateUTC":"","_EventEndDateUTC":"","_EventShowMap":false,"_EventShowMapLink":false,"_EventURL":"","_EventCost":"","_EventCostDescription":"","_EventCurrencySymbol":"","_EventCurrencyCode":"","_EventCurrencyPosition":"","_EventDateTimeSeparator":"","_EventTimeRangeSeparator":"","_EventOrganizerID":[],"_EventVenueID":[],"_OrganizerEmail":"","_OrganizerPhone":"","_OrganizerWebsite":"","_VenueAddress":"","_VenueCity":"","_VenueCountry":"","_VenueProvince":"","_VenueState":"","_VenueZip":"","_VenuePhone":"","_VenueURL":"","_VenueStateProvince":"","_VenueLat":"","_VenueLng":"","_VenueShowMap":false,"_VenueShowMapLink":false,"twitterCardType":"","cardImageID":0,"cardImage":"","cardTitle":"","cardDesc":"","cardImageAlt":"","cardPlayer":"","cardPlayerWidth":0,"cardPlayerHeight":0,"cardPlayerStream":"","cardPlayerCodec":""},"product_cat":[],"product_tag":[],"class_list":["post-259646","product","type-product","status-publish","has-post-thumbnail","hentry"],"acf":{"description":null,"item_id":null,"productname":null,"product":null,"url":"https:\/\/www.test.luxor.cz\/v\/1478549\/set-pro-prvnacky","imgurl":null,"price_vat":null,"margin":null,"vat":null,"paramname1":null,"paramval1":null,"paramname2":null,"paramval2":null,"paramname3":null,"paramval3":null,"paramname4":null,"paramval4":null,"paramname5":null,"paramval5":null,"paramname6":null,"paramval6":null,"paramname7":null,"paramval7":null,"paramname8":null,"paramval8":null,"paramname9":null,"paramval9":null,"paramname10":null,"paramval10":null,"ean":null,"manufacturer":null,"categorytext":null},"_links":{"self":[{"href":"https:\/\/www.luxor.cz\/blog\/wp-json\/wp\/v2\/product\/259646","targetHints":{"allow":["GET"]}}],"collection":[{"href":"https:\/\/www.luxor.cz\/blog\/wp-json\/wp\/v2\/product"}],"about":[{"href":"https:\/\/www.luxor.cz\/blog\/wp-json\/wp\/v2\/types\/product"}],"replies":[{"embeddable":true,"href":"https:\/\/www.luxor.cz\/blog\/wp-json\/wp\/v2\/comments?post=259646"}],"wp:featuredmedia":[{"embeddable":true,"href":"https:\/\/www.luxor.cz\/blog\/wp-json\/wp\/v2\/media\/259647"}],"wp:attachment":[{"href":"https:\/\/www.luxor.cz\/blog\/wp-json\/wp\/v2\/media?parent=259646"}],"wp:term":[{"taxonomy":"product_cat","embeddable":true,"href":"https:\/\/www.luxor.cz\/blog\/wp-json\/wp\/v2\/product_cat?post=259646"},{"taxonomy":"product_tag","embeddable":true,"href":"https:\/\/www.luxor.cz\/blog\/wp-json\/wp\/v2\/product_tag?post=259646"}],"curies":[{"name":"wp","href":"https:\/\/api.w.org\/{rel}","templated":true}]}}