{"id":256088,"date":"2025-08-06T14:24:14","date_gmt":"2025-08-06T12:24:14","guid":{"rendered":"https:\/\/www.luxor.cz\/blog\/produkt\/privesek-kostra-ryby-s-kaminky\/"},"modified":"2025-08-06T14:24:25","modified_gmt":"2025-08-06T12:24:25","slug":"privesek-kostra-ryby-s-kaminky","status":"publish","type":"product","link":"https:\/\/www.luxor.cz\/blog\/produkt\/privesek-kostra-ryby-s-kaminky\/","title":{"rendered":"P\u0159\u00edv\u011b\u0161ek kostra ryby s kam\u00ednky"},"content":{"rendered":"<h2><\/h2>\n<p>Produkt &#8222;P\u0159\u00edv\u011b\u0161ek kostra ryby s kam\u00ednky&#8220; spad\u00e1 do \u017e\u00e1nru D\u00e1rkov\u00fd sortiment. Jedn\u00e1 se o po\u010din nakladatelstv\u00ed &#8222;Eden &#8211; Ivana Kohoutov\u00e1&#8220; z roku&#8230;<\/p>\n","protected":false},"excerpt":{"rendered":"<p>Produkt &#8222;P\u0159\u00edv\u011b\u0161ek kostra ryby s kam\u00ednky&#8220; spad\u00e1 do \u017e\u00e1nru D\u00e1rkov\u00fd sortiment. Jedn\u00e1 se o po\u010din nakladatelstv\u00ed &#8222;Eden &#8211; Ivana Kohoutov\u00e1&#8220; z roku&#8230;<\/p>\n","protected":false},"featured_media":256089,"comment_status":"closed","ping_status":"open","template":"","meta":{"_acf_changed":false,"_monsterinsights_skip_tracking":false,"_monsterinsights_sitenote_active":false,"_monsterinsights_sitenote_note":"","_monsterinsights_sitenote_category":0,"_EventAllDay":false,"_EventTimezone":"","_EventStartDate":"","_EventEndDate":"","_EventStartDateUTC":"","_EventEndDateUTC":"","_EventShowMap":false,"_EventShowMapLink":false,"_EventURL":"","_EventCost":"","_EventCostDescription":"","_EventCurrencySymbol":"","_EventCurrencyCode":"","_EventCurrencyPosition":"","_EventDateTimeSeparator":"","_EventTimeRangeSeparator":"","_EventOrganizerID":[],"_EventVenueID":[],"_OrganizerEmail":"","_OrganizerPhone":"","_OrganizerWebsite":"","_VenueAddress":"","_VenueCity":"","_VenueCountry":"","_VenueProvince":"","_VenueState":"","_VenueZip":"","_VenuePhone":"","_VenueURL":"","_VenueStateProvince":"","_VenueLat":"","_VenueLng":"","_VenueShowMap":false,"_VenueShowMapLink":false,"twitterCardType":"","cardImageID":0,"cardImage":"","cardTitle":"","cardDesc":"","cardImageAlt":"","cardPlayer":"","cardPlayerWidth":0,"cardPlayerHeight":0,"cardPlayerStream":"","cardPlayerCodec":""},"product_cat":[],"product_tag":[],"class_list":["post-256088","product","type-product","status-publish","has-post-thumbnail","hentry"],"acf":{"description":null,"item_id":null,"productname":null,"product":null,"url":"https:\/\/www.test.luxor.cz\/v\/1479535\/privesek-kostra-ryby-s-kaminky","imgurl":null,"price_vat":null,"margin":null,"vat":null,"paramname1":null,"paramval1":null,"paramname2":null,"paramval2":null,"paramname3":null,"paramval3":null,"paramname4":null,"paramval4":null,"paramname5":null,"paramval5":null,"paramname6":null,"paramval6":null,"paramname7":null,"paramval7":null,"paramname8":null,"paramval8":null,"paramname9":null,"paramval9":null,"paramname10":null,"paramval10":null,"ean":null,"manufacturer":null,"categorytext":null},"_links":{"self":[{"href":"https:\/\/www.luxor.cz\/blog\/wp-json\/wp\/v2\/product\/256088","targetHints":{"allow":["GET"]}}],"collection":[{"href":"https:\/\/www.luxor.cz\/blog\/wp-json\/wp\/v2\/product"}],"about":[{"href":"https:\/\/www.luxor.cz\/blog\/wp-json\/wp\/v2\/types\/product"}],"replies":[{"embeddable":true,"href":"https:\/\/www.luxor.cz\/blog\/wp-json\/wp\/v2\/comments?post=256088"}],"wp:featuredmedia":[{"embeddable":true,"href":"https:\/\/www.luxor.cz\/blog\/wp-json\/wp\/v2\/media\/256089"}],"wp:attachment":[{"href":"https:\/\/www.luxor.cz\/blog\/wp-json\/wp\/v2\/media?parent=256088"}],"wp:term":[{"taxonomy":"product_cat","embeddable":true,"href":"https:\/\/www.luxor.cz\/blog\/wp-json\/wp\/v2\/product_cat?post=256088"},{"taxonomy":"product_tag","embeddable":true,"href":"https:\/\/www.luxor.cz\/blog\/wp-json\/wp\/v2\/product_tag?post=256088"}],"curies":[{"name":"wp","href":"https:\/\/api.w.org\/{rel}","templated":true}]}}