{"id":250812,"date":"2025-08-06T13:55:40","date_gmt":"2025-08-06T11:55:40","guid":{"rendered":"https:\/\/www.luxor.cz\/blog\/produkt\/slovnik-sucasneho-slovenskeho-jazyka-a-g\/"},"modified":"2025-08-06T13:55:40","modified_gmt":"2025-08-06T11:55:40","slug":"slovnik-sucasneho-slovenskeho-jazyka-a-g","status":"publish","type":"product","link":"https:\/\/www.luxor.cz\/blog\/produkt\/slovnik-sucasneho-slovenskeho-jazyka-a-g\/","title":{"rendered":"Slovn\u00edk s\u00fa\u010dasn\u00e9ho slovensk\u00e9ho jazyka A-G"},"content":{"rendered":"<h2>kolektiv autor\u016f<\/h2>\n<p>Pou\u017e\u00edvate\u013e n\u00e1jde v slovn\u00edku inform\u00e1cie o 30 293 heslov\u00fdch slov\u00e1ch:&#x0D;<br \/>\n&#8211; v\u00fdklad v\u00fdznamu,&#x0D;<br \/>\n&#8211; gramatick\u00fa charakteristiku,&#x0D;<br \/>\n&#8211; normat\u00edvne a&#8230;<\/p>\n","protected":false},"excerpt":{"rendered":"<p>Pou\u017e\u00edvate\u013e n\u00e1jde v slovn\u00edku inform\u00e1cie o 30 293 heslov\u00fdch slov\u00e1ch:&#x0D;<br \/>\n&#8211; v\u00fdklad v\u00fdznamu,&#x0D;<br \/>\n&#8211; gramatick\u00fa charakteristiku,&#x0D;<br \/>\n&#8211; normat\u00edvne a&#8230;<\/p>\n","protected":false},"featured_media":250813,"comment_status":"closed","ping_status":"open","template":"","meta":{"_acf_changed":false,"_monsterinsights_skip_tracking":false,"_monsterinsights_sitenote_active":false,"_monsterinsights_sitenote_note":"","_monsterinsights_sitenote_category":0,"_EventAllDay":false,"_EventTimezone":"","_EventStartDate":"","_EventEndDate":"","_EventStartDateUTC":"","_EventEndDateUTC":"","_EventShowMap":false,"_EventShowMapLink":false,"_EventURL":"","_EventCost":"","_EventCostDescription":"","_EventCurrencySymbol":"","_EventCurrencyCode":"","_EventCurrencyPosition":"","_EventDateTimeSeparator":"","_EventTimeRangeSeparator":"","_EventOrganizerID":[],"_EventVenueID":[],"_OrganizerEmail":"","_OrganizerPhone":"","_OrganizerWebsite":"","_VenueAddress":"","_VenueCity":"","_VenueCountry":"","_VenueProvince":"","_VenueState":"","_VenueZip":"","_VenuePhone":"","_VenueURL":"","_VenueStateProvince":"","_VenueLat":"","_VenueLng":"","_VenueShowMap":false,"_VenueShowMapLink":false,"twitterCardType":"","cardImageID":0,"cardImage":"","cardTitle":"","cardDesc":"","cardImageAlt":"","cardPlayer":"","cardPlayerWidth":0,"cardPlayerHeight":0,"cardPlayerStream":"","cardPlayerCodec":""},"product_cat":[],"product_tag":[],"class_list":["post-250812","product","type-product","status-publish","has-post-thumbnail","hentry"],"acf":{"description":null,"item_id":null,"productname":null,"product":null,"url":"https:\/\/www.test.luxor.cz\/v\/1471825\/slovnik-sucasneho-slovenskeho-jazyka-a-g","imgurl":null,"price_vat":null,"margin":null,"vat":null,"paramname1":null,"paramval1":null,"paramname2":null,"paramval2":null,"paramname3":null,"paramval3":null,"paramname4":null,"paramval4":null,"paramname5":null,"paramval5":null,"paramname6":null,"paramval6":null,"paramname7":null,"paramval7":null,"paramname8":null,"paramval8":null,"paramname9":null,"paramval9":null,"paramname10":null,"paramval10":null,"ean":null,"manufacturer":null,"categorytext":null},"_links":{"self":[{"href":"https:\/\/www.luxor.cz\/blog\/wp-json\/wp\/v2\/product\/250812","targetHints":{"allow":["GET"]}}],"collection":[{"href":"https:\/\/www.luxor.cz\/blog\/wp-json\/wp\/v2\/product"}],"about":[{"href":"https:\/\/www.luxor.cz\/blog\/wp-json\/wp\/v2\/types\/product"}],"replies":[{"embeddable":true,"href":"https:\/\/www.luxor.cz\/blog\/wp-json\/wp\/v2\/comments?post=250812"}],"wp:featuredmedia":[{"embeddable":true,"href":"https:\/\/www.luxor.cz\/blog\/wp-json\/wp\/v2\/media\/250813"}],"wp:attachment":[{"href":"https:\/\/www.luxor.cz\/blog\/wp-json\/wp\/v2\/media?parent=250812"}],"wp:term":[{"taxonomy":"product_cat","embeddable":true,"href":"https:\/\/www.luxor.cz\/blog\/wp-json\/wp\/v2\/product_cat?post=250812"},{"taxonomy":"product_tag","embeddable":true,"href":"https:\/\/www.luxor.cz\/blog\/wp-json\/wp\/v2\/product_tag?post=250812"}],"curies":[{"name":"wp","href":"https:\/\/api.w.org\/{rel}","templated":true}]}}