{"id":245782,"date":"2025-08-06T13:29:30","date_gmt":"2025-08-06T11:29:30","guid":{"rendered":"https:\/\/www.luxor.cz\/blog\/produkt\/moda-dejiny-odivani-18-19-a-20-stoleti\/"},"modified":"2025-08-06T13:29:33","modified_gmt":"2025-08-06T11:29:33","slug":"moda-dejiny-odivani-18-19-a-20-stoleti","status":"publish","type":"product","link":"https:\/\/www.luxor.cz\/blog\/produkt\/moda-dejiny-odivani-18-19-a-20-stoleti\/","title":{"rendered":"M\u00f3da &#8211; D\u011bjiny od\u00edv\u00e1n\u00ed 18., 19. a 20. stolet\u00ed"},"content":{"rendered":"<h2><\/h2>\n<p>\u0160aty d\u011blaj\u00ed \u010dlov\u011bka. Od\u011bv &#8211; nez\u00e1le\u017e\u00ed na tom, zda se jedn\u00e1 o s\u00e1r\u00ed, kimono \u010di kost\u00fdm do zam\u011bstn\u00e1n\u00ed &#8211; je z\u00e1kladn\u00edm kl\u00ed\u010dem ke kultu\u0159e, t\u0159\u00eddn\u00ed&#8230;<\/p>\n","protected":false},"excerpt":{"rendered":"<p>\u0160aty d\u011blaj\u00ed \u010dlov\u011bka. Od\u011bv &#8211; nez\u00e1le\u017e\u00ed na tom, zda se jedn\u00e1 o s\u00e1r\u00ed, kimono \u010di kost\u00fdm do zam\u011bstn\u00e1n\u00ed &#8211; je z\u00e1kladn\u00edm kl\u00ed\u010dem ke kultu\u0159e, t\u0159\u00eddn\u00ed&#8230;<\/p>\n","protected":false},"featured_media":245783,"comment_status":"closed","ping_status":"open","template":"","meta":{"_acf_changed":false,"_monsterinsights_skip_tracking":false,"_monsterinsights_sitenote_active":false,"_monsterinsights_sitenote_note":"","_monsterinsights_sitenote_category":0,"_EventAllDay":false,"_EventTimezone":"","_EventStartDate":"","_EventEndDate":"","_EventStartDateUTC":"","_EventEndDateUTC":"","_EventShowMap":false,"_EventShowMapLink":false,"_EventURL":"","_EventCost":"","_EventCostDescription":"","_EventCurrencySymbol":"","_EventCurrencyCode":"","_EventCurrencyPosition":"","_EventDateTimeSeparator":"","_EventTimeRangeSeparator":"","_EventOrganizerID":[],"_EventVenueID":[],"_OrganizerEmail":"","_OrganizerPhone":"","_OrganizerWebsite":"","_VenueAddress":"","_VenueCity":"","_VenueCountry":"","_VenueProvince":"","_VenueState":"","_VenueZip":"","_VenuePhone":"","_VenueURL":"","_VenueStateProvince":"","_VenueLat":"","_VenueLng":"","_VenueShowMap":false,"_VenueShowMapLink":false,"twitterCardType":"","cardImageID":0,"cardImage":"","cardTitle":"","cardDesc":"","cardImageAlt":"","cardPlayer":"","cardPlayerWidth":0,"cardPlayerHeight":0,"cardPlayerStream":"","cardPlayerCodec":""},"product_cat":[],"product_tag":[],"class_list":["post-245782","product","type-product","status-publish","has-post-thumbnail","hentry"],"acf":{"description":null,"item_id":null,"productname":null,"product":null,"url":"https:\/\/www.test.luxor.cz\/v\/1471609\/moda-dejiny-odivani-18-19-a-20-stoleti","imgurl":null,"price_vat":null,"margin":null,"vat":null,"paramname1":null,"paramval1":null,"paramname2":null,"paramval2":null,"paramname3":null,"paramval3":null,"paramname4":null,"paramval4":null,"paramname5":null,"paramval5":null,"paramname6":null,"paramval6":null,"paramname7":null,"paramval7":null,"paramname8":null,"paramval8":null,"paramname9":null,"paramval9":null,"paramname10":null,"paramval10":null,"ean":null,"manufacturer":null,"categorytext":null},"_links":{"self":[{"href":"https:\/\/www.luxor.cz\/blog\/wp-json\/wp\/v2\/product\/245782","targetHints":{"allow":["GET"]}}],"collection":[{"href":"https:\/\/www.luxor.cz\/blog\/wp-json\/wp\/v2\/product"}],"about":[{"href":"https:\/\/www.luxor.cz\/blog\/wp-json\/wp\/v2\/types\/product"}],"replies":[{"embeddable":true,"href":"https:\/\/www.luxor.cz\/blog\/wp-json\/wp\/v2\/comments?post=245782"}],"wp:featuredmedia":[{"embeddable":true,"href":"https:\/\/www.luxor.cz\/blog\/wp-json\/wp\/v2\/media\/245783"}],"wp:attachment":[{"href":"https:\/\/www.luxor.cz\/blog\/wp-json\/wp\/v2\/media?parent=245782"}],"wp:term":[{"taxonomy":"product_cat","embeddable":true,"href":"https:\/\/www.luxor.cz\/blog\/wp-json\/wp\/v2\/product_cat?post=245782"},{"taxonomy":"product_tag","embeddable":true,"href":"https:\/\/www.luxor.cz\/blog\/wp-json\/wp\/v2\/product_tag?post=245782"}],"curies":[{"name":"wp","href":"https:\/\/api.w.org\/{rel}","templated":true}]}}