{"id":239102,"date":"2025-08-06T12:57:10","date_gmt":"2025-08-06T10:57:10","guid":{"rendered":"https:\/\/www.luxor.cz\/blog\/produkt\/lucifer-5-peklo\/"},"modified":"2025-08-06T12:57:14","modified_gmt":"2025-08-06T10:57:14","slug":"lucifer-5-peklo","status":"publish","type":"product","link":"https:\/\/www.luxor.cz\/blog\/produkt\/lucifer-5-peklo\/","title":{"rendered":"Lucifer 5 &#8211; Peklo"},"content":{"rendered":"<h2><\/h2>\n<p>Jit\u0159n\u00ed kn\u00ed\u017ee u\u017e vystoupal tak\u0159ka nejv\u00fd\u0161, kam to \u0161lo. B\u00fdval\u00fd vl\u00e1dce pekel stvo\u0159il v pr\u00e1zdnot\u011b za na\u0161\u00edm sv\u011btem nov\u00e9 Jsoucno, zabydlel ho a&#8230;<\/p>\n","protected":false},"excerpt":{"rendered":"<p>Jit\u0159n\u00ed kn\u00ed\u017ee u\u017e vystoupal tak\u0159ka nejv\u00fd\u0161, kam to \u0161lo. B\u00fdval\u00fd vl\u00e1dce pekel stvo\u0159il v pr\u00e1zdnot\u011b za na\u0161\u00edm sv\u011btem nov\u00e9 Jsoucno, zabydlel ho a&#8230;<\/p>\n","protected":false},"featured_media":239103,"comment_status":"closed","ping_status":"open","template":"","meta":{"_acf_changed":false,"_monsterinsights_skip_tracking":false,"_monsterinsights_sitenote_active":false,"_monsterinsights_sitenote_note":"","_monsterinsights_sitenote_category":0,"_EventAllDay":false,"_EventTimezone":"","_EventStartDate":"","_EventEndDate":"","_EventStartDateUTC":"","_EventEndDateUTC":"","_EventShowMap":false,"_EventShowMapLink":false,"_EventURL":"","_EventCost":"","_EventCostDescription":"","_EventCurrencySymbol":"","_EventCurrencyCode":"","_EventCurrencyPosition":"","_EventDateTimeSeparator":"","_EventTimeRangeSeparator":"","_EventOrganizerID":[],"_EventVenueID":[],"_OrganizerEmail":"","_OrganizerPhone":"","_OrganizerWebsite":"","_VenueAddress":"","_VenueCity":"","_VenueCountry":"","_VenueProvince":"","_VenueState":"","_VenueZip":"","_VenuePhone":"","_VenueURL":"","_VenueStateProvince":"","_VenueLat":"","_VenueLng":"","_VenueShowMap":false,"_VenueShowMapLink":false,"twitterCardType":"","cardImageID":0,"cardImage":"","cardTitle":"","cardDesc":"","cardImageAlt":"","cardPlayer":"","cardPlayerWidth":0,"cardPlayerHeight":0,"cardPlayerStream":"","cardPlayerCodec":""},"product_cat":[],"product_tag":[],"class_list":["post-239102","product","type-product","status-publish","has-post-thumbnail","hentry"],"acf":{"description":null,"item_id":null,"productname":null,"product":null,"url":"https:\/\/www.test.luxor.cz\/v\/1692208\/lucifer-5-peklo","imgurl":null,"price_vat":null,"margin":null,"vat":null,"paramname1":null,"paramval1":null,"paramname2":null,"paramval2":null,"paramname3":null,"paramval3":null,"paramname4":null,"paramval4":null,"paramname5":null,"paramval5":null,"paramname6":null,"paramval6":null,"paramname7":null,"paramval7":null,"paramname8":null,"paramval8":null,"paramname9":null,"paramval9":null,"paramname10":null,"paramval10":null,"ean":null,"manufacturer":null,"categorytext":null},"_links":{"self":[{"href":"https:\/\/www.luxor.cz\/blog\/wp-json\/wp\/v2\/product\/239102","targetHints":{"allow":["GET"]}}],"collection":[{"href":"https:\/\/www.luxor.cz\/blog\/wp-json\/wp\/v2\/product"}],"about":[{"href":"https:\/\/www.luxor.cz\/blog\/wp-json\/wp\/v2\/types\/product"}],"replies":[{"embeddable":true,"href":"https:\/\/www.luxor.cz\/blog\/wp-json\/wp\/v2\/comments?post=239102"}],"wp:featuredmedia":[{"embeddable":true,"href":"https:\/\/www.luxor.cz\/blog\/wp-json\/wp\/v2\/media\/239103"}],"wp:attachment":[{"href":"https:\/\/www.luxor.cz\/blog\/wp-json\/wp\/v2\/media?parent=239102"}],"wp:term":[{"taxonomy":"product_cat","embeddable":true,"href":"https:\/\/www.luxor.cz\/blog\/wp-json\/wp\/v2\/product_cat?post=239102"},{"taxonomy":"product_tag","embeddable":true,"href":"https:\/\/www.luxor.cz\/blog\/wp-json\/wp\/v2\/product_tag?post=239102"}],"curies":[{"name":"wp","href":"https:\/\/api.w.org\/{rel}","templated":true}]}}