{"id":172134,"date":"2023-08-15T23:04:56","date_gmt":"2023-08-15T21:04:56","guid":{"rendered":"https:\/\/www.luxor.cz\/blog\/produkt\/gelova-razitka-studio-light-kolekce-jma-20-ks-napisy-na-prani\/"},"modified":"2023-08-15T23:04:56","modified_gmt":"2023-08-15T21:04:56","slug":"gelova-razitka-studio-light-kolekce-jma-20-ks-napisy-na-prani","status":"publish","type":"product","link":"https:\/\/www.luxor.cz\/blog\/produkt\/gelova-razitka-studio-light-kolekce-jma-20-ks-napisy-na-prani\/","title":{"rendered":"Gelov\u00e1 raz\u00edtka Studio Light, kolekce JMA (20 ks) \u2013 n\u00e1pisy na p\u0159\u00e1n\u00ed"},"content":{"rendered":"<p>Sada gelov\u00fdch raz\u00edtek s anglick\u00fdmi n\u00e1pisy vhodn\u00fdmi k um\u00edst\u011bn\u00ed na p\u0159\u00e1n\u00ed\u010dka pro r\u016fzn\u00e9 p\u0159\u00edle\u017eitosti. Gelov\u00e1 raz\u00edtka se pou\u017e\u00edvaj\u00ed s akrylov\u00fdm blokem, na kter\u00fd p\u0159ilnou. S raz\u00edtky se pohodln\u011b pracuje, d\u00edky pr\u016fhlednosti materi\u00e1lu p\u0159esn\u011b vid\u00edte, kam raz\u00edtkujete. Rozm\u011br archu 10,5 x 21 cm. 20 ks.<\/p>\n","protected":false},"excerpt":{"rendered":"<p>Sada gelov\u00fdch raz\u00edtek s anglick\u00fdmi n\u00e1pisy vhodn\u00fdmi k um\u00edst\u011bn\u00ed na p\u0159\u00e1n\u00ed\u010dka pro r\u016fzn\u00e9 p\u0159\u00edle\u017eitosti. Gelov\u00e1 raz\u00edtka se pou\u017e\u00edvaj\u00ed s akrylov\u00fdm blokem, na kter\u00fd p\u0159ilnou. S raz\u00edtky se pohodln\u011b pracuje, d\u00edky [&hellip;]<\/p>\n","protected":false},"featured_media":0,"comment_status":"closed","ping_status":"open","template":"","meta":{"_acf_changed":false,"_monsterinsights_skip_tracking":false,"_monsterinsights_sitenote_active":false,"_monsterinsights_sitenote_note":"","_monsterinsights_sitenote_category":0,"_EventAllDay":false,"_EventTimezone":"","_EventStartDate":"","_EventEndDate":"","_EventStartDateUTC":"","_EventEndDateUTC":"","_EventShowMap":false,"_EventShowMapLink":false,"_EventURL":"","_EventCost":"","_EventCostDescription":"","_EventCurrencySymbol":"","_EventCurrencyCode":"","_EventCurrencyPosition":"","_EventDateTimeSeparator":"","_EventTimeRangeSeparator":"","_EventOrganizerID":[],"_EventVenueID":[],"_OrganizerEmail":"","_OrganizerPhone":"","_OrganizerWebsite":"","_VenueAddress":"","_VenueCity":"","_VenueCountry":"","_VenueProvince":"","_VenueState":"","_VenueZip":"","_VenuePhone":"","_VenueURL":"","_VenueStateProvince":"","_VenueLat":"","_VenueLng":"","_VenueShowMap":false,"_VenueShowMapLink":false,"twitterCardType":"","cardImageID":0,"cardImage":"","cardTitle":"","cardDesc":"","cardImageAlt":"","cardPlayer":"","cardPlayerWidth":0,"cardPlayerHeight":0,"cardPlayerStream":"","cardPlayerCodec":""},"product_cat":[],"product_tag":[],"class_list":["post-172134","product","type-product","status-publish","hentry"],"acf":{"description":"Sada gelov\u00fdch raz\u00edtek s anglick\u00fdmi n\u00e1pisy vhodn\u00fdmi k um\u00edst\u011bn\u00ed na p\u0159\u00e1n\u00ed\u010dka pro r\u016fzn\u00e9 p\u0159\u00edle\u017eitosti. Gelov\u00e1 raz\u00edtka se pou\u017e\u00edvaj\u00ed s akrylov\u00fdm blokem, na kter\u00fd p\u0159ilnou. S raz\u00edtky se pohodln\u011b pracuje, d\u00edky pr\u016fhlednosti materi\u00e1lu p\u0159esn\u011b vid\u00edte, kam raz\u00edtkujete. Rozm\u011br archu 10,5 x 21 cm. 20 ks.","item_id":"LX1934401","productname":"Gelov\u00e1 raz\u00edtka Studio Light, kolekce JMA (20 ks) \u2013 n\u00e1pisy na p\u0159\u00e1n\u00ed","product":"Gelov\u00e1 raz\u00edtka Studio Light, kolekce JMA (20 ks) \u2013 n\u00e1pisy na p\u0159\u00e1n\u00ed","url":"https:\/\/www.luxor.cz\/v\/1934401\/gelova-razitka-studio-light-kolekce-jma20-ks-napisy-na-prani","imgurl":"https:\/\/img.luxor.cz\/orig\/produkty\/8713943138939.jpg","price_vat":"210.00","margin":"","vat":"","paramname1":"","paramval1":"","paramname2":"","paramval2":"","paramname3":"","paramval3":"","paramname4":"","paramval4":"","paramname5":"","paramval5":"","paramname6":"","paramval6":"","paramname7":"","paramval7":"","paramname8":"","paramval8":"","paramname9":"","paramval9":"","paramname10":"","paramval10":"","ean":"8713943138939","manufacturer":"Studio Light","categorytext":""},"_links":{"self":[{"href":"https:\/\/www.luxor.cz\/blog\/wp-json\/wp\/v2\/product\/172134","targetHints":{"allow":["GET"]}}],"collection":[{"href":"https:\/\/www.luxor.cz\/blog\/wp-json\/wp\/v2\/product"}],"about":[{"href":"https:\/\/www.luxor.cz\/blog\/wp-json\/wp\/v2\/types\/product"}],"replies":[{"embeddable":true,"href":"https:\/\/www.luxor.cz\/blog\/wp-json\/wp\/v2\/comments?post=172134"}],"wp:attachment":[{"href":"https:\/\/www.luxor.cz\/blog\/wp-json\/wp\/v2\/media?parent=172134"}],"wp:term":[{"taxonomy":"product_cat","embeddable":true,"href":"https:\/\/www.luxor.cz\/blog\/wp-json\/wp\/v2\/product_cat?post=172134"},{"taxonomy":"product_tag","embeddable":true,"href":"https:\/\/www.luxor.cz\/blog\/wp-json\/wp\/v2\/product_tag?post=172134"}],"curies":[{"name":"wp","href":"https:\/\/api.w.org\/{rel}","templated":true}]}}