{"id":171627,"date":"2023-08-15T22:47:43","date_gmt":"2023-08-15T20:47:43","guid":{"rendered":"https:\/\/www.luxor.cz\/blog\/produkt\/prani-g043-bug-art\/"},"modified":"2023-08-15T22:47:43","modified_gmt":"2023-08-15T20:47:43","slug":"prani-g043-bug-art","status":"publish","type":"product","link":"https:\/\/www.luxor.cz\/blog\/produkt\/prani-g043-bug-art\/","title":{"rendered":"P\u0159\u00e1n\u00ed G043 BUG ART"},"content":{"rendered":"<p>Produkt &#8222;P\u0159\u00e1n\u00ed G043  BUG ART&#8220; spad\u00e1 do \u017e\u00e1nru Pap\u00edrnictv\u00ed a \u0161koln\u00ed pot\u0159eby. Jedn\u00e1 se o po\u010din nakladatelstv\u00ed &#8222;Bug Art&#8220;.<\/p>\n","protected":false},"excerpt":{"rendered":"<p>Produkt &#8222;P\u0159\u00e1n\u00ed G043 BUG ART&#8220; spad\u00e1 do \u017e\u00e1nru Pap\u00edrnictv\u00ed a \u0161koln\u00ed pot\u0159eby. Jedn\u00e1 se o po\u010din nakladatelstv\u00ed &#8222;Bug Art&#8220;.<\/p>\n","protected":false},"featured_media":0,"comment_status":"closed","ping_status":"open","template":"","meta":{"_acf_changed":false,"_monsterinsights_skip_tracking":false,"_monsterinsights_sitenote_active":false,"_monsterinsights_sitenote_note":"","_monsterinsights_sitenote_category":0,"_EventAllDay":false,"_EventTimezone":"","_EventStartDate":"","_EventEndDate":"","_EventStartDateUTC":"","_EventEndDateUTC":"","_EventShowMap":false,"_EventShowMapLink":false,"_EventURL":"","_EventCost":"","_EventCostDescription":"","_EventCurrencySymbol":"","_EventCurrencyCode":"","_EventCurrencyPosition":"","_EventDateTimeSeparator":"","_EventTimeRangeSeparator":"","_EventOrganizerID":[],"_EventVenueID":[],"_OrganizerEmail":"","_OrganizerPhone":"","_OrganizerWebsite":"","_VenueAddress":"","_VenueCity":"","_VenueCountry":"","_VenueProvince":"","_VenueState":"","_VenueZip":"","_VenuePhone":"","_VenueURL":"","_VenueStateProvince":"","_VenueLat":"","_VenueLng":"","_VenueShowMap":false,"_VenueShowMapLink":false,"twitterCardType":"","cardImageID":0,"cardImage":"","cardTitle":"","cardDesc":"","cardImageAlt":"","cardPlayer":"","cardPlayerWidth":0,"cardPlayerHeight":0,"cardPlayerStream":"","cardPlayerCodec":""},"product_cat":[],"product_tag":[],"class_list":["post-171627","product","type-product","status-publish","hentry"],"acf":{"description":"Produkt \"P\u0159\u00e1n\u00ed G043  BUG ART\" spad\u00e1 do \u017e\u00e1nru Pap\u00edrnictv\u00ed a \u0161koln\u00ed pot\u0159eby. Jedn\u00e1 se o po\u010din nakladatelstv\u00ed \"Bug Art\".","item_id":"LX1933146","productname":"P\u0159\u00e1n\u00ed G043 BUG ART","product":"P\u0159\u00e1n\u00ed G043 BUG ART","url":"https:\/\/www.luxor.cz\/v\/1933146\/prani-g043-bug-art","imgurl":"https:\/\/img.luxor.cz\/orig\/produkty\/5033678640433.jpg","price_vat":"75.00","margin":"","vat":"","paramname1":"","paramval1":"","paramname2":"","paramval2":"","paramname3":"","paramval3":"","paramname4":"","paramval4":"","paramname5":"","paramval5":"","paramname6":"","paramval6":"","paramname7":"","paramval7":"","paramname8":"","paramval8":"","paramname9":"","paramval9":"","paramname10":"","paramval10":"","ean":"5033678640433","manufacturer":"Bug Art","categorytext":""},"_links":{"self":[{"href":"https:\/\/www.luxor.cz\/blog\/wp-json\/wp\/v2\/product\/171627","targetHints":{"allow":["GET"]}}],"collection":[{"href":"https:\/\/www.luxor.cz\/blog\/wp-json\/wp\/v2\/product"}],"about":[{"href":"https:\/\/www.luxor.cz\/blog\/wp-json\/wp\/v2\/types\/product"}],"replies":[{"embeddable":true,"href":"https:\/\/www.luxor.cz\/blog\/wp-json\/wp\/v2\/comments?post=171627"}],"wp:attachment":[{"href":"https:\/\/www.luxor.cz\/blog\/wp-json\/wp\/v2\/media?parent=171627"}],"wp:term":[{"taxonomy":"product_cat","embeddable":true,"href":"https:\/\/www.luxor.cz\/blog\/wp-json\/wp\/v2\/product_cat?post=171627"},{"taxonomy":"product_tag","embeddable":true,"href":"https:\/\/www.luxor.cz\/blog\/wp-json\/wp\/v2\/product_tag?post=171627"}],"curies":[{"name":"wp","href":"https:\/\/api.w.org\/{rel}","templated":true}]}}