{"id":171306,"date":"2023-08-15T22:28:22","date_gmt":"2023-08-15T20:28:22","guid":{"rendered":"https:\/\/www.luxor.cz\/blog\/produkt\/ziva-kniha-zvuky-zvirat-okenka-s-prekvapenim\/"},"modified":"2023-08-15T22:28:23","modified_gmt":"2023-08-15T20:28:23","slug":"ziva-kniha-zvuky-zvirat-okenka-s-prekvapenim","status":"publish","type":"product","link":"https:\/\/www.luxor.cz\/blog\/produkt\/ziva-kniha-zvuky-zvirat-okenka-s-prekvapenim\/","title":{"rendered":"\u017div\u00e1 kniha &#8211; Zvuky zv\u00ed\u0159at, ok\u00e9nka s p\u0159ekvapen\u00edm"},"content":{"rendered":"<p>P\u0159ed tebou je opravdov\u00e1 \u017eiv\u00e1 kn\u00ed\u017eka! Na jej\u00edch str\u00e1nk\u00e1ch hroziv\u011b \u0159ve lev, \u0161t\u011bbetaj\u00ed lesn\u00ed pt\u00e1ci, na louce bzu\u010d\u00ed v\u010dely, k\u0159i\u010d\u00ed mo\u0159\u0161t\u00ed rackov\u00e9\u2026 V kn\u00ed\u017ece tak\u00e9 najde\u0161 mnoho ok\u00e9nek s p\u0159ekvapen\u00edm. Pod\u00edvej se do nich a dozv\u00ed\u0161 se, kam se zv\u00ed\u0159ata schov\u00e1vaj\u00ed, jak vypadaj\u00ed jejich dome\u010dky, a dokonce se bude\u0161 moci pod\u00edvat, co se d\u011bje na dn\u011b oce\u00e1nu!<\/p>\n","protected":false},"excerpt":{"rendered":"<p>P\u0159ed tebou je opravdov\u00e1 \u017eiv\u00e1 kn\u00ed\u017eka! Na jej\u00edch str\u00e1nk\u00e1ch hroziv\u011b \u0159ve lev, \u0161t\u011bbetaj\u00ed lesn\u00ed pt\u00e1ci, na louce bzu\u010d\u00ed v\u010dely, k\u0159i\u010d\u00ed mo\u0159\u0161t\u00ed rackov\u00e9\u2026 V kn\u00ed\u017ece tak\u00e9 najde\u0161 mnoho ok\u00e9nek s p\u0159ekvapen\u00edm. [&hellip;]<\/p>\n","protected":false},"featured_media":0,"comment_status":"closed","ping_status":"open","template":"","meta":{"_acf_changed":false,"_monsterinsights_skip_tracking":false,"_monsterinsights_sitenote_active":false,"_monsterinsights_sitenote_note":"","_monsterinsights_sitenote_category":0,"_EventAllDay":false,"_EventTimezone":"","_EventStartDate":"","_EventEndDate":"","_EventStartDateUTC":"","_EventEndDateUTC":"","_EventShowMap":false,"_EventShowMapLink":false,"_EventURL":"","_EventCost":"","_EventCostDescription":"","_EventCurrencySymbol":"","_EventCurrencyCode":"","_EventCurrencyPosition":"","_EventDateTimeSeparator":"","_EventTimeRangeSeparator":"","_EventOrganizerID":[],"_EventVenueID":[],"_OrganizerEmail":"","_OrganizerPhone":"","_OrganizerWebsite":"","_VenueAddress":"","_VenueCity":"","_VenueCountry":"","_VenueProvince":"","_VenueState":"","_VenueZip":"","_VenuePhone":"","_VenueURL":"","_VenueStateProvince":"","_VenueLat":"","_VenueLng":"","_VenueShowMap":false,"_VenueShowMapLink":false,"twitterCardType":"","cardImageID":0,"cardImage":"","cardTitle":"","cardDesc":"","cardImageAlt":"","cardPlayer":"","cardPlayerWidth":0,"cardPlayerHeight":0,"cardPlayerStream":"","cardPlayerCodec":""},"product_cat":[],"product_tag":[],"class_list":["post-171306","product","type-product","status-publish","hentry"],"acf":{"description":"P\u0159ed tebou je opravdov\u00e1 \u017eiv\u00e1 kn\u00ed\u017eka! Na jej\u00edch str\u00e1nk\u00e1ch hroziv\u011b \u0159ve lev, \u0161t\u011bbetaj\u00ed lesn\u00ed pt\u00e1ci, na louce bzu\u010d\u00ed v\u010dely, k\u0159i\u010d\u00ed mo\u0159\u0161t\u00ed rackov\u00e9\u2026 V kn\u00ed\u017ece tak\u00e9 najde\u0161 mnoho ok\u00e9nek s p\u0159ekvapen\u00edm. Pod\u00edvej se do nich a dozv\u00ed\u0161 se, kam se zv\u00ed\u0159ata schov\u00e1vaj\u00ed, jak vypadaj\u00ed jejich dome\u010dky, a dokonce se bude\u0161 moci pod\u00edvat, co se d\u011bje na dn\u011b oce\u00e1nu!","item_id":"LX1932640","productname":"\u017div\u00e1 kniha - Zvuky zv\u00ed\u0159at, ok\u00e9nka s p\u0159ekvapen\u00edm","product":"\u017div\u00e1 kniha - Zvuky zv\u00ed\u0159at, ok\u00e9nka s p\u0159ekvapen\u00edm","url":"https:\/\/www.luxor.cz\/v\/1932640\/ziva-kniha-zvuky-zvirat-okenka-s-prekvapenim","imgurl":"https:\/\/img.luxor.cz\/orig\/produkty\/9788075478603.jpg","price_vat":"447.00","margin":"","vat":"","paramname1":"","paramval1":"","paramname2":"","paramval2":"","paramname3":"","paramval3":"","paramname4":"","paramval4":"","paramname5":"","paramval5":"","paramname6":"","paramval6":"","paramname7":"","paramval7":"","paramname8":"","paramval8":"","paramname9":"","paramval9":"","paramname10":"","paramval10":"","ean":"9788075478603","manufacturer":"Infoa","categorytext":""},"_links":{"self":[{"href":"https:\/\/www.luxor.cz\/blog\/wp-json\/wp\/v2\/product\/171306","targetHints":{"allow":["GET"]}}],"collection":[{"href":"https:\/\/www.luxor.cz\/blog\/wp-json\/wp\/v2\/product"}],"about":[{"href":"https:\/\/www.luxor.cz\/blog\/wp-json\/wp\/v2\/types\/product"}],"replies":[{"embeddable":true,"href":"https:\/\/www.luxor.cz\/blog\/wp-json\/wp\/v2\/comments?post=171306"}],"wp:attachment":[{"href":"https:\/\/www.luxor.cz\/blog\/wp-json\/wp\/v2\/media?parent=171306"}],"wp:term":[{"taxonomy":"product_cat","embeddable":true,"href":"https:\/\/www.luxor.cz\/blog\/wp-json\/wp\/v2\/product_cat?post=171306"},{"taxonomy":"product_tag","embeddable":true,"href":"https:\/\/www.luxor.cz\/blog\/wp-json\/wp\/v2\/product_tag?post=171306"}],"curies":[{"name":"wp","href":"https:\/\/api.w.org\/{rel}","templated":true}]}}