{"id":167526,"date":"2023-08-15T13:09:01","date_gmt":"2023-08-15T11:09:01","guid":{"rendered":"https:\/\/www.luxor.cz\/blog\/produkt\/beskydy-sever-125-000-97-turisticke-mapy-pro-kazdeho\/"},"modified":"2023-08-15T13:09:03","modified_gmt":"2023-08-15T11:09:03","slug":"beskydy-sever-125-000-97-turisticke-mapy-pro-kazdeho","status":"publish","type":"product","link":"https:\/\/www.luxor.cz\/blog\/produkt\/beskydy-sever-125-000-97-turisticke-mapy-pro-kazdeho\/","title":{"rendered":"Beskydy &#8211; sever 1:25 000 \/ 97 Turistick\u00e9 mapy pro ka\u017ed\u00e9ho"},"content":{"rendered":"<p>\u010celadn\u00e1 &#8211; Fr\u00fddlant nad Ostravic\u00ed &#8211; Jablunkov &#8211; Mor\u00e1vka &#8211; Mosty u Jablunkova &#8211; Ostravice &#8211; \u0158eka &#8211; Visalaje<br \/>\nTuristick\u00e1 a cykloturistick\u00e1 mapa. Zimn\u00ed turistick\u00e1 nadstavba.<br \/>\nPodrobn\u00e1 mapa v m\u011b\u0159\u00edtku 1:25 000, 1 cm na map\u011b = 250 m ve skute\u010dnosti.<br \/>\nVyd\u00e1n\u00ed kv\u011bten 2017<br \/>\nV\u0161eobecn\u00e1 charakteristika map od Geod\u00e9zie On Line, spol. s r.o.<br \/>\n> Podrobn\u00e1 mapa zobrazuje z\u00e1kladn\u00ed polohopisn\u00e9 a v\u00fd\u0161kopisn\u00e9 informace nap\u0159. silnice, zpevn\u011bn\u00e9 a nezpevn\u011bn\u00e9 cesty,\u017eeleznici, s\u00eddla a jejich \u010d\u00e1sti v\u010detn\u011b osad a samot, vodn\u00ed plochy a toky, ostatn\u00ed plochy (nap\u0159. lesy, zahrady a sady, vinice, chmelnice), v\u00fd\u0161kov\u00e9 k\u00f3ty, vrstevnice po 10 m, &#8230;<br \/>\n> Obsahuje p\u00e1sov\u00e9 a m\u00edstn\u00ed turistick\u00e9 zna\u010den\u00ed, turistick\u00e9 sm\u011brovn\u00edky, kilometr\u00e1\u017e; cykloturistick\u00e9 trasy; nau\u010dn\u00e9 stezky; turistick\u00e9 ly\u017ea\u0159sk\u00e9 trasy, sjezdov\u00e9 trat\u011b, lanovky a vleky (jsou-li v zobrazovan\u00e9m \u00fazem\u00ed); jezdeck\u00e9 trasy a samoz\u0159ejm\u011b zobrazuje pro turisty atraktivn\u00ed m\u00edsta &#8211; hrady a z\u00e1mky, rozhledny a m\u00edsta rozhledu, z\u0159\u00edceniny a jin\u00e9 pam\u00e1tky, muzea a galerie, koupali\u0161t\u011b, vybran\u00e9 restaurace a ubytovac\u00ed za\u0159\u00edzen\u00ed,&#8230;<br \/>\n> Mapu dod\u00e1v\u00e1me slo\u017eenou v praktick\u00e9m plastov\u00e9m obalu.<\/p>\n","protected":false},"excerpt":{"rendered":"<p>\u010celadn\u00e1 &#8211; Fr\u00fddlant nad Ostravic\u00ed &#8211; Jablunkov &#8211; Mor\u00e1vka &#8211; Mosty u Jablunkova &#8211; Ostravice &#8211; \u0158eka &#8211; Visalaje Turistick\u00e1 a cykloturistick\u00e1 mapa. Zimn\u00ed turistick\u00e1 nadstavba. Podrobn\u00e1 mapa v m\u011b\u0159\u00edtku [&hellip;]<\/p>\n","protected":false},"featured_media":0,"comment_status":"closed","ping_status":"open","template":"","meta":{"_acf_changed":false,"_monsterinsights_skip_tracking":false,"_monsterinsights_sitenote_active":false,"_monsterinsights_sitenote_note":"","_monsterinsights_sitenote_category":0,"_EventAllDay":false,"_EventTimezone":"","_EventStartDate":"","_EventEndDate":"","_EventStartDateUTC":"","_EventEndDateUTC":"","_EventShowMap":false,"_EventShowMapLink":false,"_EventURL":"","_EventCost":"","_EventCostDescription":"","_EventCurrencySymbol":"","_EventCurrencyCode":"","_EventCurrencyPosition":"","_EventDateTimeSeparator":"","_EventTimeRangeSeparator":"","_EventOrganizerID":[],"_EventVenueID":[],"_OrganizerEmail":"","_OrganizerPhone":"","_OrganizerWebsite":"","_VenueAddress":"","_VenueCity":"","_VenueCountry":"","_VenueProvince":"","_VenueState":"","_VenueZip":"","_VenuePhone":"","_VenueURL":"","_VenueStateProvince":"","_VenueLat":"","_VenueLng":"","_VenueShowMap":false,"_VenueShowMapLink":false,"twitterCardType":"","cardImageID":0,"cardImage":"","cardTitle":"","cardDesc":"","cardImageAlt":"","cardPlayer":"","cardPlayerWidth":0,"cardPlayerHeight":0,"cardPlayerStream":"","cardPlayerCodec":""},"product_cat":[],"product_tag":[],"class_list":["post-167526","product","type-product","status-publish","hentry"],"acf":{"description":"\u010celadn\u00e1 - Fr\u00fddlant nad Ostravic\u00ed - Jablunkov - Mor\u00e1vka - Mosty u Jablunkova - Ostravice - \u0158eka - Visalaje\nTuristick\u00e1 a cykloturistick\u00e1 mapa. Zimn\u00ed turistick\u00e1 nadstavba.\nPodrobn\u00e1 mapa v m\u011b\u0159\u00edtku 1:25 000, 1 cm na map\u011b = 250 m ve skute\u010dnosti. \nVyd\u00e1n\u00ed kv\u011bten 2017\nV\u0161eobecn\u00e1 charakteristika map od Geod\u00e9zie On Line, spol. s r.o.\n> Podrobn\u00e1 mapa zobrazuje z\u00e1kladn\u00ed polohopisn\u00e9 a v\u00fd\u0161kopisn\u00e9 informace nap\u0159. silnice, zpevn\u011bn\u00e9 a nezpevn\u011bn\u00e9 cesty,\u017eeleznici, s\u00eddla a jejich \u010d\u00e1sti v\u010detn\u011b osad a samot, vodn\u00ed plochy a toky, ostatn\u00ed plochy (nap\u0159. lesy, zahrady a sady, vinice, chmelnice), v\u00fd\u0161kov\u00e9 k\u00f3ty, vrstevnice po 10 m, ...\n> Obsahuje p\u00e1sov\u00e9 a m\u00edstn\u00ed turistick\u00e9 zna\u010den\u00ed, turistick\u00e9 sm\u011brovn\u00edky, kilometr\u00e1\u017e; cykloturistick\u00e9 trasy; nau\u010dn\u00e9 stezky; turistick\u00e9 ly\u017ea\u0159sk\u00e9 trasy, sjezdov\u00e9 trat\u011b, lanovky a vleky (jsou-li v zobrazovan\u00e9m \u00fazem\u00ed); jezdeck\u00e9 trasy a samoz\u0159ejm\u011b zobrazuje pro turisty atraktivn\u00ed m\u00edsta - hrady a z\u00e1mky, rozhledny a m\u00edsta rozhledu, z\u0159\u00edceniny a jin\u00e9 pam\u00e1tky, muzea a galerie, koupali\u0161t\u011b, vybran\u00e9 restaurace a ubytovac\u00ed za\u0159\u00edzen\u00ed,...\n> Mapu dod\u00e1v\u00e1me slo\u017eenou v praktick\u00e9m plastov\u00e9m obalu.","item_id":"LX1926533","productname":"Beskydy - sever 1:25 000 \/ 97 Turistick\u00e9 mapy pro ka\u017ed\u00e9ho","product":"Beskydy - sever 1:25 000 \/ 97 Turistick\u00e9 mapy pro ka\u017ed\u00e9ho","url":"https:\/\/www.luxor.cz\/v\/1926533\/beskydy-sever-125-000-97-turisticke-mapy-pro-kazdeho","imgurl":"https:\/\/img.luxor.cz\/orig\/produkty\/9788075060860.jpg","price_vat":"129.00","margin":"","vat":"","paramname1":"","paramval1":"","paramname2":"","paramval2":"","paramname3":"","paramval3":"","paramname4":"","paramval4":"","paramname5":"","paramval5":"","paramname6":"","paramval6":"","paramname7":"","paramval7":"","paramname8":"","paramval8":"","paramname9":"","paramval9":"","paramname10":"","paramval10":"","ean":"9788075060860","manufacturer":"Geod\u00e9zie On Line","categorytext":""},"_links":{"self":[{"href":"https:\/\/www.luxor.cz\/blog\/wp-json\/wp\/v2\/product\/167526","targetHints":{"allow":["GET"]}}],"collection":[{"href":"https:\/\/www.luxor.cz\/blog\/wp-json\/wp\/v2\/product"}],"about":[{"href":"https:\/\/www.luxor.cz\/blog\/wp-json\/wp\/v2\/types\/product"}],"replies":[{"embeddable":true,"href":"https:\/\/www.luxor.cz\/blog\/wp-json\/wp\/v2\/comments?post=167526"}],"wp:attachment":[{"href":"https:\/\/www.luxor.cz\/blog\/wp-json\/wp\/v2\/media?parent=167526"}],"wp:term":[{"taxonomy":"product_cat","embeddable":true,"href":"https:\/\/www.luxor.cz\/blog\/wp-json\/wp\/v2\/product_cat?post=167526"},{"taxonomy":"product_tag","embeddable":true,"href":"https:\/\/www.luxor.cz\/blog\/wp-json\/wp\/v2\/product_tag?post=167526"}],"curies":[{"name":"wp","href":"https:\/\/api.w.org\/{rel}","templated":true}]}}