{"id":167163,"date":"2023-08-15T13:02:02","date_gmt":"2023-08-15T11:02:02","guid":{"rendered":"https:\/\/www.luxor.cz\/blog\/produkt\/harry-potter-viteal-prsten-rojvola-gaunta-replika\/"},"modified":"2023-08-15T13:02:05","modified_gmt":"2023-08-15T11:02:05","slug":"harry-potter-viteal-prsten-rojvola-gaunta-replika","status":"publish","type":"product","link":"https:\/\/www.luxor.cz\/blog\/produkt\/harry-potter-viteal-prsten-rojvola-gaunta-replika\/","title":{"rendered":"Harry Potter Vite\u00e1l prsten Rojvola Gaunta &#8211; replika"},"content":{"rendered":"<p>Pozlacen\u00e1 replika prstenu, jednoho z vite\u00e1l\u016f. Jedn\u00e1 se o vz\u00e1cn\u00fd magick\u00fd p\u0159edm\u011btu, je\u017e byl osazen &#8222;kamenem vzk\u0159\u00ed\u0161en\u00ed&#8220; &#8211; jednou z Relikvi\u00ed smrti. Prsten  je autentickou replikou, zn\u00e1te ho z filmu Harry Potter a Relikvie smrti. Je vyroben\u00fd z nerezov\u00e9 oceli a je pozlacen. Sou\u010d\u00e1st\u00ed balen\u00ed je dekorativn\u00ed d\u0159ev\u011bn\u00e1 krabi\u010dka se zrc\u00e1tkem. Velikost krabi\u010dky je 13 x 11,3 x 5 cm, prsten m\u00e1 rozm\u011bry 3,8 x 2,6 cm, vnit\u0159n\u00ed pr\u016fm\u011br je cca 1,8 cm. Ofici\u00e1ln\u011b licencov\u00e1no.<\/p>\n","protected":false},"excerpt":{"rendered":"<p>Pozlacen\u00e1 replika prstenu, jednoho z vite\u00e1l\u016f. Jedn\u00e1 se o vz\u00e1cn\u00fd magick\u00fd p\u0159edm\u011btu, je\u017e byl osazen &#8222;kamenem vzk\u0159\u00ed\u0161en\u00ed&#8220; &#8211; jednou z Relikvi\u00ed smrti. Prsten je autentickou replikou, zn\u00e1te ho z filmu [&hellip;]<\/p>\n","protected":false},"featured_media":0,"comment_status":"closed","ping_status":"open","template":"","meta":{"_acf_changed":false,"_monsterinsights_skip_tracking":false,"_monsterinsights_sitenote_active":false,"_monsterinsights_sitenote_note":"","_monsterinsights_sitenote_category":0,"_EventAllDay":false,"_EventTimezone":"","_EventStartDate":"","_EventEndDate":"","_EventStartDateUTC":"","_EventEndDateUTC":"","_EventShowMap":false,"_EventShowMapLink":false,"_EventURL":"","_EventCost":"","_EventCostDescription":"","_EventCurrencySymbol":"","_EventCurrencyCode":"","_EventCurrencyPosition":"","_EventDateTimeSeparator":"","_EventTimeRangeSeparator":"","_EventOrganizerID":[],"_EventVenueID":[],"_OrganizerEmail":"","_OrganizerPhone":"","_OrganizerWebsite":"","_VenueAddress":"","_VenueCity":"","_VenueCountry":"","_VenueProvince":"","_VenueState":"","_VenueZip":"","_VenuePhone":"","_VenueURL":"","_VenueStateProvince":"","_VenueLat":"","_VenueLng":"","_VenueShowMap":false,"_VenueShowMapLink":false,"twitterCardType":"","cardImageID":0,"cardImage":"","cardTitle":"","cardDesc":"","cardImageAlt":"","cardPlayer":"","cardPlayerWidth":0,"cardPlayerHeight":0,"cardPlayerStream":"","cardPlayerCodec":""},"product_cat":[],"product_tag":[],"class_list":["post-167163","product","type-product","status-publish","hentry"],"acf":{"description":"Pozlacen\u00e1 replika prstenu, jednoho z vite\u00e1l\u016f. Jedn\u00e1 se o vz\u00e1cn\u00fd magick\u00fd p\u0159edm\u011btu, je\u017e byl osazen \"kamenem vzk\u0159\u00ed\u0161en\u00ed\" - jednou z Relikvi\u00ed smrti. Prsten  je autentickou replikou, zn\u00e1te ho z filmu Harry Potter a Relikvie smrti. Je vyroben\u00fd z nerezov\u00e9 oceli a je pozlacen. Sou\u010d\u00e1st\u00ed balen\u00ed je dekorativn\u00ed d\u0159ev\u011bn\u00e1 krabi\u010dka se zrc\u00e1tkem. Velikost krabi\u010dky je 13 x 11,3 x 5 cm, prsten m\u00e1 rozm\u011bry 3,8 x 2,6 cm, vnit\u0159n\u00ed pr\u016fm\u011br je cca 1,8 cm. Ofici\u00e1ln\u011b licencov\u00e1no.","item_id":"LX1926105","productname":"Harry Potter Vite\u00e1l prsten Rojvola Gaunta - replika","product":"Harry Potter Vite\u00e1l prsten Rojvola Gaunta - replika","url":"https:\/\/www.luxor.cz\/v\/1926105\/harry-potter-viteal-prsten-rojvola-gaunta-replika","imgurl":"https:\/\/img.luxor.cz\/orig\/produkty\/812370013326.jpg","price_vat":"1399.00","margin":"","vat":"","paramname1":"","paramval1":"","paramname2":"","paramval2":"","paramname3":"","paramval3":"","paramname4":"","paramval4":"","paramname5":"","paramval5":"","paramname6":"","paramval6":"","paramname7":"","paramval7":"","paramname8":"","paramval8":"","paramname9":"","paramval9":"","paramname10":"","paramval10":"","ean":"812370013326","manufacturer":"Noble Collection","categorytext":""},"_links":{"self":[{"href":"https:\/\/www.luxor.cz\/blog\/wp-json\/wp\/v2\/product\/167163","targetHints":{"allow":["GET"]}}],"collection":[{"href":"https:\/\/www.luxor.cz\/blog\/wp-json\/wp\/v2\/product"}],"about":[{"href":"https:\/\/www.luxor.cz\/blog\/wp-json\/wp\/v2\/types\/product"}],"replies":[{"embeddable":true,"href":"https:\/\/www.luxor.cz\/blog\/wp-json\/wp\/v2\/comments?post=167163"}],"wp:attachment":[{"href":"https:\/\/www.luxor.cz\/blog\/wp-json\/wp\/v2\/media?parent=167163"}],"wp:term":[{"taxonomy":"product_cat","embeddable":true,"href":"https:\/\/www.luxor.cz\/blog\/wp-json\/wp\/v2\/product_cat?post=167163"},{"taxonomy":"product_tag","embeddable":true,"href":"https:\/\/www.luxor.cz\/blog\/wp-json\/wp\/v2\/product_tag?post=167163"}],"curies":[{"name":"wp","href":"https:\/\/api.w.org\/{rel}","templated":true}]}}