{"id":166455,"date":"2023-08-15T12:44:47","date_gmt":"2023-08-15T10:44:47","guid":{"rendered":"https:\/\/www.luxor.cz\/blog\/produkt\/pilot-pl-pero-custom-823-cerna-transparent-hrot-f\/"},"modified":"2023-08-15T12:44:48","modified_gmt":"2023-08-15T10:44:48","slug":"pilot-pl-pero-custom-823-cerna-transparent-hrot-f","status":"publish","type":"product","link":"https:\/\/www.luxor.cz\/blog\/produkt\/pilot-pl-pero-custom-823-cerna-transparent-hrot-f\/","title":{"rendered":"Pilot pl.pero CUSTOM 823, \u010dern\u00e1 transparent, hrot F"},"content":{"rendered":"<p>Custom 823 je dal\u0161\u00ed novinkou v \u0159ad\u011b Custom. T\u011blo pera je vytvo\u0159en\u00e9 z pr\u00e9miov\u00e9 prysky\u0159ice a je vybaveno p\u00edstov\u00fdm plnic\u00edm syst\u00e9mem. Transparentn\u00ed t\u011blo vynikne nejl\u00e9pe v kombinaci s barevn\u00fdmi inkousty iroshizuku.<\/p>\n","protected":false},"excerpt":{"rendered":"<p>Custom 823 je dal\u0161\u00ed novinkou v \u0159ad\u011b Custom. T\u011blo pera je vytvo\u0159en\u00e9 z pr\u00e9miov\u00e9 prysky\u0159ice a je vybaveno p\u00edstov\u00fdm plnic\u00edm syst\u00e9mem. Transparentn\u00ed t\u011blo vynikne nejl\u00e9pe v kombinaci s barevn\u00fdmi inkousty [&hellip;]<\/p>\n","protected":false},"featured_media":0,"comment_status":"closed","ping_status":"open","template":"","meta":{"_acf_changed":false,"_monsterinsights_skip_tracking":false,"_monsterinsights_sitenote_active":false,"_monsterinsights_sitenote_note":"","_monsterinsights_sitenote_category":0,"_EventAllDay":false,"_EventTimezone":"","_EventStartDate":"","_EventEndDate":"","_EventStartDateUTC":"","_EventEndDateUTC":"","_EventShowMap":false,"_EventShowMapLink":false,"_EventURL":"","_EventCost":"","_EventCostDescription":"","_EventCurrencySymbol":"","_EventCurrencyCode":"","_EventCurrencyPosition":"","_EventDateTimeSeparator":"","_EventTimeRangeSeparator":"","_EventOrganizerID":[],"_EventVenueID":[],"_OrganizerEmail":"","_OrganizerPhone":"","_OrganizerWebsite":"","_VenueAddress":"","_VenueCity":"","_VenueCountry":"","_VenueProvince":"","_VenueState":"","_VenueZip":"","_VenuePhone":"","_VenueURL":"","_VenueStateProvince":"","_VenueLat":"","_VenueLng":"","_VenueShowMap":false,"_VenueShowMapLink":false,"twitterCardType":"","cardImageID":0,"cardImage":"","cardTitle":"","cardDesc":"","cardImageAlt":"","cardPlayer":"","cardPlayerWidth":0,"cardPlayerHeight":0,"cardPlayerStream":"","cardPlayerCodec":""},"product_cat":[],"product_tag":[],"class_list":["post-166455","product","type-product","status-publish","hentry"],"acf":{"description":"Custom 823 je dal\u0161\u00ed novinkou v \u0159ad\u011b Custom. T\u011blo pera je vytvo\u0159en\u00e9 z pr\u00e9miov\u00e9 prysky\u0159ice a je vybaveno p\u00edstov\u00fdm plnic\u00edm syst\u00e9mem. Transparentn\u00ed t\u011blo vynikne nejl\u00e9pe v kombinaci s barevn\u00fdmi inkousty iroshizuku.","item_id":"LX1924932","productname":"Pilot pl.pero CUSTOM 823, \u010dern\u00e1 transparent, hrot F","product":"Pilot pl.pero CUSTOM 823, \u010dern\u00e1 transparent, hrot F","url":"https:\/\/www.luxor.cz\/v\/1924932\/pilot-plpero-custom-823-cerna-transparent-hrot-f","imgurl":"https:\/\/img.luxor.cz\/orig\/produkty\/3131910548294.jpg","price_vat":"9530.00","margin":"","vat":"","paramname1":"","paramval1":"","paramname2":"","paramval2":"","paramname3":"","paramval3":"","paramname4":"","paramval4":"","paramname5":"","paramval5":"","paramname6":"","paramval6":"","paramname7":"","paramval7":"","paramname8":"","paramval8":"","paramname9":"","paramval9":"","paramname10":"","paramval10":"","ean":"3131910548294","manufacturer":"Pilot","categorytext":""},"_links":{"self":[{"href":"https:\/\/www.luxor.cz\/blog\/wp-json\/wp\/v2\/product\/166455","targetHints":{"allow":["GET"]}}],"collection":[{"href":"https:\/\/www.luxor.cz\/blog\/wp-json\/wp\/v2\/product"}],"about":[{"href":"https:\/\/www.luxor.cz\/blog\/wp-json\/wp\/v2\/types\/product"}],"replies":[{"embeddable":true,"href":"https:\/\/www.luxor.cz\/blog\/wp-json\/wp\/v2\/comments?post=166455"}],"wp:attachment":[{"href":"https:\/\/www.luxor.cz\/blog\/wp-json\/wp\/v2\/media?parent=166455"}],"wp:term":[{"taxonomy":"product_cat","embeddable":true,"href":"https:\/\/www.luxor.cz\/blog\/wp-json\/wp\/v2\/product_cat?post=166455"},{"taxonomy":"product_tag","embeddable":true,"href":"https:\/\/www.luxor.cz\/blog\/wp-json\/wp\/v2\/product_tag?post=166455"}],"curies":[{"name":"wp","href":"https:\/\/api.w.org\/{rel}","templated":true}]}}