{"id":165387,"date":"2023-08-15T12:17:28","date_gmt":"2023-08-15T10:17:28","guid":{"rendered":"https:\/\/www.luxor.cz\/blog\/produkt\/slovni-fotbal-karetni-postrehova-hra\/"},"modified":"2023-08-15T12:17:28","modified_gmt":"2023-08-15T10:17:28","slug":"slovni-fotbal-karetni-postrehova-hra","status":"publish","type":"product","link":"https:\/\/www.luxor.cz\/blog\/produkt\/slovni-fotbal-karetni-postrehova-hra\/","title":{"rendered":"Slovn\u00ed fotbal &#8211; karetn\u00ed post\u0159ehov\u00e1 hra"},"content":{"rendered":"<p>karetn\u00ed slovn\u00ed hra<\/p>\n","protected":false},"excerpt":{"rendered":"<p>karetn\u00ed slovn\u00ed hra<\/p>\n","protected":false},"featured_media":0,"comment_status":"closed","ping_status":"open","template":"","meta":{"_acf_changed":false,"_monsterinsights_skip_tracking":false,"_monsterinsights_sitenote_active":false,"_monsterinsights_sitenote_note":"","_monsterinsights_sitenote_category":0,"_EventAllDay":false,"_EventTimezone":"","_EventStartDate":"","_EventEndDate":"","_EventStartDateUTC":"","_EventEndDateUTC":"","_EventShowMap":false,"_EventShowMapLink":false,"_EventURL":"","_EventCost":"","_EventCostDescription":"","_EventCurrencySymbol":"","_EventCurrencyCode":"","_EventCurrencyPosition":"","_EventDateTimeSeparator":"","_EventTimeRangeSeparator":"","_EventOrganizerID":[],"_EventVenueID":[],"_OrganizerEmail":"","_OrganizerPhone":"","_OrganizerWebsite":"","_VenueAddress":"","_VenueCity":"","_VenueCountry":"","_VenueProvince":"","_VenueState":"","_VenueZip":"","_VenuePhone":"","_VenueURL":"","_VenueStateProvince":"","_VenueLat":"","_VenueLng":"","_VenueShowMap":false,"_VenueShowMapLink":false,"twitterCardType":"","cardImageID":0,"cardImage":"","cardTitle":"","cardDesc":"","cardImageAlt":"","cardPlayer":"","cardPlayerWidth":0,"cardPlayerHeight":0,"cardPlayerStream":"","cardPlayerCodec":""},"product_cat":[],"product_tag":[],"class_list":["post-165387","product","type-product","status-publish","hentry"],"acf":{"description":"karetn\u00ed slovn\u00ed hra","item_id":"LX1923700","productname":"Slovn\u00ed fotbal - karetn\u00ed post\u0159ehov\u00e1 hra","product":"Slovn\u00ed fotbal - karetn\u00ed post\u0159ehov\u00e1 hra","url":"https:\/\/www.luxor.cz\/v\/1923700\/slovni-fotbal","imgurl":"https:\/\/img.luxor.cz\/orig\/produkty\/8594184925782.jpg","price_vat":"179.00","margin":"","vat":"","paramname1":"","paramval1":"","paramname2":"","paramval2":"","paramname3":"","paramval3":"","paramname4":"","paramval4":"","paramname5":"","paramval5":"","paramname6":"","paramval6":"","paramname7":"","paramval7":"","paramname8":"","paramval8":"","paramname9":"","paramval9":"","paramname10":"","paramval10":"","ean":"8594184925782","manufacturer":"Infoa","categorytext":""},"_links":{"self":[{"href":"https:\/\/www.luxor.cz\/blog\/wp-json\/wp\/v2\/product\/165387","targetHints":{"allow":["GET"]}}],"collection":[{"href":"https:\/\/www.luxor.cz\/blog\/wp-json\/wp\/v2\/product"}],"about":[{"href":"https:\/\/www.luxor.cz\/blog\/wp-json\/wp\/v2\/types\/product"}],"replies":[{"embeddable":true,"href":"https:\/\/www.luxor.cz\/blog\/wp-json\/wp\/v2\/comments?post=165387"}],"wp:attachment":[{"href":"https:\/\/www.luxor.cz\/blog\/wp-json\/wp\/v2\/media?parent=165387"}],"wp:term":[{"taxonomy":"product_cat","embeddable":true,"href":"https:\/\/www.luxor.cz\/blog\/wp-json\/wp\/v2\/product_cat?post=165387"},{"taxonomy":"product_tag","embeddable":true,"href":"https:\/\/www.luxor.cz\/blog\/wp-json\/wp\/v2\/product_tag?post=165387"}],"curies":[{"name":"wp","href":"https:\/\/api.w.org\/{rel}","templated":true}]}}